{"id":115,"date":"2022-06-01T11:48:53","date_gmt":"2022-06-01T11:48:53","guid":{"rendered":"http:\/\/rioeresma.es\/?page_id=115"},"modified":"2025-07-08T06:34:56","modified_gmt":"2025-07-08T06:34:56","slug":"politica-de-privacidad","status":"publish","type":"page","link":"https:\/\/rioeresma.es\/en\/politica-de-privacidad\/","title":{"rendered":"Privacy Policy"},"content":{"rendered":"<div data-elementor-type=\"wp-page\" data-elementor-id=\"115\" class=\"elementor elementor-115\" data-elementor-post-type=\"page\">\n\t\t\t\t\t\t<section class=\"elementor-section elementor-top-section elementor-element elementor-element-be8b116 elementor-section-boxed elementor-section-height-default elementor-section-height-default\" data-id=\"be8b116\" data-element_type=\"section\" data-settings=\"{&quot;background_background&quot;:&quot;classic&quot;}\">\n\t\t\t\t\t\t<div class=\"elementor-container elementor-column-gap-default\">\n\t\t\t\t\t<div class=\"elementor-column elementor-col-100 elementor-top-column elementor-element elementor-element-b95df2d\" data-id=\"b95df2d\" data-element_type=\"column\">\n\t\t\t<div class=\"elementor-widget-wrap elementor-element-populated\">\n\t\t\t\t\t\t<div class=\"elementor-element elementor-element-008b8b9 elementor-widget elementor-widget-heading\" data-id=\"008b8b9\" data-element_type=\"widget\" data-widget_type=\"heading.default\">\n\t\t\t\t\t<h2 class=\"elementor-heading-title elementor-size-default\">Privacy Policy<\/h2>\t\t\t\t<\/div>\n\t\t\t\t<div class=\"elementor-element elementor-element-f92b3a2 elementor-widget-divider--view-line elementor-widget elementor-widget-divider\" data-id=\"f92b3a2\" data-element_type=\"widget\" data-widget_type=\"divider.default\">\n\t\t\t\t\t\t\t<div class=\"elementor-divider\">\n\t\t\t<span class=\"elementor-divider-separator\">\n\t\t\t\t\t\t<\/span>\n\t\t<\/div>\n\t\t\t\t\t\t<\/div>\n\t\t\t\t<div class=\"elementor-element elementor-element-bb0f259 elementor-widget elementor-widget-text-editor\" data-id=\"bb0f259\" data-element_type=\"widget\" data-widget_type=\"text-editor.default\">\n\t\t\t\t\t\t\t\t\t<p>The purpose of this policy is to inform data subjects about the various processing operations carried out by this organisation through the website and which affect their personal data in accordance with the provisions of Organic Law 3\/2018, of 5 December, on the Protection of Personal Data and the guarantee of digital rights and Regulation (EU) 2016\/679 of the European Parliament and of the Council of 27 April 2016.<\/p>\t\t\t\t\t\t\t\t<\/div>\n\t\t\t\t<div class=\"elementor-element elementor-element-e917405 elementor-widget elementor-widget-heading\" data-id=\"e917405\" data-element_type=\"widget\" data-widget_type=\"heading.default\">\n\t\t\t\t\t<h2 class=\"elementor-heading-title elementor-size-default\">1. IDENTIFICATION AND CONTACT DETAILS OF THE PERSON RESPONSIBLE<\/h2>\t\t\t\t<\/div>\n\t\t\t\t<div class=\"elementor-element elementor-element-1b6812d elementor-widget elementor-widget-text-editor\" data-id=\"1b6812d\" data-element_type=\"widget\" data-widget_type=\"text-editor.default\">\n\t\t\t\t\t\t\t\t\t<p>The organisation VIVEROS RIO ERESMA SLU, established at PARAJE QUINTANA S\/N (40280 NAVALMANZANO) SEGOVIA, with registered office at\u00a0 <strong>N.I.F.<\/strong> B40014680, contact telephone: 921575195 and e-mail angeles@rioeresma.com.<\/p>\t\t\t\t\t\t\t\t<\/div>\n\t\t\t\t<div class=\"elementor-element elementor-element-7b97315 elementor-widget elementor-widget-heading\" data-id=\"7b97315\" data-element_type=\"widget\" data-widget_type=\"heading.default\">\n\t\t\t\t\t<h2 class=\"elementor-heading-title elementor-size-default\">2. PURPOSES OF THE PROCESSING OF YOUR PERSONAL DATA<\/h2>\t\t\t\t<\/div>\n\t\t\t\t<div class=\"elementor-element elementor-element-86808ce elementor-widget elementor-widget-text-editor\" data-id=\"86808ce\" data-element_type=\"widget\" data-widget_type=\"text-editor.default\">\n\t\t\t\t\t\t\t\t\t<p><strong>USERS\/NAVIGATORS OF THE WEBSITE OF THE RESPONSIBLE PARTY. <\/strong><\/p><p>We will process your personal data provided through our web forms in order to:<\/p><ul><li>To deal with requests, complaints and incidents transferred through our contact channels incorporated in the website.<\/li><li>To understand the behaviour of the surfer within the website in order to detect possible computer attacks on our website.<\/li><li>To comply with the legal obligations that are directly applicable to us and regulate our activity.<\/li><li>To protect and exercise our rights or respond to claims of any kind.<\/li><li>Where appropriate, sending commercial communications relating to the goods or services that make up our activity, and\/or news or bulletins related to our sector.<\/li><\/ul>\t\t\t\t\t\t\t\t<\/div>\n\t\t\t\t<div class=\"elementor-element elementor-element-5746781 elementor-widget elementor-widget-heading\" data-id=\"5746781\" data-element_type=\"widget\" data-widget_type=\"heading.default\">\n\t\t\t\t\t<h2 class=\"elementor-heading-title elementor-size-default\">3.\tLEGAL BASIS FOR PROCESSING<\/h2>\t\t\t\t<\/div>\n\t\t\t\t<div class=\"elementor-element elementor-element-70fc79d elementor-widget elementor-widget-text-editor\" data-id=\"70fc79d\" data-element_type=\"widget\" data-widget_type=\"text-editor.default\">\n\t\t\t\t\t\t\t\t\t<p><strong>USERS\/NAVIGATORS ON THE WEBSITE OF THE RESPONSIBLE PARTY.<\/strong><\/p><ul><li>In the consent you have given us to process your data for the purposes indicated.<em> Refusal to provide your personal data will make it impossible to process your data for the aforementioned purposes.<\/em><\/li><li>To comply with the legal obligations that apply to us. <em>In this case, the data subject may not refuse the processing of personal data.<\/em><strong>.<\/strong><\/li><li>In our legitimate interest to protect our image, business and track record by preventing attacks on our website. <em>In this case, the data subject may not refuse the processing of personal data.<\/em><strong>, <\/strong><em>but may exercise, where appropriate, the rights recognised in section eight of this policy<\/em><\/li><\/ul>\t\t\t\t\t\t\t\t<\/div>\n\t\t\t\t<div class=\"elementor-element elementor-element-bcfd2f6 elementor-widget elementor-widget-heading\" data-id=\"bcfd2f6\" data-element_type=\"widget\" data-widget_type=\"heading.default\">\n\t\t\t\t\t<h2 class=\"elementor-heading-title elementor-size-default\">4.\tDATA RETENTION PERIODS OR CRITERIA<\/h2>\t\t\t\t<\/div>\n\t\t\t\t<div class=\"elementor-element elementor-element-752a9f4 elementor-widget elementor-widget-text-editor\" data-id=\"752a9f4\" data-element_type=\"widget\" data-widget_type=\"text-editor.default\">\n\t\t\t\t\t\t\t\t\t<p>The personal data provided will be kept for the time necessary to fulfil the purposes for which they were originally collected.<\/p><p>Once the data are no longer necessary for the processing in question, they will be kept duly blocked in order to, where appropriate, make them available to the competent Public Administrations and Bodies, Judges and Courts or the Public Prosecutor's Office, during the period of limitation of the actions that may derive from the relationship maintained with the customer and\/or the legally stipulated retention periods.<\/p>\t\t\t\t\t\t\t\t<\/div>\n\t\t\t\t<div class=\"elementor-element elementor-element-9925e96 elementor-widget elementor-widget-heading\" data-id=\"9925e96\" data-element_type=\"widget\" data-widget_type=\"heading.default\">\n\t\t\t\t\t<h2 class=\"elementor-heading-title elementor-size-default\">5.\tAUTOMATED DECISIONS AND PROFILING<\/h2>\t\t\t\t<\/div>\n\t\t\t\t<div class=\"elementor-element elementor-element-4d6e71e elementor-widget elementor-widget-text-editor\" data-id=\"4d6e71e\" data-element_type=\"widget\" data-widget_type=\"text-editor.default\">\n\t\t\t\t\t\t\t\t\t<p>The website does not make automated decisions or create profiles.<\/p>\t\t\t\t\t\t\t\t<\/div>\n\t\t\t\t<div class=\"elementor-element elementor-element-a859dcb elementor-widget elementor-widget-heading\" data-id=\"a859dcb\" data-element_type=\"widget\" data-widget_type=\"heading.default\">\n\t\t\t\t\t<h2 class=\"elementor-heading-title elementor-size-default\">6.\tTARGET<\/h2>\t\t\t\t<\/div>\n\t\t\t\t<div class=\"elementor-element elementor-element-f1c33c0 elementor-widget elementor-widget-text-editor\" data-id=\"f1c33c0\" data-element_type=\"widget\" data-widget_type=\"text-editor.default\">\n\t\t\t\t\t\t\t\t\t<p>For the duration of the processing of your personal data, the organisation may transfer your data to the following recipients:<\/p><ul><li>Judges and Courts.<\/li><li>State Security Forces and Corps.<\/li><li>Other competent public authorities or bodies, where the controller is under a legal obligation to provide the personal data.<\/li><\/ul>\t\t\t\t\t\t\t\t<\/div>\n\t\t\t\t<div class=\"elementor-element elementor-element-c7775e2 elementor-widget elementor-widget-heading\" data-id=\"c7775e2\" data-element_type=\"widget\" data-widget_type=\"heading.default\">\n\t\t\t\t\t<h2 class=\"elementor-heading-title elementor-size-default\">7.\tINTERNATIONAL DATA TRANSFERS<\/h2>\t\t\t\t<\/div>\n\t\t\t\t<div class=\"elementor-element elementor-element-dab4705 elementor-widget elementor-widget-text-editor\" data-id=\"dab4705\" data-element_type=\"widget\" data-widget_type=\"text-editor.default\">\n\t\t\t\t\t\t\t\t\t<p>The organisation does not carry out any International Data Transfer.<\/p>\t\t\t\t\t\t\t\t<\/div>\n\t\t\t\t<div class=\"elementor-element elementor-element-c9379d9 elementor-widget elementor-widget-heading\" data-id=\"c9379d9\" data-element_type=\"widget\" data-widget_type=\"heading.default\">\n\t\t\t\t\t<h2 class=\"elementor-heading-title elementor-size-default\">8.\tRIGHTS<\/h2>\t\t\t\t<\/div>\n\t\t\t\t<div class=\"elementor-element elementor-element-a05f0e4 elementor-widget elementor-widget-text-editor\" data-id=\"a05f0e4\" data-element_type=\"widget\" data-widget_type=\"text-editor.default\">\n\t\t\t\t\t\t\t\t\t<p>Interested parties may exercise at any time and free of charge the rights of <strong>access, rectification and erasure, as well as to request the restriction of the processing of their personal data, to object to the processing, to request the portability of their personal data (where technically possible) or to withdraw the consent given.<\/strong>and, where appropriate, where applicable<strong>not be subject to a decision based solely on automated processing, including profiling.<\/strong>\u00a0<\/p><p>To do so, you may use the forms provided by the organisation, or send a letter to the postal address or e-mail address indicated above. In any case, your application must be accompanied by a photocopy of your ID card or equivalent document, in order to prove your identity.\u00a0<\/p><p>If you feel that your rights concerning the protection of your personal data have been violated, in particular if you have not obtained satisfaction in exercising your rights, you may lodge a complaint with the competent Data Protection Supervisory Authority. <strong>(Spanish Data Protection Agency),<\/strong> through its website: <a href=\"http:\/\/www.agpd.es\">www.agpd.es<\/a>.<\/p><p>In compliance with the provisions of article 21 of Law 34\/2002 on information society services and electronic commerce, if you do not wish to receive more information about our services, you can unsubscribe by sending an e-mail to angeles@rioeresma.com, with subject line\u00a0 <strong>\u201c<em>BAJAS\u201d.<\/em><\/strong><\/p>\t\t\t\t\t\t\t\t<\/div>\n\t\t\t\t<div class=\"elementor-element elementor-element-30d2102 elementor-widget elementor-widget-heading\" data-id=\"30d2102\" data-element_type=\"widget\" data-widget_type=\"heading.default\">\n\t\t\t\t\t<h2 class=\"elementor-heading-title elementor-size-default\">9.\tVERACITY OF THE DATA<\/h2>\t\t\t\t<\/div>\n\t\t\t\t<div class=\"elementor-element elementor-element-0eb222b elementor-widget elementor-widget-text-editor\" data-id=\"0eb222b\" data-element_type=\"widget\" data-widget_type=\"text-editor.default\">\n\t\t\t\t\t\t\t\t\t<p>The interested party guarantees that the data provided are true, accurate, complete and up to date; undertaking to inform of any change with respect to the data provided, through the channels provided for this purpose and indicated in point one of this policy. He\/she shall be liable for any damage or harm, both direct and indirect, that may be caused as a result of non-compliance with this obligation.<\/p><p>In the event that the user provides data of third parties, he\/she declares that he\/she has the consent of the interested parties and undertakes to provide them with the information contained in this clause, exempting the organisation from any liability arising from failure to comply with this obligation.<\/p>\t\t\t\t\t\t\t\t<\/div>\n\t\t\t\t<div class=\"elementor-element elementor-element-8ca1248 elementor-widget elementor-widget-heading\" data-id=\"8ca1248\" data-element_type=\"widget\" data-widget_type=\"heading.default\">\n\t\t\t\t\t<h2 class=\"elementor-heading-title elementor-size-default\">10.\tSOCIAL NETWORKS<\/h2>\t\t\t\t<\/div>\n\t\t\t\t<div class=\"elementor-element elementor-element-97651e8 elementor-widget elementor-widget-text-editor\" data-id=\"97651e8\" data-element_type=\"widget\" data-widget_type=\"text-editor.default\">\n\t\t\t\t\t\t\t\t\t<p><em>Social networks are part of the daily life of many Internet users, and for them the Entity has created different profiles in some of them.<\/em><\/p><p><em>All users who visit our website have the opportunity to join our social networks or groups.<\/em><\/p><p><em>However, you should bear in mind that, unless we request your data directly (for example, through marketing actions, competitions, promotions, or any other valid form), your data will belong to the corresponding Social Network, so we recommend that you carefully read its terms of use and privacy policies, as well as make sure to configure your preferences regarding the processing of data.<\/em><\/p>\t\t\t\t\t\t\t\t<\/div>\n\t\t\t\t<div class=\"elementor-element elementor-element-a8435af elementor-widget elementor-widget-heading\" data-id=\"a8435af\" data-element_type=\"widget\" data-widget_type=\"heading.default\">\n\t\t\t\t\t<h2 class=\"elementor-heading-title elementor-size-default\">11.\tMODIFICATIONS\/UPDATING<\/h2>\t\t\t\t<\/div>\n\t\t\t\t<div class=\"elementor-element elementor-element-abec940 elementor-widget elementor-widget-text-editor\" data-id=\"abec940\" data-element_type=\"widget\" data-widget_type=\"text-editor.default\">\n\t\t\t\t\t\t\t\t\t<p><em>This privacy policy may be modified\/updated according to the established legal requirements or with the aim of adapting said policy to the instructions issued by the Spanish Data Protection Agency or changes to our website.<\/em><\/p><p><em>For this reason, we encourage users to periodically review our privacy policy.<\/em><\/p><p><em>If you have any doubts about this policy, you can contact VIVEROS RIO ERESMA SLU at the following e-mail address: angeles@rioeresma.com<\/em><\/p>\t\t\t\t\t\t\t\t<\/div>\n\t\t\t\t\t<\/div>\n\t\t<\/div>\n\t\t\t\t\t<\/div>\n\t\t<\/section>\n\t\t\t\t<\/div>","protected":false},"excerpt":{"rendered":"<p>Pol\u00edtica de Privacidad El objetivo de esta\u00a0pol\u00edtica es informar a los interesados acerca de los distintos tratamientos realizados por esta organizaci\u00f3n mediante la p\u00e1gina web y que afecten a sus datos personales de conformidad con lo establecido en la Ley Org\u00e1nica 3\/2018, de 5 de diciembre, de Protecci\u00f3n de Datos Personales y garant\u00eda de los [&hellip;]<\/p>","protected":false},"author":1,"featured_media":0,"parent":0,"menu_order":4,"comment_status":"closed","ping_status":"closed","template":"elementor_canvas","meta":{"footnotes":""},"class_list":["post-115","page","type-page","status-publish","hentry"],"yoast_head":"<!-- This site is optimized with the Yoast SEO plugin v25.4 - https:\/\/yoast.com\/wordpress\/plugins\/seo\/ -->\n<title>Pol\u00edtica de Privacidad - Viveros R\u00edo Eresma<\/title>\n<meta name=\"robots\" content=\"index, follow, max-snippet:-1, max-image-preview:large, max-video-preview:-1\" \/>\n<link rel=\"canonical\" href=\"https:\/\/rioeresma.es\/en\/politica-de-privacidad\/\" \/>\n<meta property=\"og:locale\" content=\"en_GB\" \/>\n<meta property=\"og:type\" content=\"article\" \/>\n<meta property=\"og:title\" content=\"Pol\u00edtica de Privacidad - Viveros R\u00edo Eresma\" \/>\n<meta property=\"og:description\" content=\"Pol\u00edtica de Privacidad El objetivo de esta\u00a0pol\u00edtica es informar a los interesados acerca de los distintos tratamientos realizados por esta organizaci\u00f3n mediante la p\u00e1gina web y que afecten a sus datos personales de conformidad con lo establecido en la Ley Org\u00e1nica 3\/2018, de 5 de diciembre, de Protecci\u00f3n de Datos Personales y garant\u00eda de los [&hellip;]\" \/>\n<meta property=\"og:url\" content=\"https:\/\/rioeresma.es\/en\/politica-de-privacidad\/\" \/>\n<meta property=\"og:site_name\" content=\"Viveros R\u00edo Eresma\" \/>\n<meta property=\"article:publisher\" content=\"https:\/\/www.instagram.com\/rio_eresma_viveros\/\" \/>\n<meta property=\"article:modified_time\" content=\"2025-07-08T06:34:56+00:00\" \/>\n<meta name=\"twitter:card\" content=\"summary_large_image\" \/>\n<meta name=\"twitter:label1\" content=\"Estimated reading time\" \/>\n\t<meta name=\"twitter:data1\" content=\"6 minutes\" \/>\n<script type=\"application\/ld+json\" class=\"yoast-schema-graph\">{\"@context\":\"https:\/\/schema.org\",\"@graph\":[{\"@type\":\"WebPage\",\"@id\":\"https:\/\/rioeresma.es\/politica-de-privacidad\/\",\"url\":\"https:\/\/rioeresma.es\/politica-de-privacidad\/\",\"name\":\"Pol\u00edtica de Privacidad - Viveros R\u00edo Eresma\",\"isPartOf\":{\"@id\":\"https:\/\/rioeresma.es\/#website\"},\"datePublished\":\"2022-06-01T11:48:53+00:00\",\"dateModified\":\"2025-07-08T06:34:56+00:00\",\"breadcrumb\":{\"@id\":\"https:\/\/rioeresma.es\/politica-de-privacidad\/#breadcrumb\"},\"inLanguage\":\"en-GB\",\"potentialAction\":[{\"@type\":\"ReadAction\",\"target\":[\"https:\/\/rioeresma.es\/politica-de-privacidad\/\"]}]},{\"@type\":\"BreadcrumbList\",\"@id\":\"https:\/\/rioeresma.es\/politica-de-privacidad\/#breadcrumb\",\"itemListElement\":[{\"@type\":\"ListItem\",\"position\":1,\"name\":\"Portada\",\"item\":\"https:\/\/rioeresma.es\/\"},{\"@type\":\"ListItem\",\"position\":2,\"name\":\"Pol\u00edtica de Privacidad\"}]},{\"@type\":\"WebSite\",\"@id\":\"https:\/\/rioeresma.es\/#website\",\"url\":\"https:\/\/rioeresma.es\/\",\"name\":\"Viveros R\u00edo Eresma\",\"description\":\"Viveros de plantas de fresas\",\"publisher\":{\"@id\":\"https:\/\/rioeresma.es\/#organization\"},\"alternateName\":\"viverosrioeresma.es\",\"potentialAction\":[{\"@type\":\"SearchAction\",\"target\":{\"@type\":\"EntryPoint\",\"urlTemplate\":\"https:\/\/rioeresma.es\/?s={search_term_string}\"},\"query-input\":{\"@type\":\"PropertyValueSpecification\",\"valueRequired\":true,\"valueName\":\"search_term_string\"}}],\"inLanguage\":\"en-GB\"},{\"@type\":\"Organization\",\"@id\":\"https:\/\/rioeresma.es\/#organization\",\"name\":\"Viveros Rio Eresma SL\",\"alternateName\":\"viverosrioeresma.es\",\"url\":\"https:\/\/rioeresma.es\/\",\"logo\":{\"@type\":\"ImageObject\",\"inLanguage\":\"en-GB\",\"@id\":\"https:\/\/rioeresma.es\/#\/schema\/logo\/image\/\",\"url\":\"https:\/\/rioeresma.es\/wp-content\/uploads\/2022\/05\/ri\u0301o-eresma_2.png\",\"contentUrl\":\"https:\/\/rioeresma.es\/wp-content\/uploads\/2022\/05\/ri\u0301o-eresma_2.png\",\"width\":1772,\"height\":1063,\"caption\":\"Viveros Rio Eresma SL\"},\"image\":{\"@id\":\"https:\/\/rioeresma.es\/#\/schema\/logo\/image\/\"},\"sameAs\":[\"https:\/\/www.instagram.com\/rio_eresma_viveros\/\"]}]}<\/script>\n<!-- \/ Yoast SEO plugin. -->","yoast_head_json":{"title":"Pol\u00edtica de Privacidad - Viveros R\u00edo Eresma","robots":{"index":"index","follow":"follow","max-snippet":"max-snippet:-1","max-image-preview":"max-image-preview:large","max-video-preview":"max-video-preview:-1"},"canonical":"https:\/\/rioeresma.es\/en\/politica-de-privacidad\/","og_locale":"en_GB","og_type":"article","og_title":"Pol\u00edtica de Privacidad - Viveros R\u00edo Eresma","og_description":"Pol\u00edtica de Privacidad El objetivo de esta\u00a0pol\u00edtica es informar a los interesados acerca de los distintos tratamientos realizados por esta organizaci\u00f3n mediante la p\u00e1gina web y que afecten a sus datos personales de conformidad con lo establecido en la Ley Org\u00e1nica 3\/2018, de 5 de diciembre, de Protecci\u00f3n de Datos Personales y garant\u00eda de los [&hellip;]","og_url":"https:\/\/rioeresma.es\/en\/politica-de-privacidad\/","og_site_name":"Viveros R\u00edo Eresma","article_publisher":"https:\/\/www.instagram.com\/rio_eresma_viveros\/","article_modified_time":"2025-07-08T06:34:56+00:00","twitter_card":"summary_large_image","twitter_misc":{"Estimated reading time":"6 minutes"},"schema":{"@context":"https:\/\/schema.org","@graph":[{"@type":"WebPage","@id":"https:\/\/rioeresma.es\/politica-de-privacidad\/","url":"https:\/\/rioeresma.es\/politica-de-privacidad\/","name":"Pol\u00edtica de Privacidad - Viveros R\u00edo Eresma","isPartOf":{"@id":"https:\/\/rioeresma.es\/#website"},"datePublished":"2022-06-01T11:48:53+00:00","dateModified":"2025-07-08T06:34:56+00:00","breadcrumb":{"@id":"https:\/\/rioeresma.es\/politica-de-privacidad\/#breadcrumb"},"inLanguage":"en-GB","potentialAction":[{"@type":"ReadAction","target":["https:\/\/rioeresma.es\/politica-de-privacidad\/"]}]},{"@type":"BreadcrumbList","@id":"https:\/\/rioeresma.es\/politica-de-privacidad\/#breadcrumb","itemListElement":[{"@type":"ListItem","position":1,"name":"Portada","item":"https:\/\/rioeresma.es\/"},{"@type":"ListItem","position":2,"name":"Pol\u00edtica de Privacidad"}]},{"@type":"WebSite","@id":"https:\/\/rioeresma.es\/#website","url":"https:\/\/rioeresma.es\/","name":"Viveros R\u00edo Eresma","description":"Viveros de plantas de fresas","publisher":{"@id":"https:\/\/rioeresma.es\/#organization"},"alternateName":"viverosrioeresma.es","potentialAction":[{"@type":"SearchAction","target":{"@type":"EntryPoint","urlTemplate":"https:\/\/rioeresma.es\/?s={search_term_string}"},"query-input":{"@type":"PropertyValueSpecification","valueRequired":true,"valueName":"search_term_string"}}],"inLanguage":"en-GB"},{"@type":"Organization","@id":"https:\/\/rioeresma.es\/#organization","name":"Viveros Rio Eresma SL","alternateName":"viverosrioeresma.es","url":"https:\/\/rioeresma.es\/","logo":{"@type":"ImageObject","inLanguage":"en-GB","@id":"https:\/\/rioeresma.es\/#\/schema\/logo\/image\/","url":"https:\/\/rioeresma.es\/wp-content\/uploads\/2022\/05\/ri\u0301o-eresma_2.png","contentUrl":"https:\/\/rioeresma.es\/wp-content\/uploads\/2022\/05\/ri\u0301o-eresma_2.png","width":1772,"height":1063,"caption":"Viveros Rio Eresma SL"},"image":{"@id":"https:\/\/rioeresma.es\/#\/schema\/logo\/image\/"},"sameAs":["https:\/\/www.instagram.com\/rio_eresma_viveros\/"]}]}},"_links":{"self":[{"href":"https:\/\/rioeresma.es\/en\/wp-json\/wp\/v2\/pages\/115","targetHints":{"allow":["GET"]}}],"collection":[{"href":"https:\/\/rioeresma.es\/en\/wp-json\/wp\/v2\/pages"}],"about":[{"href":"https:\/\/rioeresma.es\/en\/wp-json\/wp\/v2\/types\/page"}],"author":[{"embeddable":true,"href":"https:\/\/rioeresma.es\/en\/wp-json\/wp\/v2\/users\/1"}],"replies":[{"embeddable":true,"href":"https:\/\/rioeresma.es\/en\/wp-json\/wp\/v2\/comments?post=115"}],"version-history":[{"count":7,"href":"https:\/\/rioeresma.es\/en\/wp-json\/wp\/v2\/pages\/115\/revisions"}],"predecessor-version":[{"id":190,"href":"https:\/\/rioeresma.es\/en\/wp-json\/wp\/v2\/pages\/115\/revisions\/190"}],"wp:attachment":[{"href":"https:\/\/rioeresma.es\/en\/wp-json\/wp\/v2\/media?parent=115"}],"curies":[{"name":"wp","href":"https:\/\/api.w.org\/{rel}","templated":true}]}}