{"id":120,"date":"2022-06-01T11:50:50","date_gmt":"2022-06-01T11:50:50","guid":{"rendered":"http:\/\/rioeresma.es\/?page_id=120"},"modified":"2025-07-08T06:33:39","modified_gmt":"2025-07-08T06:33:39","slug":"aviso-legal","status":"publish","type":"page","link":"https:\/\/rioeresma.es\/en\/aviso-legal\/","title":{"rendered":"Legal Notice"},"content":{"rendered":"<div data-elementor-type=\"wp-page\" data-elementor-id=\"120\" class=\"elementor elementor-120\" data-elementor-post-type=\"page\">\n\t\t\t\t\t\t<section class=\"elementor-section elementor-top-section elementor-element elementor-element-be8b116 elementor-section-boxed elementor-section-height-default elementor-section-height-default\" data-id=\"be8b116\" data-element_type=\"section\" data-settings=\"{&quot;background_background&quot;:&quot;classic&quot;}\">\n\t\t\t\t\t\t<div class=\"elementor-container elementor-column-gap-default\">\n\t\t\t\t\t<div class=\"elementor-column elementor-col-100 elementor-top-column elementor-element elementor-element-b95df2d\" data-id=\"b95df2d\" data-element_type=\"column\">\n\t\t\t<div class=\"elementor-widget-wrap elementor-element-populated\">\n\t\t\t\t\t\t<div class=\"elementor-element elementor-element-008b8b9 elementor-widget elementor-widget-heading\" data-id=\"008b8b9\" data-element_type=\"widget\" data-widget_type=\"heading.default\">\n\t\t\t\t\t<h2 class=\"elementor-heading-title elementor-size-default\">Legal Notice<\/h2>\t\t\t\t<\/div>\n\t\t\t\t<div class=\"elementor-element elementor-element-f92b3a2 elementor-widget-divider--view-line elementor-widget elementor-widget-divider\" data-id=\"f92b3a2\" data-element_type=\"widget\" data-widget_type=\"divider.default\">\n\t\t\t\t\t\t\t<div class=\"elementor-divider\">\n\t\t\t<span class=\"elementor-divider-separator\">\n\t\t\t\t\t\t<\/span>\n\t\t<\/div>\n\t\t\t\t\t\t<\/div>\n\t\t\t\t<div class=\"elementor-element elementor-element-bb0f259 elementor-widget elementor-widget-text-editor\" data-id=\"bb0f259\" data-element_type=\"widget\" data-widget_type=\"text-editor.default\">\n\t\t\t\t\t\t\t\t\t<p><em>In accordance with the provisions of Law 34\/2002, of 11 July, on information society services and electronic commerce, the following information is provided: <\/em><\/p>\t\t\t\t\t\t\t\t<\/div>\n\t\t\t\t<div class=\"elementor-element elementor-element-e917405 elementor-widget elementor-widget-heading\" data-id=\"e917405\" data-element_type=\"widget\" data-widget_type=\"heading.default\">\n\t\t\t\t\t<h2 class=\"elementor-heading-title elementor-size-default\">IDENTIFICATION DATA<\/h2>\t\t\t\t<\/div>\n\t\t\t\t<div class=\"elementor-element elementor-element-1b6812d elementor-widget elementor-widget-text-editor\" data-id=\"1b6812d\" data-element_type=\"widget\" data-widget_type=\"text-editor.default\">\n\t\t\t\t\t\t\t\t\t<p>You are visiting the website <u>http:\/\/rioeresma.es<\/u> \u00a0owned by VIVEROS RIO ERESMA SLU, with registered office at PARAJE QUINTANA S\/N (40280 NAVALMANZANO) SEGOVIA, with N.I.F. B40014680, registered in the Mercantile Register of Segovia, in Volume 38 Folio 125, Section 8, Page SG796, hereinafter, the<strong> TITULAR.<\/strong><\/p><p>You may contact the Registrant by any of the following means:<\/p><p><strong>Telephone<\/strong>: 921575195<\/p><p><strong>Contact e-mail address: <\/strong><u>viveros@rioeresma.com<\/u><\/p>\t\t\t\t\t\t\t\t<\/div>\n\t\t\t\t<div class=\"elementor-element elementor-element-7b97315 elementor-widget elementor-widget-heading\" data-id=\"7b97315\" data-element_type=\"widget\" data-widget_type=\"heading.default\">\n\t\t\t\t\t<h2 class=\"elementor-heading-title elementor-size-default\">USERS<\/h2>\t\t\t\t<\/div>\n\t\t\t\t<div class=\"elementor-element elementor-element-86808ce elementor-widget elementor-widget-text-editor\" data-id=\"86808ce\" data-element_type=\"widget\" data-widget_type=\"text-editor.default\">\n\t\t\t\t\t\t\t\t\t<p>We hereby inform you of the terms and conditions governing access to and use of the Holder's websites and mobile app applications, as well as the services and content associated with these sites and applications (hereinafter also the Site(s) or the websites and mobile app(s)).<\/p><p>The access or use by any data subject to a website and\/or app of the Data Controller, implies that the data subject acquires the status of a \"<em>user<\/em>\"and with that status, a series of rights and obligations.<\/p><p><strong>It is your responsibility to access the legal conditions inserted in this website and read them carefully, as well as the privacy policies, cookies or, where appropriate, conditions of sale.  We recommend:<\/strong><\/p><ul><li><strong><u>That you visit them each time you intend to access or use the services and contents of the site <\/u><\/strong><\/li><li><strong><u>Print or store a copy in your system.<\/u><\/strong><\/li><\/ul>\t\t\t\t\t\t\t\t<\/div>\n\t\t\t\t<div class=\"elementor-element elementor-element-5746781 elementor-widget elementor-widget-heading\" data-id=\"5746781\" data-element_type=\"widget\" data-widget_type=\"heading.default\">\n\t\t\t\t\t<h2 class=\"elementor-heading-title elementor-size-default\">USE OF THE PORTAL<\/h2>\t\t\t\t<\/div>\n\t\t\t\t<div class=\"elementor-element elementor-element-70fc79d elementor-widget elementor-widget-text-editor\" data-id=\"70fc79d\" data-element_type=\"widget\" data-widget_type=\"text-editor.default\">\n\t\t\t\t\t\t\t\t\t<p>This website provides access to a multitude of information, services, programmes or data (hereinafter referred to as\"<em>the content<\/em>\") on the Internet belonging to the Proprietor or its licensors to which the User may have access.<\/p><p>The User assumes responsibility for the use of the portal. This responsibility extends to the registration that may be necessary to access certain services or content. In such registration, the User shall be responsible for providing truthful and lawful information. As a consequence of this registration, the User may be provided with a password for which he\/she will be responsible, undertaking to use it diligently and confidentially.<\/p><p><strong>The User undertakes to make appropriate use of the contents and services<\/strong> (e.g. chat services, discussion forums or newsgroups) that the Proprietor offers through its portal, including but not limited to, <strong>not to use them for:<\/strong><\/p><ul><li>Engaging in activities that are unlawful, illegal or contrary to good faith and public order.<\/li><li>Disseminating racist, xenophobic, pornographic-illegal, terrorist apology or human rights offence content or propaganda.<\/li><li>Cause damage to the physical and logical systems of the Holder, its suppliers or third parties, introduce or disseminate computer viruses or any other physical or logical systems that are likely to cause the aforementioned damage.<\/li><li>Attempt to access and, where appropriate, use the e-mail accounts of other users and modify or manipulate their messages.<\/li><li>Use the website and the information contained therein for commercial, political, advertising or any other commercial purposes, in particular by sending unsolicited e-mails.<\/li><\/ul><p>The Owner reserves the right to remove all comments and contributions that violate the respect for the dignity of the person, that are discriminatory, xenophobic, racist, pornographic, that violate youth or childhood, order or public safety or that, in his opinion, are not suitable for publication. <strong>In any case, the Holder shall not be responsible for the opinions expressed by users through forums, chats, or other participation tools. <\/strong><\/p>\t\t\t\t\t\t\t\t<\/div>\n\t\t\t\t<div class=\"elementor-element elementor-element-bcfd2f6 elementor-widget elementor-widget-heading\" data-id=\"bcfd2f6\" data-element_type=\"widget\" data-widget_type=\"heading.default\">\n\t\t\t\t\t<h2 class=\"elementor-heading-title elementor-size-default\">DATA PROTECTION<\/h2>\t\t\t\t<\/div>\n\t\t\t\t<div class=\"elementor-element elementor-element-752a9f4 elementor-widget elementor-widget-text-editor\" data-id=\"752a9f4\" data-element_type=\"widget\" data-widget_type=\"text-editor.default\">\n\t\t\t\t\t\t\t\t\t<p>Everything relating to the processing of your personal data is set out in the privacy policy.<\/p>\t\t\t\t\t\t\t\t<\/div>\n\t\t\t\t<div class=\"elementor-element elementor-element-9925e96 elementor-widget elementor-widget-heading\" data-id=\"9925e96\" data-element_type=\"widget\" data-widget_type=\"heading.default\">\n\t\t\t\t\t<h2 class=\"elementor-heading-title elementor-size-default\">CONTENTS. INTELLECTUAL AND INDUSTRIAL PROPERTY<\/h2>\t\t\t\t<\/div>\n\t\t\t\t<div class=\"elementor-element elementor-element-4d6e71e elementor-widget elementor-widget-text-editor\" data-id=\"4d6e71e\" data-element_type=\"widget\" data-widget_type=\"text-editor.default\">\n\t\t\t\t\t\t\t\t\t<p>The Proprietor owns all intellectual and industrial property rights of its website, as well as the elements contained therein (including but not limited to: images, photographs, sound, audio, video, software or texts; trademarks or logos, colour combinations, structure and design, selection of materials used, computer programs necessary for its operation, access and use, etc.), owned by the Proprietor or its licensors.<\/p><p><strong>All rights reserved<\/strong>. By virtue of the provisions of articles 8 and 32.1, second paragraph, of the Law on Intellectual Property, <strong>the reproduction, distribution and public communication, including making available, of all or part of the contents of this website, for commercial purposes, on any support and by any technical means, without the authorisation of the Owner, are expressly prohibited.<\/strong><\/p>\t\t\t\t\t\t\t\t<\/div>\n\t\t\t\t<div class=\"elementor-element elementor-element-a859dcb elementor-widget elementor-widget-heading\" data-id=\"a859dcb\" data-element_type=\"widget\" data-widget_type=\"heading.default\">\n\t\t\t\t\t<h2 class=\"elementor-heading-title elementor-size-default\">EXCLUSION OF WARRANTIES AND LIABILITY<\/h2>\t\t\t\t<\/div>\n\t\t\t\t<div class=\"elementor-element elementor-element-f1c33c0 elementor-widget elementor-widget-text-editor\" data-id=\"f1c33c0\" data-element_type=\"widget\" data-widget_type=\"text-editor.default\">\n\t\t\t\t\t\t\t\t\t<p>The User acknowledges that the use of the website and its contents and services is carried out under his\/her sole responsibility. Specifically, by way of example, the Owner assumes no liability in the following areas:<\/p><ul><li>The availability of the functioning of the website, its services and contents and its quality or interoperability.<\/li><li>The purpose for which the website serves the User's objectives.<\/li><li>Infringement of current legislation by the User or third parties and, specifically, of the intellectual and industrial property rights owned by other persons or entities.<\/li><li>The existence of malicious codes or any other harmful computer element that could damage the User's computer system or that of third parties. It is the responsibility of the User, in any case, to have adequate tools for the detection and disinfection of these elements.<\/li><li>Fraudulent access to the contents or services by unauthorised third parties, or, where appropriate, the capture, elimination, alteration, modification or manipulation of messages and communications of any kind that said third parties may carry out.<\/li><li>Damage caused to computer equipment during access to the website and damage caused to Users when caused by faults or disconnections in telecommunications networks that interrupt the service.<\/li><li>Damages or losses arising from circumstances arising from unforeseeable circumstances or force majeure.<\/li><\/ul><p>In the event that there are forums, the use of such forums or other similar spaces, it must be taken into account that the messages reflect only the opinion of the User who sends them, who is solely responsible. The Owner is not responsible for the content of the messages sent by the User.<\/p>\t\t\t\t\t\t\t\t<\/div>\n\t\t\t\t<div class=\"elementor-element elementor-element-c7775e2 elementor-widget elementor-widget-heading\" data-id=\"c7775e2\" data-element_type=\"widget\" data-widget_type=\"heading.default\">\n\t\t\t\t\t<h2 class=\"elementor-heading-title elementor-size-default\">MODIFICATION OF THIS LEGAL NOTICE AND DURATION<\/h2>\t\t\t\t<\/div>\n\t\t\t\t<div class=\"elementor-element elementor-element-dab4705 elementor-widget elementor-widget-text-editor\" data-id=\"dab4705\" data-element_type=\"widget\" data-widget_type=\"text-editor.default\">\n\t\t\t\t\t\t\t\t\t<p>The Owner reserves the right to make unannounced changes it deems appropriate in its website, and may change, delete or add content and services provided through the same, as well as the way in which they are represented or located on its website.<\/p><p>The validity of these conditions shall depend on their exposure and shall remain in force until they are modified by other duly published conditions.<\/p>\t\t\t\t\t\t\t\t<\/div>\n\t\t\t\t<div class=\"elementor-element elementor-element-c9379d9 elementor-widget elementor-widget-heading\" data-id=\"c9379d9\" data-element_type=\"widget\" data-widget_type=\"heading.default\">\n\t\t\t\t\t<h2 class=\"elementor-heading-title elementor-size-default\">LINKS<\/h2>\t\t\t\t<\/div>\n\t\t\t\t<div class=\"elementor-element elementor-element-a05f0e4 elementor-widget elementor-widget-text-editor\" data-id=\"a05f0e4\" data-element_type=\"widget\" data-widget_type=\"text-editor.default\">\n\t\t\t\t\t\t\t\t\t<p>In the event that http:\/\/rioeresma.es includes links or hyperlinks to other Internet sites, the Holder shall not exercise any control over such sites and content. In no case shall the Holder assume any responsibility for the contents of any link belonging to an external website, nor guarantee the technical availability, quality, reliability, accuracy, comprehensiveness, accuracy, truthfulness, validity and constitutionality of any matter or information contained in any of these hyperlinks and other sites on the Internet. Likewise, the inclusion of these external connections does not imply any type of association, merger or participation with the connected entities.<\/p>\t\t\t\t\t\t\t\t<\/div>\n\t\t\t\t<div class=\"elementor-element elementor-element-30d2102 elementor-widget elementor-widget-heading\" data-id=\"30d2102\" data-element_type=\"widget\" data-widget_type=\"heading.default\">\n\t\t\t\t\t<h2 class=\"elementor-heading-title elementor-size-default\">EXCLUSION RIGHTS<\/h2>\t\t\t\t<\/div>\n\t\t\t\t<div class=\"elementor-element elementor-element-0eb222b elementor-widget elementor-widget-text-editor\" data-id=\"0eb222b\" data-element_type=\"widget\" data-widget_type=\"text-editor.default\">\n\t\t\t\t\t\t\t\t\t<p>The Owner reserves the right to deny or withdraw access to the portal and\/or the services offered without prior warning, at its own request or at the request of a third party, to those users who do not comply with the content of this legal notice.<\/p>\t\t\t\t\t\t\t\t<\/div>\n\t\t\t\t<div class=\"elementor-element elementor-element-8ca1248 elementor-widget elementor-widget-heading\" data-id=\"8ca1248\" data-element_type=\"widget\" data-widget_type=\"heading.default\">\n\t\t\t\t\t<h2 class=\"elementor-heading-title elementor-size-default\">GENERAL<\/h2>\t\t\t\t<\/div>\n\t\t\t\t<div class=\"elementor-element elementor-element-97651e8 elementor-widget elementor-widget-text-editor\" data-id=\"97651e8\" data-element_type=\"widget\" data-widget_type=\"text-editor.default\">\n\t\t\t\t\t\t\t\t\t<p>The Owner will pursue the breach of these conditions as well as any improper use of its website, exercising all civil and criminal actions that may correspond to it by law.<\/p>\t\t\t\t\t\t\t\t<\/div>\n\t\t\t\t<div class=\"elementor-element elementor-element-a8435af elementor-widget elementor-widget-heading\" data-id=\"a8435af\" data-element_type=\"widget\" data-widget_type=\"heading.default\">\n\t\t\t\t\t<h2 class=\"elementor-heading-title elementor-size-default\">APPLICABLE LAW AND JURISDICTION<\/h2>\t\t\t\t<\/div>\n\t\t\t\t<div class=\"elementor-element elementor-element-abec940 elementor-widget elementor-widget-text-editor\" data-id=\"abec940\" data-element_type=\"widget\" data-widget_type=\"text-editor.default\">\n\t\t\t\t\t\t\t\t\t<p>The relationship between the Owner and the User shall be governed by the Spanish legislation in force. All disputes and claims arising from this legal notice shall be resolved by the Spanish consumer and user courts and tribunals. \u00a0<\/p>\t\t\t\t\t\t\t\t<\/div>\n\t\t\t\t<div class=\"elementor-element elementor-element-aaea9bb elementor-widget elementor-widget-heading\" data-id=\"aaea9bb\" data-element_type=\"widget\" data-widget_type=\"heading.default\">\n\t\t\t\t\t<h2 class=\"elementor-heading-title elementor-size-default\">MINORS<\/h2>\t\t\t\t<\/div>\n\t\t\t\t<div class=\"elementor-element elementor-element-aa804b3 elementor-widget elementor-widget-text-editor\" data-id=\"aa804b3\" data-element_type=\"widget\" data-widget_type=\"text-editor.default\">\n\t\t\t\t\t\t\t\t\t<p>This website is intended for users over 18 years of age. Minors under this age are not authorised to use our services and should not, therefore, send us their personal data. We inform you that if such a circumstance arises, the Owner shall not be liable for any possible consequences that may arise from failure to comply with the notice set out in this clause.<\/p>\t\t\t\t\t\t\t\t<\/div>\n\t\t\t\t<div class=\"elementor-element elementor-element-81a56b3 elementor-widget elementor-widget-heading\" data-id=\"81a56b3\" data-element_type=\"widget\" data-widget_type=\"heading.default\">\n\t\t\t\t\t<h2 class=\"elementor-heading-title elementor-size-default\">MEDIDAS DE SEGURIDAD - SSL<\/h2>\t\t\t\t<\/div>\n\t\t\t\t<div class=\"elementor-element elementor-element-3b951b3 elementor-widget elementor-widget-text-editor\" data-id=\"3b951b3\" data-element_type=\"widget\" data-widget_type=\"text-editor.default\">\n\t\t\t\t\t\t\t\t\t<p>The Registrant has contracted a certificate for its website <strong>SSL<\/strong> (\u00ab<em>Secure Sockets Layer<\/em>\u00bb).<\/p><p>An SSL certificate protects all personal and confidential information that can be handled on a website, regardless of the information being transmitted, such as from any of the website's contact forms to the server, or data entered for newsletter subscriptions or access to protected areas, etc.<\/p><p>The website address will appear in green, activating the \"https\" protocol that allows secure connections from a web server to the user's browser.<\/p>\t\t\t\t\t\t\t\t<\/div>\n\t\t\t\t\t<\/div>\n\t\t<\/div>\n\t\t\t\t\t<\/div>\n\t\t<\/section>\n\t\t\t\t<\/div>","protected":false},"excerpt":{"rendered":"<p>Aviso Legal De conformidad con lo establecido en la Ley 34\/2002, de 11 de julio, de servicios de la sociedad de la informaci\u00f3n y de comercio electr\u00f3nico, se facilita la siguiente informaci\u00f3n: DATOS IDENTIFICATIVOS Usted est\u00e1 visitando la p\u00e1gina web http:\/\/rioeresma.es \u00a0titularidad \u00a0VIVEROS RIO ERESMA SLU, con domicilio social en PARAJE QUINTANA S\/N (40280 NAVALMANZANO) [&hellip;]<\/p>","protected":false},"author":1,"featured_media":0,"parent":0,"menu_order":4,"comment_status":"closed","ping_status":"closed","template":"elementor_canvas","meta":{"footnotes":""},"class_list":["post-120","page","type-page","status-publish","hentry"],"yoast_head":"<!-- This site is optimized with the Yoast SEO plugin v25.4 - https:\/\/yoast.com\/wordpress\/plugins\/seo\/ -->\n<title>Aviso Legal - Viveros R\u00edo Eresma<\/title>\n<meta name=\"robots\" content=\"noindex, follow\" \/>\n<meta property=\"og:locale\" content=\"en_GB\" \/>\n<meta property=\"og:type\" content=\"article\" \/>\n<meta property=\"og:title\" content=\"Aviso Legal - Viveros R\u00edo Eresma\" \/>\n<meta property=\"og:description\" content=\"Aviso Legal De conformidad con lo establecido en la Ley 34\/2002, de 11 de julio, de servicios de la sociedad de la informaci\u00f3n y de comercio electr\u00f3nico, se facilita la siguiente informaci\u00f3n: DATOS IDENTIFICATIVOS Usted est\u00e1 visitando la p\u00e1gina web http:\/\/rioeresma.es \u00a0titularidad \u00a0VIVEROS RIO ERESMA SLU, con domicilio social en PARAJE QUINTANA S\/N (40280 NAVALMANZANO) [&hellip;]\" \/>\n<meta property=\"og:url\" content=\"https:\/\/rioeresma.es\/en\/aviso-legal\/\" \/>\n<meta property=\"og:site_name\" content=\"Viveros R\u00edo Eresma\" \/>\n<meta property=\"article:publisher\" content=\"https:\/\/www.instagram.com\/rio_eresma_viveros\/\" \/>\n<meta property=\"article:modified_time\" content=\"2025-07-08T06:33:39+00:00\" \/>\n<meta name=\"twitter:card\" content=\"summary_large_image\" \/>\n<meta name=\"twitter:label1\" content=\"Estimated reading time\" \/>\n\t<meta name=\"twitter:data1\" content=\"7 minutes\" \/>\n<script type=\"application\/ld+json\" class=\"yoast-schema-graph\">{\"@context\":\"https:\/\/schema.org\",\"@graph\":[{\"@type\":\"WebPage\",\"@id\":\"https:\/\/rioeresma.es\/aviso-legal\/\",\"url\":\"https:\/\/rioeresma.es\/aviso-legal\/\",\"name\":\"Aviso Legal - Viveros R\u00edo Eresma\",\"isPartOf\":{\"@id\":\"https:\/\/rioeresma.es\/#website\"},\"datePublished\":\"2022-06-01T11:50:50+00:00\",\"dateModified\":\"2025-07-08T06:33:39+00:00\",\"breadcrumb\":{\"@id\":\"https:\/\/rioeresma.es\/aviso-legal\/#breadcrumb\"},\"inLanguage\":\"en-GB\",\"potentialAction\":[{\"@type\":\"ReadAction\",\"target\":[\"https:\/\/rioeresma.es\/aviso-legal\/\"]}]},{\"@type\":\"BreadcrumbList\",\"@id\":\"https:\/\/rioeresma.es\/aviso-legal\/#breadcrumb\",\"itemListElement\":[{\"@type\":\"ListItem\",\"position\":1,\"name\":\"Portada\",\"item\":\"https:\/\/rioeresma.es\/\"},{\"@type\":\"ListItem\",\"position\":2,\"name\":\"Aviso Legal\"}]},{\"@type\":\"WebSite\",\"@id\":\"https:\/\/rioeresma.es\/#website\",\"url\":\"https:\/\/rioeresma.es\/\",\"name\":\"Viveros R\u00edo Eresma\",\"description\":\"Viveros de plantas de fresas\",\"publisher\":{\"@id\":\"https:\/\/rioeresma.es\/#organization\"},\"alternateName\":\"viverosrioeresma.es\",\"potentialAction\":[{\"@type\":\"SearchAction\",\"target\":{\"@type\":\"EntryPoint\",\"urlTemplate\":\"https:\/\/rioeresma.es\/?s={search_term_string}\"},\"query-input\":{\"@type\":\"PropertyValueSpecification\",\"valueRequired\":true,\"valueName\":\"search_term_string\"}}],\"inLanguage\":\"en-GB\"},{\"@type\":\"Organization\",\"@id\":\"https:\/\/rioeresma.es\/#organization\",\"name\":\"Viveros Rio Eresma SL\",\"alternateName\":\"viverosrioeresma.es\",\"url\":\"https:\/\/rioeresma.es\/\",\"logo\":{\"@type\":\"ImageObject\",\"inLanguage\":\"en-GB\",\"@id\":\"https:\/\/rioeresma.es\/#\/schema\/logo\/image\/\",\"url\":\"https:\/\/rioeresma.es\/wp-content\/uploads\/2022\/05\/ri\u0301o-eresma_2.png\",\"contentUrl\":\"https:\/\/rioeresma.es\/wp-content\/uploads\/2022\/05\/ri\u0301o-eresma_2.png\",\"width\":1772,\"height\":1063,\"caption\":\"Viveros Rio Eresma SL\"},\"image\":{\"@id\":\"https:\/\/rioeresma.es\/#\/schema\/logo\/image\/\"},\"sameAs\":[\"https:\/\/www.instagram.com\/rio_eresma_viveros\/\"]}]}<\/script>\n<!-- \/ Yoast SEO plugin. -->","yoast_head_json":{"title":"Aviso Legal - Viveros R\u00edo Eresma","robots":{"index":"noindex","follow":"follow"},"og_locale":"en_GB","og_type":"article","og_title":"Aviso Legal - Viveros R\u00edo Eresma","og_description":"Aviso Legal De conformidad con lo establecido en la Ley 34\/2002, de 11 de julio, de servicios de la sociedad de la informaci\u00f3n y de comercio electr\u00f3nico, se facilita la siguiente informaci\u00f3n: DATOS IDENTIFICATIVOS Usted est\u00e1 visitando la p\u00e1gina web http:\/\/rioeresma.es \u00a0titularidad \u00a0VIVEROS RIO ERESMA SLU, con domicilio social en PARAJE QUINTANA S\/N (40280 NAVALMANZANO) [&hellip;]","og_url":"https:\/\/rioeresma.es\/en\/aviso-legal\/","og_site_name":"Viveros R\u00edo Eresma","article_publisher":"https:\/\/www.instagram.com\/rio_eresma_viveros\/","article_modified_time":"2025-07-08T06:33:39+00:00","twitter_card":"summary_large_image","twitter_misc":{"Estimated reading time":"7 minutes"},"schema":{"@context":"https:\/\/schema.org","@graph":[{"@type":"WebPage","@id":"https:\/\/rioeresma.es\/aviso-legal\/","url":"https:\/\/rioeresma.es\/aviso-legal\/","name":"Aviso Legal - Viveros R\u00edo Eresma","isPartOf":{"@id":"https:\/\/rioeresma.es\/#website"},"datePublished":"2022-06-01T11:50:50+00:00","dateModified":"2025-07-08T06:33:39+00:00","breadcrumb":{"@id":"https:\/\/rioeresma.es\/aviso-legal\/#breadcrumb"},"inLanguage":"en-GB","potentialAction":[{"@type":"ReadAction","target":["https:\/\/rioeresma.es\/aviso-legal\/"]}]},{"@type":"BreadcrumbList","@id":"https:\/\/rioeresma.es\/aviso-legal\/#breadcrumb","itemListElement":[{"@type":"ListItem","position":1,"name":"Portada","item":"https:\/\/rioeresma.es\/"},{"@type":"ListItem","position":2,"name":"Aviso Legal"}]},{"@type":"WebSite","@id":"https:\/\/rioeresma.es\/#website","url":"https:\/\/rioeresma.es\/","name":"Viveros R\u00edo Eresma","description":"Viveros de plantas de fresas","publisher":{"@id":"https:\/\/rioeresma.es\/#organization"},"alternateName":"viverosrioeresma.es","potentialAction":[{"@type":"SearchAction","target":{"@type":"EntryPoint","urlTemplate":"https:\/\/rioeresma.es\/?s={search_term_string}"},"query-input":{"@type":"PropertyValueSpecification","valueRequired":true,"valueName":"search_term_string"}}],"inLanguage":"en-GB"},{"@type":"Organization","@id":"https:\/\/rioeresma.es\/#organization","name":"Viveros Rio Eresma SL","alternateName":"viverosrioeresma.es","url":"https:\/\/rioeresma.es\/","logo":{"@type":"ImageObject","inLanguage":"en-GB","@id":"https:\/\/rioeresma.es\/#\/schema\/logo\/image\/","url":"https:\/\/rioeresma.es\/wp-content\/uploads\/2022\/05\/ri\u0301o-eresma_2.png","contentUrl":"https:\/\/rioeresma.es\/wp-content\/uploads\/2022\/05\/ri\u0301o-eresma_2.png","width":1772,"height":1063,"caption":"Viveros Rio Eresma SL"},"image":{"@id":"https:\/\/rioeresma.es\/#\/schema\/logo\/image\/"},"sameAs":["https:\/\/www.instagram.com\/rio_eresma_viveros\/"]}]}},"_links":{"self":[{"href":"https:\/\/rioeresma.es\/en\/wp-json\/wp\/v2\/pages\/120","targetHints":{"allow":["GET"]}}],"collection":[{"href":"https:\/\/rioeresma.es\/en\/wp-json\/wp\/v2\/pages"}],"about":[{"href":"https:\/\/rioeresma.es\/en\/wp-json\/wp\/v2\/types\/page"}],"author":[{"embeddable":true,"href":"https:\/\/rioeresma.es\/en\/wp-json\/wp\/v2\/users\/1"}],"replies":[{"embeddable":true,"href":"https:\/\/rioeresma.es\/en\/wp-json\/wp\/v2\/comments?post=120"}],"version-history":[{"count":7,"href":"https:\/\/rioeresma.es\/en\/wp-json\/wp\/v2\/pages\/120\/revisions"}],"predecessor-version":[{"id":184,"href":"https:\/\/rioeresma.es\/en\/wp-json\/wp\/v2\/pages\/120\/revisions\/184"}],"wp:attachment":[{"href":"https:\/\/rioeresma.es\/en\/wp-json\/wp\/v2\/media?parent=120"}],"curies":[{"name":"wp","href":"https:\/\/api.w.org\/{rel}","templated":true}]}}