{"id":126,"date":"2022-06-01T11:59:26","date_gmt":"2022-06-01T11:59:26","guid":{"rendered":"http:\/\/rioeresma.es\/?page_id=126"},"modified":"2025-07-08T06:34:45","modified_gmt":"2025-07-08T06:34:45","slug":"politica-de-cookies","status":"publish","type":"page","link":"https:\/\/rioeresma.es\/en\/politica-de-cookies\/","title":{"rendered":"Cookie Policy"},"content":{"rendered":"<div data-elementor-type=\"wp-page\" data-elementor-id=\"126\" class=\"elementor elementor-126\" data-elementor-post-type=\"page\">\n\t\t\t\t\t\t<section class=\"elementor-section elementor-top-section elementor-element elementor-element-be8b116 elementor-section-boxed elementor-section-height-default elementor-section-height-default\" data-id=\"be8b116\" data-element_type=\"section\" data-settings=\"{&quot;background_background&quot;:&quot;classic&quot;}\">\n\t\t\t\t\t\t<div class=\"elementor-container elementor-column-gap-default\">\n\t\t\t\t\t<div class=\"elementor-column elementor-col-100 elementor-top-column elementor-element elementor-element-b95df2d\" data-id=\"b95df2d\" data-element_type=\"column\">\n\t\t\t<div class=\"elementor-widget-wrap elementor-element-populated\">\n\t\t\t\t\t\t<div class=\"elementor-element elementor-element-008b8b9 elementor-widget elementor-widget-heading\" data-id=\"008b8b9\" data-element_type=\"widget\" data-widget_type=\"heading.default\">\n\t\t\t\t\t<h2 class=\"elementor-heading-title elementor-size-default\">Cookie Policy<\/h2>\t\t\t\t<\/div>\n\t\t\t\t<div class=\"elementor-element elementor-element-f92b3a2 elementor-widget-divider--view-line elementor-widget elementor-widget-divider\" data-id=\"f92b3a2\" data-element_type=\"widget\" data-widget_type=\"divider.default\">\n\t\t\t\t\t\t\t<div class=\"elementor-divider\">\n\t\t\t<span class=\"elementor-divider-separator\">\n\t\t\t\t\t\t<\/span>\n\t\t<\/div>\n\t\t\t\t\t\t<\/div>\n\t\t\t\t<div class=\"elementor-element elementor-element-bb0f259 elementor-widget elementor-widget-text-editor\" data-id=\"bb0f259\" data-element_type=\"widget\" data-widget_type=\"text-editor.default\">\n\t\t\t\t\t\t\t\t\t<p>The purpose of this policy is to inform interested parties about the cookies used by this website in accordance with the provisions of Law 34\/2002, of 11 July, on Information Society Services and Electronic Commerce, and Regulation (EU) 2016\/679 of the European Parliament and of the Council of 27 April 2016.<\/p>\t\t\t\t\t\t\t\t<\/div>\n\t\t\t\t<div class=\"elementor-element elementor-element-e917405 elementor-widget elementor-widget-heading\" data-id=\"e917405\" data-element_type=\"widget\" data-widget_type=\"heading.default\">\n\t\t\t\t\t<h2 class=\"elementor-heading-title elementor-size-default\">1. USE OF COOKIES. WHAT ARE COOKIES?<\/h2>\t\t\t\t<\/div>\n\t\t\t\t<div class=\"elementor-element elementor-element-1b6812d elementor-widget elementor-widget-text-editor\" data-id=\"1b6812d\" data-element_type=\"widget\" data-widget_type=\"text-editor.default\">\n\t\t\t\t\t\t\t\t\t<p>Cookies are files that are downloaded to your computer, smartphone or tablet when you access certain websites. The use of cookies offers numerous advantages in the provision of Information Society services, since, among others: (a) facilitates user navigation on the Website; (b) facilitates user access to the different services offered by the Website; (c) prevents the user from reconfiguring predefined general characteristics each time they access the Website; (d) favours the improvement of the operation and services provided through the Website, following the corresponding analysis of the information obtained through the cookies installed; (e) allow a Web Site, among other things, to store and retrieve information about the browsing habits of a user or their equipment and, depending on the information they contain and the way they use their equipment, they can be used to recognise the user.<\/p><p>Most browsers accept cookies as standard and, independently of them, allow or prevent temporary or stored cookies in the security settings.<\/p><p>Please note that in order to be able to use and have a better browsing experience,\u00a0<strong>\u00a0<\/strong>it is necessary that you have cookies enabled, especially those of a technical nature that are necessary to identify you as a registered user each time you access this website.<\/p><p>If you do not wish to receive cookies, please configure your Internet browser to erase them from your computer's hard drive, block them or warn you if they are installed.<\/p>\t\t\t\t\t\t\t\t<\/div>\n\t\t\t\t<div class=\"elementor-element elementor-element-7b97315 elementor-widget elementor-widget-heading\" data-id=\"7b97315\" data-element_type=\"widget\" data-widget_type=\"heading.default\">\n\t\t\t\t\t<h2 class=\"elementor-heading-title elementor-size-default\">2. WHAT TYPES OF COOKIES DOES THIS WEBSITE USE?<\/h2>\t\t\t\t<\/div>\n\t\t\t\t<div class=\"elementor-element elementor-element-86808ce elementor-widget elementor-widget-text-editor\" data-id=\"86808ce\" data-element_type=\"widget\" data-widget_type=\"text-editor.default\">\n\t\t\t\t\t\t\t\t\t<p><strong><em>Cookies used on this website.<\/em><\/strong><\/p>\n<p>In accordance with the guidelines of the Spanish Data Protection Agency, we proceed to detail the use of the <em>cookies<\/em> that this website uses, in order to provide you with as much information as possible. &nbsp;<\/p>\n<p><strong><em>Proprietary Cookies:<\/em><\/strong><\/p>\n<p>These are those that are sent to the user's terminal equipment from a computer or domain managed by the publisher itself and from which the service requested by the user is provided.<\/p>\n<p><strong><em>Cookies de Terceros:<\/em><\/strong><\/p>\n<p>Son aquellas que se env\u00edan al equipo terminal del usuario desde un equipo o dominio que no es gestionado por el editor, sino por otra entidad que trata los datos obtenidos trav\u00e9s de las cookies.<\/p>\n<p>You can find a list of the ones we use here: http:\/\/rioeresma.es\/politica-de-cookies-ue\/<\/p>\n<p><\/p>\n<p>VIVEROS RIO ERESMA SLU is not responsible, under any circumstances, for the content or veracity of the policies and\/or conditions of use and privacy of third parties included, through links, in this policy.<\/p>\t\t\t\t\t\t\t\t<\/div>\n\t\t\t\t<div class=\"elementor-element elementor-element-5746781 elementor-widget elementor-widget-heading\" data-id=\"5746781\" data-element_type=\"widget\" data-widget_type=\"heading.default\">\n\t\t\t\t\t<h2 class=\"elementor-heading-title elementor-size-default\">3. CONSENT <\/h2>\t\t\t\t<\/div>\n\t\t\t\t<div class=\"elementor-element elementor-element-70fc79d elementor-widget elementor-widget-text-editor\" data-id=\"70fc79d\" data-element_type=\"widget\" data-widget_type=\"text-editor.default\">\n\t\t\t\t\t\t\t\t\t<p>In relation to the use of cookies on this website, the user authorises and consents to their use as follows:<\/p><p><em>When the user accesses any page of the website, he\/she will see a notice indicating that the website of VIVEROS RIO ERESMA SLU <strong>\u00a0<\/strong>uses cookies, and the user can accept or reject the use of cookies through their browser settings. By clicking on accept, you accept the use of our cookies and, where appropriate, those of third parties. The configuration\/privacy panel allows you the possibility of accepting them by type.<\/em><\/p>\t\t\t\t\t\t\t\t<\/div>\n\t\t\t\t<div class=\"elementor-element elementor-element-bcfd2f6 elementor-widget elementor-widget-heading\" data-id=\"bcfd2f6\" data-element_type=\"widget\" data-widget_type=\"heading.default\">\n\t\t\t\t\t<h2 class=\"elementor-heading-title elementor-size-default\">4. DATA RETENTION PERIODS OR CRITERIA.<\/h2>\t\t\t\t<\/div>\n\t\t\t\t<div class=\"elementor-element elementor-element-752a9f4 elementor-widget elementor-widget-text-editor\" data-id=\"752a9f4\" data-element_type=\"widget\" data-widget_type=\"text-editor.default\">\n\t\t\t\t\t\t\t\t\t<p>The personal data provided will be kept for the time necessary to fulfil the purposes for which they were originally collected.<\/p><p>Once the data are no longer necessary for the processing in question, they will be kept duly blocked in order to, where appropriate, make them available to the competent Public Administrations and Bodies, Judges and Courts or the Public Prosecutor's Office, during the period of limitation of the actions that may derive from the relationship maintained with the customer and\/or the legally stipulated retention periods.<\/p>\t\t\t\t\t\t\t\t<\/div>\n\t\t\t\t<div class=\"elementor-element elementor-element-9925e96 elementor-widget elementor-widget-heading\" data-id=\"9925e96\" data-element_type=\"widget\" data-widget_type=\"heading.default\">\n\t\t\t\t\t<h2 class=\"elementor-heading-title elementor-size-default\">5. HOW TO BLOCK, REVOKE OR DELETE INSTALLED COOKIES<\/h2>\t\t\t\t<\/div>\n\t\t\t\t<div class=\"elementor-element elementor-element-4d6e71e elementor-widget elementor-widget-text-editor\" data-id=\"4d6e71e\" data-element_type=\"widget\" data-widget_type=\"text-editor.default\">\n\t\t\t\t\t\t\t\t\t<p>You can allow, block, revoke or delete the cookies installed on your computer by configuring your browser options. You can find information on how to do this, in relation to the most common browsers in the links below:<\/p><p>Explorer: <a href=\"https:\/\/support.microsoft.com\/es-es\/kb\/278835\">https:\/\/support.microsoft.com\/es-es\/kb\/278835<\/a><\/p><p>Microsoft Edge<strong>: <\/strong><a href=\"https:\/\/privacy.microsoft.com\/es-es\/windows-10-microsoft-edge-and-privacy\">https:\/\/privacy.microsoft.com\/es-es\/windows-10-microsoft-edge-and-privacy<\/a><\/p><p>Chrome:<a href=\"http:\/\/support.google.com\/chrome\/bin\/answer.py?hl=es&amp;answer=95647\">https:\/\/support.google.com\/chrome\/answer\/95647?co=GENIE.Platform%3DDesktop&amp;hl=esttp:\/\/support.google.com\/chrome\/bin\/answer.py?hl=es&amp;answer=95647<\/a><\/p><p>Firefox: <a href=\"http:\/\/support.mozilla.org\/es\/kb\/Borrar%20cookies\">http:\/\/support.mozilla.org\/es\/kb\/Borrar%20cookies<\/a><\/p><p>Safari: <a href=\"http:\/\/support.apple.com\/kb\/ph5042\">http:\/\/support.apple.com\/kb\/ph5042<\/a>.<\/p><p>Opera: <a href=\"https:\/\/help.opera.com\/en\/latest\/web-preferences\/#cookies\">https:\/\/help.opera.com\/en\/latest\/web-preferences\/#cookies<\/a><\/p><p>We inform you, however, of the possibility that the deactivation of a cookie may prevent or hinder browsing or the provision of the services offered on the website.<\/p><p>In order to revoke the cookies initially accepted, you must click on the button: \"revoke cookies\". \u00a0<\/p>\t\t\t\t\t\t\t\t<\/div>\n\t\t\t\t<div class=\"elementor-element elementor-element-a859dcb elementor-widget elementor-widget-heading\" data-id=\"a859dcb\" data-element_type=\"widget\" data-widget_type=\"heading.default\">\n\t\t\t\t\t<h2 class=\"elementor-heading-title elementor-size-default\">6. RECIPIENTS OF THE INFORMATION<\/h2>\t\t\t\t<\/div>\n\t\t\t\t<div class=\"elementor-element elementor-element-f1c33c0 elementor-widget elementor-widget-text-editor\" data-id=\"f1c33c0\" data-element_type=\"widget\" data-widget_type=\"text-editor.default\">\n\t\t\t\t\t\t\t\t\t<p><em>The information obtained through the website's cookies will be accessible to the collaborating companies listed in the Configuration Panel, where you can also consult the purposes for which they use them and their respective privacy policies.<\/em><\/p>\t\t\t\t\t\t\t\t<\/div>\n\t\t\t\t<div class=\"elementor-element elementor-element-c7775e2 elementor-widget elementor-widget-heading\" data-id=\"c7775e2\" data-element_type=\"widget\" data-widget_type=\"heading.default\">\n\t\t\t\t\t<h2 class=\"elementor-heading-title elementor-size-default\">7. MODIFICATIONS\/UPDATING <\/h2>\t\t\t\t<\/div>\n\t\t\t\t<div class=\"elementor-element elementor-element-dab4705 elementor-widget elementor-widget-text-editor\" data-id=\"dab4705\" data-element_type=\"widget\" data-widget_type=\"text-editor.default\">\n\t\t\t\t\t\t\t\t\t<p>This cookies policy may be modified\/updated according to the legal requirements established or in order to adapt said policy to the instructions issued by the Spanish Data Protection Agency or changes to our website.<\/p><p>For this reason, we advise users to periodically visit our cookie policy.<\/p><p>If you have any doubts about this cookies policy, you can contact VIVEROS RIO ERESMA SLU via the following e-mail address: <u>viveros@rioeresma.com<\/u><\/p><p>You can go to the <u>Privacy Policy<\/u>\u00a0for more information about the processing of your personal data through the use of cookies.<\/p>\t\t\t\t\t\t\t\t<\/div>\n\t\t\t\t\t<\/div>\n\t\t<\/div>\n\t\t\t\t\t<\/div>\n\t\t<\/section>\n\t\t\t\t<\/div>","protected":false},"excerpt":{"rendered":"<p>Pol\u00edtica de Cookies El objetivo de esta\u00a0pol\u00edtica es informar a los interesados acerca de las cookies que emplea esta p\u00e1gina web\u00a0 de conformidad con lo establecido en la Ley 34\/2002, de 11 de julio, de Servicios de la Sociedad de la Informaci\u00f3n y de Comercio Electr\u00f3nico, \u00a0y el Reglamento (UE) 2016\/679 del Parlamento Europeo y [&hellip;]<\/p>","protected":false},"author":1,"featured_media":0,"parent":0,"menu_order":4,"comment_status":"closed","ping_status":"closed","template":"elementor_canvas","meta":{"footnotes":""},"class_list":["post-126","page","type-page","status-publish","hentry"],"yoast_head":"<!-- This site is optimized with the Yoast SEO plugin v25.4 - https:\/\/yoast.com\/wordpress\/plugins\/seo\/ -->\n<title>Pol\u00edtica de Cookies - Viveros R\u00edo Eresma<\/title>\n<meta name=\"robots\" content=\"index, follow, max-snippet:-1, max-image-preview:large, max-video-preview:-1\" \/>\n<link rel=\"canonical\" href=\"https:\/\/rioeresma.es\/en\/politica-de-cookies\/\" \/>\n<meta property=\"og:locale\" content=\"en_GB\" \/>\n<meta property=\"og:type\" content=\"article\" \/>\n<meta property=\"og:title\" content=\"Pol\u00edtica de Cookies - Viveros R\u00edo Eresma\" \/>\n<meta property=\"og:description\" content=\"Pol\u00edtica de Cookies El objetivo de esta\u00a0pol\u00edtica es informar a los interesados acerca de las cookies que emplea esta p\u00e1gina web\u00a0 de conformidad con lo establecido en la Ley 34\/2002, de 11 de julio, de Servicios de la Sociedad de la Informaci\u00f3n y de Comercio Electr\u00f3nico, \u00a0y el Reglamento (UE) 2016\/679 del Parlamento Europeo y [&hellip;]\" \/>\n<meta property=\"og:url\" content=\"https:\/\/rioeresma.es\/en\/politica-de-cookies\/\" \/>\n<meta property=\"og:site_name\" content=\"Viveros R\u00edo Eresma\" \/>\n<meta property=\"article:publisher\" content=\"https:\/\/www.instagram.com\/rio_eresma_viveros\/\" \/>\n<meta property=\"article:modified_time\" content=\"2025-07-08T06:34:45+00:00\" \/>\n<meta name=\"twitter:card\" content=\"summary_large_image\" \/>\n<meta name=\"twitter:label1\" content=\"Estimated reading time\" \/>\n\t<meta name=\"twitter:data1\" content=\"6 minutes\" \/>\n<script type=\"application\/ld+json\" class=\"yoast-schema-graph\">{\"@context\":\"https:\/\/schema.org\",\"@graph\":[{\"@type\":\"WebPage\",\"@id\":\"https:\/\/rioeresma.es\/politica-de-cookies\/\",\"url\":\"https:\/\/rioeresma.es\/politica-de-cookies\/\",\"name\":\"Pol\u00edtica de Cookies - Viveros R\u00edo Eresma\",\"isPartOf\":{\"@id\":\"https:\/\/rioeresma.es\/#website\"},\"datePublished\":\"2022-06-01T11:59:26+00:00\",\"dateModified\":\"2025-07-08T06:34:45+00:00\",\"breadcrumb\":{\"@id\":\"https:\/\/rioeresma.es\/politica-de-cookies\/#breadcrumb\"},\"inLanguage\":\"en-GB\",\"potentialAction\":[{\"@type\":\"ReadAction\",\"target\":[\"https:\/\/rioeresma.es\/politica-de-cookies\/\"]}]},{\"@type\":\"BreadcrumbList\",\"@id\":\"https:\/\/rioeresma.es\/politica-de-cookies\/#breadcrumb\",\"itemListElement\":[{\"@type\":\"ListItem\",\"position\":1,\"name\":\"Portada\",\"item\":\"https:\/\/rioeresma.es\/\"},{\"@type\":\"ListItem\",\"position\":2,\"name\":\"Pol\u00edtica de Cookies\"}]},{\"@type\":\"WebSite\",\"@id\":\"https:\/\/rioeresma.es\/#website\",\"url\":\"https:\/\/rioeresma.es\/\",\"name\":\"Viveros R\u00edo Eresma\",\"description\":\"Viveros de plantas de fresas\",\"publisher\":{\"@id\":\"https:\/\/rioeresma.es\/#organization\"},\"alternateName\":\"viverosrioeresma.es\",\"potentialAction\":[{\"@type\":\"SearchAction\",\"target\":{\"@type\":\"EntryPoint\",\"urlTemplate\":\"https:\/\/rioeresma.es\/?s={search_term_string}\"},\"query-input\":{\"@type\":\"PropertyValueSpecification\",\"valueRequired\":true,\"valueName\":\"search_term_string\"}}],\"inLanguage\":\"en-GB\"},{\"@type\":\"Organization\",\"@id\":\"https:\/\/rioeresma.es\/#organization\",\"name\":\"Viveros Rio Eresma SL\",\"alternateName\":\"viverosrioeresma.es\",\"url\":\"https:\/\/rioeresma.es\/\",\"logo\":{\"@type\":\"ImageObject\",\"inLanguage\":\"en-GB\",\"@id\":\"https:\/\/rioeresma.es\/#\/schema\/logo\/image\/\",\"url\":\"https:\/\/rioeresma.es\/wp-content\/uploads\/2022\/05\/ri\u0301o-eresma_2.png\",\"contentUrl\":\"https:\/\/rioeresma.es\/wp-content\/uploads\/2022\/05\/ri\u0301o-eresma_2.png\",\"width\":1772,\"height\":1063,\"caption\":\"Viveros Rio Eresma SL\"},\"image\":{\"@id\":\"https:\/\/rioeresma.es\/#\/schema\/logo\/image\/\"},\"sameAs\":[\"https:\/\/www.instagram.com\/rio_eresma_viveros\/\"]}]}<\/script>\n<!-- \/ Yoast SEO plugin. -->","yoast_head_json":{"title":"Pol\u00edtica de Cookies - Viveros R\u00edo Eresma","robots":{"index":"index","follow":"follow","max-snippet":"max-snippet:-1","max-image-preview":"max-image-preview:large","max-video-preview":"max-video-preview:-1"},"canonical":"https:\/\/rioeresma.es\/en\/politica-de-cookies\/","og_locale":"en_GB","og_type":"article","og_title":"Pol\u00edtica de Cookies - Viveros R\u00edo Eresma","og_description":"Pol\u00edtica de Cookies El objetivo de esta\u00a0pol\u00edtica es informar a los interesados acerca de las cookies que emplea esta p\u00e1gina web\u00a0 de conformidad con lo establecido en la Ley 34\/2002, de 11 de julio, de Servicios de la Sociedad de la Informaci\u00f3n y de Comercio Electr\u00f3nico, \u00a0y el Reglamento (UE) 2016\/679 del Parlamento Europeo y [&hellip;]","og_url":"https:\/\/rioeresma.es\/en\/politica-de-cookies\/","og_site_name":"Viveros R\u00edo Eresma","article_publisher":"https:\/\/www.instagram.com\/rio_eresma_viveros\/","article_modified_time":"2025-07-08T06:34:45+00:00","twitter_card":"summary_large_image","twitter_misc":{"Estimated reading time":"6 minutes"},"schema":{"@context":"https:\/\/schema.org","@graph":[{"@type":"WebPage","@id":"https:\/\/rioeresma.es\/politica-de-cookies\/","url":"https:\/\/rioeresma.es\/politica-de-cookies\/","name":"Pol\u00edtica de Cookies - Viveros R\u00edo Eresma","isPartOf":{"@id":"https:\/\/rioeresma.es\/#website"},"datePublished":"2022-06-01T11:59:26+00:00","dateModified":"2025-07-08T06:34:45+00:00","breadcrumb":{"@id":"https:\/\/rioeresma.es\/politica-de-cookies\/#breadcrumb"},"inLanguage":"en-GB","potentialAction":[{"@type":"ReadAction","target":["https:\/\/rioeresma.es\/politica-de-cookies\/"]}]},{"@type":"BreadcrumbList","@id":"https:\/\/rioeresma.es\/politica-de-cookies\/#breadcrumb","itemListElement":[{"@type":"ListItem","position":1,"name":"Portada","item":"https:\/\/rioeresma.es\/"},{"@type":"ListItem","position":2,"name":"Pol\u00edtica de Cookies"}]},{"@type":"WebSite","@id":"https:\/\/rioeresma.es\/#website","url":"https:\/\/rioeresma.es\/","name":"Viveros R\u00edo Eresma","description":"Viveros de plantas de fresas","publisher":{"@id":"https:\/\/rioeresma.es\/#organization"},"alternateName":"viverosrioeresma.es","potentialAction":[{"@type":"SearchAction","target":{"@type":"EntryPoint","urlTemplate":"https:\/\/rioeresma.es\/?s={search_term_string}"},"query-input":{"@type":"PropertyValueSpecification","valueRequired":true,"valueName":"search_term_string"}}],"inLanguage":"en-GB"},{"@type":"Organization","@id":"https:\/\/rioeresma.es\/#organization","name":"Viveros Rio Eresma SL","alternateName":"viverosrioeresma.es","url":"https:\/\/rioeresma.es\/","logo":{"@type":"ImageObject","inLanguage":"en-GB","@id":"https:\/\/rioeresma.es\/#\/schema\/logo\/image\/","url":"https:\/\/rioeresma.es\/wp-content\/uploads\/2022\/05\/ri\u0301o-eresma_2.png","contentUrl":"https:\/\/rioeresma.es\/wp-content\/uploads\/2022\/05\/ri\u0301o-eresma_2.png","width":1772,"height":1063,"caption":"Viveros Rio Eresma SL"},"image":{"@id":"https:\/\/rioeresma.es\/#\/schema\/logo\/image\/"},"sameAs":["https:\/\/www.instagram.com\/rio_eresma_viveros\/"]}]}},"_links":{"self":[{"href":"https:\/\/rioeresma.es\/en\/wp-json\/wp\/v2\/pages\/126","targetHints":{"allow":["GET"]}}],"collection":[{"href":"https:\/\/rioeresma.es\/en\/wp-json\/wp\/v2\/pages"}],"about":[{"href":"https:\/\/rioeresma.es\/en\/wp-json\/wp\/v2\/types\/page"}],"author":[{"embeddable":true,"href":"https:\/\/rioeresma.es\/en\/wp-json\/wp\/v2\/users\/1"}],"replies":[{"embeddable":true,"href":"https:\/\/rioeresma.es\/en\/wp-json\/wp\/v2\/comments?post=126"}],"version-history":[{"count":10,"href":"https:\/\/rioeresma.es\/en\/wp-json\/wp\/v2\/pages\/126\/revisions"}],"predecessor-version":[{"id":187,"href":"https:\/\/rioeresma.es\/en\/wp-json\/wp\/v2\/pages\/126\/revisions\/187"}],"wp:attachment":[{"href":"https:\/\/rioeresma.es\/en\/wp-json\/wp\/v2\/media?parent=126"}],"curies":[{"name":"wp","href":"https:\/\/api.w.org\/{rel}","templated":true}]}}