{"id":39,"date":"2022-05-17T08:08:13","date_gmt":"2022-05-17T08:08:13","guid":{"rendered":"http:\/\/rioeresma.es\/?page_id=39"},"modified":"2025-07-08T06:38:04","modified_gmt":"2025-07-08T06:38:04","slug":"viveros-de-plantas-de-fresa","status":"publish","type":"page","link":"https:\/\/rioeresma.es\/en\/viveros-de-plantas-de-fresa\/","title":{"rendered":"Our Plants"},"content":{"rendered":"<div data-elementor-type=\"wp-page\" data-elementor-id=\"39\" class=\"elementor elementor-39\" data-elementor-post-type=\"page\">\n\t\t\t\t\t\t<section class=\"elementor-section elementor-top-section elementor-element elementor-element-c090fad elementor-section-full_width elementor-section-height-full elementor-section-height-default elementor-section-items-middle\" data-id=\"c090fad\" data-element_type=\"section\" data-settings=\"{&quot;background_background&quot;:&quot;classic&quot;}\">\n\t\t\t\t\t\t<div class=\"elementor-container elementor-column-gap-default\">\n\t\t\t\t\t<div class=\"elementor-column elementor-col-50 elementor-top-column elementor-element elementor-element-76fc95b\" data-id=\"76fc95b\" data-element_type=\"column\">\n\t\t\t<div class=\"elementor-widget-wrap elementor-element-populated\">\n\t\t\t\t\t\t<div class=\"elementor-element elementor-element-16d7136 elementor-widget elementor-widget-heading\" data-id=\"16d7136\" data-element_type=\"widget\" data-widget_type=\"heading.default\">\n\t\t\t\t\t<h2 class=\"elementor-heading-title elementor-size-default\">OUR PLANTS<\/h2>\t\t\t\t<\/div>\n\t\t\t\t<div class=\"elementor-element elementor-element-5c710c7 elementor-widget elementor-widget-text-editor\" data-id=\"5c710c7\" data-element_type=\"widget\" data-widget_type=\"text-editor.default\">\n\t\t\t\t\t\t\t\t\t<p>Viveros R\u00edo Eresma's commitment to the quality of the plants we produce and the transparency we apply to all our actions leads us, to maintain, the strictest quality controls.<br \/><br \/>To achieve this, we generate QR codes that accompany all plant processes and ensure that we know the traceability of each plant from cultivation to delivery. Additionally, we regularly audit the quality of the plants and produce technical reports that include all the information about the production process regarding planting, development, uprooting process, and storage of our plants.<\/p><p>In this way, our customers have the assurance that the plants they receive are in optimal conditions to produce quality fruit.<\/p>\t\t\t\t\t\t\t\t<\/div>\n\t\t\t\t<div class=\"elementor-element elementor-element-68d2673 elementor-widget elementor-widget-button\" data-id=\"68d2673\" data-element_type=\"widget\" data-widget_type=\"button.default\">\n\t\t\t\t\t\t\t\t\t\t<a class=\"elementor-button elementor-button-link elementor-size-md\" href=\"#plantas\">\n\t\t\t\t\t\t<span class=\"elementor-button-content-wrapper\">\n\t\t\t\t\t\t\t\t\t<span class=\"elementor-button-text\">Discover More<\/span>\n\t\t\t\t\t<\/span>\n\t\t\t\t\t<\/a>\n\t\t\t\t\t\t\t\t<\/div>\n\t\t\t\t\t<\/div>\n\t\t<\/div>\n\t\t\t\t<div class=\"elementor-column elementor-col-50 elementor-top-column elementor-element elementor-element-9755b44\" data-id=\"9755b44\" data-element_type=\"column\">\n\t\t\t<div class=\"elementor-widget-wrap elementor-element-populated\">\n\t\t\t\t\t\t<div class=\"elementor-element elementor-element-0731974 elementor-widget elementor-widget-image\" data-id=\"0731974\" data-element_type=\"widget\" data-widget_type=\"image.default\">\n\t\t\t\t\t\t\t\t\t\t\t\t\t\t\t<img fetchpriority=\"high\" decoding=\"async\" width=\"800\" height=\"600\" src=\"https:\/\/rioeresma.es\/wp-content\/uploads\/2022\/05\/WhatsApp-Image-2022-03-31-at-6.17.45-PM-1024x768.jpeg\" class=\"attachment-large size-large wp-image-41\" alt=\"\" srcset=\"https:\/\/rioeresma.es\/wp-content\/uploads\/2022\/05\/WhatsApp-Image-2022-03-31-at-6.17.45-PM-1024x768.jpeg 1024w, https:\/\/rioeresma.es\/wp-content\/uploads\/2022\/05\/WhatsApp-Image-2022-03-31-at-6.17.45-PM-600x450.jpeg 600w, https:\/\/rioeresma.es\/wp-content\/uploads\/2022\/05\/WhatsApp-Image-2022-03-31-at-6.17.45-PM-300x225.jpeg 300w, https:\/\/rioeresma.es\/wp-content\/uploads\/2022\/05\/WhatsApp-Image-2022-03-31-at-6.17.45-PM-768x576.jpeg 768w, https:\/\/rioeresma.es\/wp-content\/uploads\/2022\/05\/WhatsApp-Image-2022-03-31-at-6.17.45-PM-1536x1152.jpeg 1536w, https:\/\/rioeresma.es\/wp-content\/uploads\/2022\/05\/WhatsApp-Image-2022-03-31-at-6.17.45-PM.jpeg 1600w\" sizes=\"(max-width: 800px) 100vw, 800px\" \/>\t\t\t\t\t\t\t\t\t\t\t\t\t\t\t<\/div>\n\t\t\t\t<div class=\"elementor-element elementor-element-63cac5d elementor-widget elementor-widget-image\" data-id=\"63cac5d\" data-element_type=\"widget\" data-widget_type=\"image.default\">\n\t\t\t\t\t\t\t\t\t\t\t\t\t\t\t<img decoding=\"async\" width=\"800\" height=\"199\" src=\"https:\/\/rioeresma.es\/wp-content\/uploads\/2022\/05\/faldon2-1024x255.png\" class=\"attachment-large size-large wp-image-42\" alt=\"\" srcset=\"https:\/\/rioeresma.es\/wp-content\/uploads\/2022\/05\/faldon2-1024x255.png 1024w, https:\/\/rioeresma.es\/wp-content\/uploads\/2022\/05\/faldon2-600x150.png 600w, https:\/\/rioeresma.es\/wp-content\/uploads\/2022\/05\/faldon2-300x75.png 300w, https:\/\/rioeresma.es\/wp-content\/uploads\/2022\/05\/faldon2-768x191.png 768w, https:\/\/rioeresma.es\/wp-content\/uploads\/2022\/05\/faldon2.png 1384w\" sizes=\"(max-width: 800px) 100vw, 800px\" \/>\t\t\t\t\t\t\t\t\t\t\t\t\t\t\t<\/div>\n\t\t\t\t\t<\/div>\n\t\t<\/div>\n\t\t\t\t\t<\/div>\n\t\t<\/section>\n\t\t\t\t<section class=\"elementor-section elementor-top-section elementor-element elementor-element-60ff6ae elementor-section-boxed elementor-section-height-default elementor-section-height-default\" data-id=\"60ff6ae\" data-element_type=\"section\" id=\"plantas\" data-settings=\"{&quot;background_background&quot;:&quot;classic&quot;}\">\n\t\t\t\t\t\t<div class=\"elementor-container elementor-column-gap-default\">\n\t\t\t\t\t<div class=\"elementor-column elementor-col-100 elementor-top-column elementor-element elementor-element-a088771\" data-id=\"a088771\" data-element_type=\"column\">\n\t\t\t<div class=\"elementor-widget-wrap elementor-element-populated\">\n\t\t\t\t\t\t<section class=\"elementor-section elementor-inner-section elementor-element elementor-element-272eb68 elementor-section-boxed elementor-section-height-default elementor-section-height-default\" data-id=\"272eb68\" data-element_type=\"section\">\n\t\t\t\t\t\t<div class=\"elementor-container elementor-column-gap-default\">\n\t\t\t\t\t<div class=\"elementor-column elementor-col-50 elementor-inner-column elementor-element elementor-element-984a432\" data-id=\"984a432\" data-element_type=\"column\" data-settings=\"{&quot;background_background&quot;:&quot;classic&quot;}\">\n\t\t\t<div class=\"elementor-widget-wrap elementor-element-populated\">\n\t\t\t\t\t\t<div class=\"elementor-element elementor-element-d1aeb37 elementor-widget elementor-widget-image\" data-id=\"d1aeb37\" data-element_type=\"widget\" data-widget_type=\"image.default\">\n\t\t\t\t\t\t\t\t\t\t\t\t\t\t\t<img decoding=\"async\" width=\"300\" height=\"225\" src=\"https:\/\/rioeresma.es\/wp-content\/uploads\/2022\/05\/WhatsApp-Image-2022-03-31-at-6.17.48-PM-300x225.jpeg\" class=\"attachment-medium size-medium wp-image-43\" alt=\"\" srcset=\"https:\/\/rioeresma.es\/wp-content\/uploads\/2022\/05\/WhatsApp-Image-2022-03-31-at-6.17.48-PM-300x225.jpeg 300w, https:\/\/rioeresma.es\/wp-content\/uploads\/2022\/05\/WhatsApp-Image-2022-03-31-at-6.17.48-PM-600x450.jpeg 600w, https:\/\/rioeresma.es\/wp-content\/uploads\/2022\/05\/WhatsApp-Image-2022-03-31-at-6.17.48-PM-1024x768.jpeg 1024w, https:\/\/rioeresma.es\/wp-content\/uploads\/2022\/05\/WhatsApp-Image-2022-03-31-at-6.17.48-PM-768x576.jpeg 768w, https:\/\/rioeresma.es\/wp-content\/uploads\/2022\/05\/WhatsApp-Image-2022-03-31-at-6.17.48-PM-1536x1152.jpeg 1536w, https:\/\/rioeresma.es\/wp-content\/uploads\/2022\/05\/WhatsApp-Image-2022-03-31-at-6.17.48-PM.jpeg 2000w\" sizes=\"(max-width: 300px) 100vw, 300px\" \/>\t\t\t\t\t\t\t\t\t\t\t\t\t\t\t<\/div>\n\t\t\t\t<div class=\"elementor-element elementor-element-8e282ac elementor-widget elementor-widget-text-editor\" data-id=\"8e282ac\" data-element_type=\"widget\" data-widget_type=\"text-editor.default\">\n\t\t\t\t\t\t\t\t\t<p>SELECTIVE NURSERY<\/p>\t\t\t\t\t\t\t\t<\/div>\n\t\t\t\t<div class=\"elementor-element elementor-element-5e51f02 elementor-widget elementor-widget-text-editor\" data-id=\"5e51f02\" data-element_type=\"widget\" data-widget_type=\"text-editor.default\">\n\t\t\t\t\t\t\t\t\t<p>If you already know us, or you've been browsing this page for a while, you'll have noticed that the productivity and quality of the strawberries produced by our plants are as important to you as they are to us.<\/p>\n<p>To achieve this excellence, our goal is to control the quality of the plant material from the initial material to the mother plant. <\/p>\n<p>At Viveros R\u00edo Eresma, we are a selective nursery, so we have both a Foundation nursery and an InsectProof for the development and control of the initial material, thus guaranteeing the origin of our mother plants.<\/p>\t\t\t\t\t\t\t\t<\/div>\n\t\t\t\t\t<\/div>\n\t\t<\/div>\n\t\t\t\t<div class=\"elementor-column elementor-col-50 elementor-inner-column elementor-element elementor-element-86af487\" data-id=\"86af487\" data-element_type=\"column\" data-settings=\"{&quot;background_background&quot;:&quot;classic&quot;}\">\n\t\t\t<div class=\"elementor-widget-wrap elementor-element-populated\">\n\t\t\t\t\t\t<div class=\"elementor-element elementor-element-f52d772 elementor-widget elementor-widget-image\" data-id=\"f52d772\" data-element_type=\"widget\" data-widget_type=\"image.default\">\n\t\t\t\t\t\t\t\t\t\t\t\t\t\t\t<img loading=\"lazy\" decoding=\"async\" width=\"300\" height=\"225\" src=\"https:\/\/rioeresma.es\/wp-content\/uploads\/2022\/05\/20210906_095634-1-1-300x225.jpg\" class=\"attachment-medium size-medium wp-image-46\" alt=\"\" srcset=\"https:\/\/rioeresma.es\/wp-content\/uploads\/2022\/05\/20210906_095634-1-1-300x225.jpg 300w, https:\/\/rioeresma.es\/wp-content\/uploads\/2022\/05\/20210906_095634-1-1-scaled-600x450.jpg 600w, https:\/\/rioeresma.es\/wp-content\/uploads\/2022\/05\/20210906_095634-1-1-1024x768.jpg 1024w, https:\/\/rioeresma.es\/wp-content\/uploads\/2022\/05\/20210906_095634-1-1-768x576.jpg 768w, https:\/\/rioeresma.es\/wp-content\/uploads\/2022\/05\/20210906_095634-1-1-1536x1152.jpg 1536w\" sizes=\"(max-width: 300px) 100vw, 300px\" \/>\t\t\t\t\t\t\t\t\t\t\t\t\t\t\t<\/div>\n\t\t\t\t<div class=\"elementor-element elementor-element-87baade elementor-widget elementor-widget-text-editor\" data-id=\"87baade\" data-element_type=\"widget\" data-widget_type=\"text-editor.default\">\n\t\t\t\t\t\t\t\t\t<p>PLUG TRAYS<\/p>\t\t\t\t\t\t\t\t<\/div>\n\t\t\t\t<div class=\"elementor-element elementor-element-14fa78c elementor-widget elementor-widget-text-editor\" data-id=\"14fa78c\" data-element_type=\"widget\" data-widget_type=\"text-editor.default\">\n\t\t\t\t\t\t\t\t\t<p>We cultivate plug trays from our best fields through a handmade process of cutting runners.<br \/><br \/>Using different formats, substrates, and techniques tailored to each variety, we achieve top-quality plug trays.<br \/>We are leaders and pioneers in the cultivation of this product.<br \/><br \/>Our experience and facilities enable us to send these plants directly to your fields, ensuring early fruit production without compromising quality.<\/p>\t\t\t\t\t\t\t\t<\/div>\n\t\t\t\t\t<\/div>\n\t\t<\/div>\n\t\t\t\t\t<\/div>\n\t\t<\/section>\n\t\t\t\t<section class=\"elementor-section elementor-inner-section elementor-element elementor-element-41b8293 elementor-section-boxed elementor-section-height-default elementor-section-height-default\" data-id=\"41b8293\" data-element_type=\"section\">\n\t\t\t\t\t\t<div class=\"elementor-container elementor-column-gap-default\">\n\t\t\t\t\t<div class=\"elementor-column elementor-col-50 elementor-inner-column elementor-element elementor-element-ece97a7\" data-id=\"ece97a7\" data-element_type=\"column\" data-settings=\"{&quot;background_background&quot;:&quot;classic&quot;}\">\n\t\t\t<div class=\"elementor-widget-wrap elementor-element-populated\">\n\t\t\t\t\t\t<div class=\"elementor-element elementor-element-b3aad23 elementor-widget elementor-widget-image\" data-id=\"b3aad23\" data-element_type=\"widget\" data-widget_type=\"image.default\">\n\t\t\t\t\t\t\t\t\t\t\t\t\t\t\t<img loading=\"lazy\" decoding=\"async\" width=\"300\" height=\"225\" src=\"https:\/\/rioeresma.es\/wp-content\/uploads\/2022\/05\/WhatsApp-Image-2022-03-31-at-6.17.46-PM-3-300x225.jpeg\" class=\"attachment-medium size-medium wp-image-47\" alt=\"\" srcset=\"https:\/\/rioeresma.es\/wp-content\/uploads\/2022\/05\/WhatsApp-Image-2022-03-31-at-6.17.46-PM-3-300x225.jpeg 300w, https:\/\/rioeresma.es\/wp-content\/uploads\/2022\/05\/WhatsApp-Image-2022-03-31-at-6.17.46-PM-3-600x450.jpeg 600w, https:\/\/rioeresma.es\/wp-content\/uploads\/2022\/05\/WhatsApp-Image-2022-03-31-at-6.17.46-PM-3-1024x768.jpeg 1024w, https:\/\/rioeresma.es\/wp-content\/uploads\/2022\/05\/WhatsApp-Image-2022-03-31-at-6.17.46-PM-3-768x576.jpeg 768w, https:\/\/rioeresma.es\/wp-content\/uploads\/2022\/05\/WhatsApp-Image-2022-03-31-at-6.17.46-PM-3-1536x1152.jpeg 1536w, https:\/\/rioeresma.es\/wp-content\/uploads\/2022\/05\/WhatsApp-Image-2022-03-31-at-6.17.46-PM-3.jpeg 1600w\" sizes=\"(max-width: 300px) 100vw, 300px\" \/>\t\t\t\t\t\t\t\t\t\t\t\t\t\t\t<\/div>\n\t\t\t\t<div class=\"elementor-element elementor-element-1439469 elementor-widget elementor-widget-text-editor\" data-id=\"1439469\" data-element_type=\"widget\" data-widget_type=\"text-editor.default\">\n\t\t\t\t\t\t\t\t\t<p>BARE-ROOT PLANTS<\/p>\t\t\t\t\t\t\t\t<\/div>\n\t\t\t\t<div class=\"elementor-element elementor-element-dd20e0f elementor-widget elementor-widget-text-editor\" data-id=\"dd20e0f\" data-element_type=\"widget\" data-widget_type=\"text-editor.default\">\n\t\t\t\t\t\t\t\t\t<p>We plant the best mother plants in our fields in Segovia, where they grow under soil, altitude, and temperature conditions that are highly suitable for the proper development of the plant.<br \/><br \/>At the optimal moment, these plants are harvested, selected, and transported bare-root to our customers' fields where, thanks to generally warmer climates, the plants produce a great  quantity of high-quality fruit.<br \/><br \/>We offer a wide range of bare-root strawberry plant varieties and provide guidance on the best ones for your field based on your needs.<\/p>\t\t\t\t\t\t\t\t<\/div>\n\t\t\t\t\t<\/div>\n\t\t<\/div>\n\t\t\t\t<div class=\"elementor-column elementor-col-50 elementor-inner-column elementor-element elementor-element-c91cce0\" data-id=\"c91cce0\" data-element_type=\"column\" data-settings=\"{&quot;background_background&quot;:&quot;classic&quot;}\">\n\t\t\t<div class=\"elementor-widget-wrap elementor-element-populated\">\n\t\t\t\t\t\t<div class=\"elementor-element elementor-element-1adda01 elementor-widget elementor-widget-image\" data-id=\"1adda01\" data-element_type=\"widget\" data-widget_type=\"image.default\">\n\t\t\t\t\t\t\t\t\t\t\t\t\t\t\t<img decoding=\"async\" src=\"https:\/\/rioeresma.es\/wp-content\/uploads\/elementor\/thumbs\/WhatsApp-Image-2022-03-30-at-7.32.34-PM-poxtf1abwhf9gm6yayl6pw3n6r3mdfaj7dcyw7ueik.jpeg\" title=\"WhatsApp Image 2022-03-30 at 7.32.34 PM\" alt=\"WhatsApp Image 2022-03-30 at 7.32.34 PM\" loading=\"lazy\" \/>\t\t\t\t\t\t\t\t\t\t\t\t\t\t\t<\/div>\n\t\t\t\t<div class=\"elementor-element elementor-element-5e36051 elementor-widget elementor-widget-text-editor\" data-id=\"5e36051\" data-element_type=\"widget\" data-widget_type=\"text-editor.default\">\n\t\t\t\t\t\t\t\t\t<p>BARE-ROOT FRIGO PLANTS<\/p>\t\t\t\t\t\t\t\t<\/div>\n\t\t\t\t<div class=\"elementor-element elementor-element-3977d8f elementor-widget elementor-widget-text-editor\" data-id=\"3977d8f\" data-element_type=\"widget\" data-widget_type=\"text-editor.default\">\n\t\t\t\t\t\t\t\t\t<p>We harvest the plant in December and store it in our cold chambers at the optimal conservation temperature.<br \/><br \/>This type of preservation, which makes the plant very resilient, allows us to deliver our plant to anywhere in the world you may need it, in optimal quality conditions. <br \/><br \/>Once the plant reaches your hands, you only need to \"wake it up\" to get it ready for planting in your field.<\/p>\t\t\t\t\t\t\t\t<\/div>\n\t\t\t\t\t<\/div>\n\t\t<\/div>\n\t\t\t\t\t<\/div>\n\t\t<\/section>\n\t\t\t\t\t<\/div>\n\t\t<\/div>\n\t\t\t\t\t<\/div>\n\t\t<\/section>\n\t\t\t\t<\/div>","protected":false},"excerpt":{"rendered":"<p>NUESTRAS PLANTAS El compromiso de Viveros R\u00edo Eresma con la calidad de las plantas que producimos y la transparencia que aplicamos a todas nuestras actuaciones nos lleva a mantener los m\u00e1s estrictos controles de calidad. Para ello, generamos c\u00f3digos QR que acompa\u00f1an a todos los procesos de la planta y que nos aseguran conocer la [&hellip;]<\/p>","protected":false},"author":1,"featured_media":0,"parent":0,"menu_order":1,"comment_status":"closed","ping_status":"closed","template":"elementor_header_footer","meta":{"footnotes":""},"class_list":["post-39","page","type-page","status-publish","hentry"],"yoast_head":"<!-- This site is optimized with the Yoast SEO plugin v25.4 - https:\/\/yoast.com\/wordpress\/plugins\/seo\/ -->\n<title>Nuestras Plantas - Viveros R\u00edo Eresma<\/title>\n<meta name=\"description\" content=\"Nuestra especialidad y nuestra pasi\u00f3n son las plantas de fresa de altura. Nuestra experiencia nos avala.\" \/>\n<meta name=\"robots\" content=\"index, follow, max-snippet:-1, max-image-preview:large, max-video-preview:-1\" \/>\n<link rel=\"canonical\" href=\"https:\/\/rioeresma.es\/en\/viveros-de-plantas-de-fresa\/\" \/>\n<meta property=\"og:locale\" content=\"en_GB\" \/>\n<meta property=\"og:type\" content=\"article\" \/>\n<meta property=\"og:title\" content=\"Nuestras Plantas - Viveros R\u00edo Eresma\" \/>\n<meta property=\"og:description\" content=\"Nuestra especialidad y nuestra pasi\u00f3n son las plantas de fresa de altura. Nuestra experiencia nos avala.\" \/>\n<meta property=\"og:url\" content=\"https:\/\/rioeresma.es\/en\/viveros-de-plantas-de-fresa\/\" \/>\n<meta property=\"og:site_name\" content=\"Viveros R\u00edo Eresma\" \/>\n<meta property=\"article:publisher\" content=\"https:\/\/www.instagram.com\/rio_eresma_viveros\/\" \/>\n<meta property=\"article:modified_time\" content=\"2025-07-08T06:38:04+00:00\" \/>\n<meta property=\"og:image\" content=\"http:\/\/rioeresma.es\/wp-content\/uploads\/2022\/05\/WhatsApp-Image-2022-03-31-at-6.17.45-PM-1024x768.jpeg\" \/>\n<meta name=\"twitter:card\" content=\"summary_large_image\" \/>\n<meta name=\"twitter:label1\" content=\"Estimated reading time\" \/>\n\t<meta name=\"twitter:data1\" content=\"4 minutes\" \/>\n<script type=\"application\/ld+json\" class=\"yoast-schema-graph\">{\"@context\":\"https:\/\/schema.org\",\"@graph\":[{\"@type\":\"WebPage\",\"@id\":\"https:\/\/rioeresma.es\/viveros-de-plantas-de-fresa\/\",\"url\":\"https:\/\/rioeresma.es\/viveros-de-plantas-de-fresa\/\",\"name\":\"Nuestras Plantas - Viveros R\u00edo Eresma\",\"isPartOf\":{\"@id\":\"https:\/\/rioeresma.es\/#website\"},\"primaryImageOfPage\":{\"@id\":\"https:\/\/rioeresma.es\/viveros-de-plantas-de-fresa\/#primaryimage\"},\"image\":{\"@id\":\"https:\/\/rioeresma.es\/viveros-de-plantas-de-fresa\/#primaryimage\"},\"thumbnailUrl\":\"http:\/\/rioeresma.es\/wp-content\/uploads\/2022\/05\/WhatsApp-Image-2022-03-31-at-6.17.45-PM-1024x768.jpeg\",\"datePublished\":\"2022-05-17T08:08:13+00:00\",\"dateModified\":\"2025-07-08T06:38:04+00:00\",\"description\":\"Nuestra especialidad y nuestra pasi\u00f3n son las plantas de fresa de altura. Nuestra experiencia nos avala.\",\"breadcrumb\":{\"@id\":\"https:\/\/rioeresma.es\/viveros-de-plantas-de-fresa\/#breadcrumb\"},\"inLanguage\":\"en-GB\",\"potentialAction\":[{\"@type\":\"ReadAction\",\"target\":[\"https:\/\/rioeresma.es\/viveros-de-plantas-de-fresa\/\"]}]},{\"@type\":\"ImageObject\",\"inLanguage\":\"en-GB\",\"@id\":\"https:\/\/rioeresma.es\/viveros-de-plantas-de-fresa\/#primaryimage\",\"url\":\"http:\/\/rioeresma.es\/wp-content\/uploads\/2022\/05\/WhatsApp-Image-2022-03-31-at-6.17.45-PM-1024x768.jpeg\",\"contentUrl\":\"http:\/\/rioeresma.es\/wp-content\/uploads\/2022\/05\/WhatsApp-Image-2022-03-31-at-6.17.45-PM-1024x768.jpeg\"},{\"@type\":\"BreadcrumbList\",\"@id\":\"https:\/\/rioeresma.es\/viveros-de-plantas-de-fresa\/#breadcrumb\",\"itemListElement\":[{\"@type\":\"ListItem\",\"position\":1,\"name\":\"Portada\",\"item\":\"https:\/\/rioeresma.es\/\"},{\"@type\":\"ListItem\",\"position\":2,\"name\":\"Nuestras Plantas\"}]},{\"@type\":\"WebSite\",\"@id\":\"https:\/\/rioeresma.es\/#website\",\"url\":\"https:\/\/rioeresma.es\/\",\"name\":\"Viveros R\u00edo Eresma\",\"description\":\"Viveros de plantas de fresas\",\"publisher\":{\"@id\":\"https:\/\/rioeresma.es\/#organization\"},\"alternateName\":\"viverosrioeresma.es\",\"potentialAction\":[{\"@type\":\"SearchAction\",\"target\":{\"@type\":\"EntryPoint\",\"urlTemplate\":\"https:\/\/rioeresma.es\/?s={search_term_string}\"},\"query-input\":{\"@type\":\"PropertyValueSpecification\",\"valueRequired\":true,\"valueName\":\"search_term_string\"}}],\"inLanguage\":\"en-GB\"},{\"@type\":\"Organization\",\"@id\":\"https:\/\/rioeresma.es\/#organization\",\"name\":\"Viveros Rio Eresma SL\",\"alternateName\":\"viverosrioeresma.es\",\"url\":\"https:\/\/rioeresma.es\/\",\"logo\":{\"@type\":\"ImageObject\",\"inLanguage\":\"en-GB\",\"@id\":\"https:\/\/rioeresma.es\/#\/schema\/logo\/image\/\",\"url\":\"https:\/\/rioeresma.es\/wp-content\/uploads\/2022\/05\/ri\u0301o-eresma_2.png\",\"contentUrl\":\"https:\/\/rioeresma.es\/wp-content\/uploads\/2022\/05\/ri\u0301o-eresma_2.png\",\"width\":1772,\"height\":1063,\"caption\":\"Viveros Rio Eresma SL\"},\"image\":{\"@id\":\"https:\/\/rioeresma.es\/#\/schema\/logo\/image\/\"},\"sameAs\":[\"https:\/\/www.instagram.com\/rio_eresma_viveros\/\"]}]}<\/script>\n<!-- \/ Yoast SEO plugin. -->","yoast_head_json":{"title":"Nuestras Plantas - Viveros R\u00edo Eresma","description":"Nuestra especialidad y nuestra pasi\u00f3n son las plantas de fresa de altura. Nuestra experiencia nos avala.","robots":{"index":"index","follow":"follow","max-snippet":"max-snippet:-1","max-image-preview":"max-image-preview:large","max-video-preview":"max-video-preview:-1"},"canonical":"https:\/\/rioeresma.es\/en\/viveros-de-plantas-de-fresa\/","og_locale":"en_GB","og_type":"article","og_title":"Nuestras Plantas - Viveros R\u00edo Eresma","og_description":"Nuestra especialidad y nuestra pasi\u00f3n son las plantas de fresa de altura. Nuestra experiencia nos avala.","og_url":"https:\/\/rioeresma.es\/en\/viveros-de-plantas-de-fresa\/","og_site_name":"Viveros R\u00edo Eresma","article_publisher":"https:\/\/www.instagram.com\/rio_eresma_viveros\/","article_modified_time":"2025-07-08T06:38:04+00:00","og_image":[{"url":"http:\/\/rioeresma.es\/wp-content\/uploads\/2022\/05\/WhatsApp-Image-2022-03-31-at-6.17.45-PM-1024x768.jpeg","type":"","width":"","height":""}],"twitter_card":"summary_large_image","twitter_misc":{"Estimated reading time":"4 minutes"},"schema":{"@context":"https:\/\/schema.org","@graph":[{"@type":"WebPage","@id":"https:\/\/rioeresma.es\/viveros-de-plantas-de-fresa\/","url":"https:\/\/rioeresma.es\/viveros-de-plantas-de-fresa\/","name":"Nuestras Plantas - Viveros R\u00edo Eresma","isPartOf":{"@id":"https:\/\/rioeresma.es\/#website"},"primaryImageOfPage":{"@id":"https:\/\/rioeresma.es\/viveros-de-plantas-de-fresa\/#primaryimage"},"image":{"@id":"https:\/\/rioeresma.es\/viveros-de-plantas-de-fresa\/#primaryimage"},"thumbnailUrl":"http:\/\/rioeresma.es\/wp-content\/uploads\/2022\/05\/WhatsApp-Image-2022-03-31-at-6.17.45-PM-1024x768.jpeg","datePublished":"2022-05-17T08:08:13+00:00","dateModified":"2025-07-08T06:38:04+00:00","description":"Nuestra especialidad y nuestra pasi\u00f3n son las plantas de fresa de altura. Nuestra experiencia nos avala.","breadcrumb":{"@id":"https:\/\/rioeresma.es\/viveros-de-plantas-de-fresa\/#breadcrumb"},"inLanguage":"en-GB","potentialAction":[{"@type":"ReadAction","target":["https:\/\/rioeresma.es\/viveros-de-plantas-de-fresa\/"]}]},{"@type":"ImageObject","inLanguage":"en-GB","@id":"https:\/\/rioeresma.es\/viveros-de-plantas-de-fresa\/#primaryimage","url":"http:\/\/rioeresma.es\/wp-content\/uploads\/2022\/05\/WhatsApp-Image-2022-03-31-at-6.17.45-PM-1024x768.jpeg","contentUrl":"http:\/\/rioeresma.es\/wp-content\/uploads\/2022\/05\/WhatsApp-Image-2022-03-31-at-6.17.45-PM-1024x768.jpeg"},{"@type":"BreadcrumbList","@id":"https:\/\/rioeresma.es\/viveros-de-plantas-de-fresa\/#breadcrumb","itemListElement":[{"@type":"ListItem","position":1,"name":"Portada","item":"https:\/\/rioeresma.es\/"},{"@type":"ListItem","position":2,"name":"Nuestras Plantas"}]},{"@type":"WebSite","@id":"https:\/\/rioeresma.es\/#website","url":"https:\/\/rioeresma.es\/","name":"Viveros R\u00edo Eresma","description":"Viveros de plantas de fresas","publisher":{"@id":"https:\/\/rioeresma.es\/#organization"},"alternateName":"viverosrioeresma.es","potentialAction":[{"@type":"SearchAction","target":{"@type":"EntryPoint","urlTemplate":"https:\/\/rioeresma.es\/?s={search_term_string}"},"query-input":{"@type":"PropertyValueSpecification","valueRequired":true,"valueName":"search_term_string"}}],"inLanguage":"en-GB"},{"@type":"Organization","@id":"https:\/\/rioeresma.es\/#organization","name":"Viveros Rio Eresma SL","alternateName":"viverosrioeresma.es","url":"https:\/\/rioeresma.es\/","logo":{"@type":"ImageObject","inLanguage":"en-GB","@id":"https:\/\/rioeresma.es\/#\/schema\/logo\/image\/","url":"https:\/\/rioeresma.es\/wp-content\/uploads\/2022\/05\/ri\u0301o-eresma_2.png","contentUrl":"https:\/\/rioeresma.es\/wp-content\/uploads\/2022\/05\/ri\u0301o-eresma_2.png","width":1772,"height":1063,"caption":"Viveros Rio Eresma SL"},"image":{"@id":"https:\/\/rioeresma.es\/#\/schema\/logo\/image\/"},"sameAs":["https:\/\/www.instagram.com\/rio_eresma_viveros\/"]}]}},"_links":{"self":[{"href":"https:\/\/rioeresma.es\/en\/wp-json\/wp\/v2\/pages\/39","targetHints":{"allow":["GET"]}}],"collection":[{"href":"https:\/\/rioeresma.es\/en\/wp-json\/wp\/v2\/pages"}],"about":[{"href":"https:\/\/rioeresma.es\/en\/wp-json\/wp\/v2\/types\/page"}],"author":[{"embeddable":true,"href":"https:\/\/rioeresma.es\/en\/wp-json\/wp\/v2\/users\/1"}],"replies":[{"embeddable":true,"href":"https:\/\/rioeresma.es\/en\/wp-json\/wp\/v2\/comments?post=39"}],"version-history":[{"count":16,"href":"https:\/\/rioeresma.es\/en\/wp-json\/wp\/v2\/pages\/39\/revisions"}],"predecessor-version":[{"id":205,"href":"https:\/\/rioeresma.es\/en\/wp-json\/wp\/v2\/pages\/39\/revisions\/205"}],"wp:attachment":[{"href":"https:\/\/rioeresma.es\/en\/wp-json\/wp\/v2\/media?parent=39"}],"curies":[{"name":"wp","href":"https:\/\/api.w.org\/{rel}","templated":true}]}}