{"id":55,"date":"2022-05-17T07:44:39","date_gmt":"2022-05-17T07:44:39","guid":{"rendered":"http:\/\/rioeresma.es\/?page_id=55"},"modified":"2025-07-08T06:38:08","modified_gmt":"2025-07-08T06:38:08","slug":"plantas-de-fresas","status":"publish","type":"page","link":"https:\/\/rioeresma.es\/en\/plantas-de-fresas\/","title":{"rendered":"Qui\u00e9nes Somos"},"content":{"rendered":"<div data-elementor-type=\"wp-page\" data-elementor-id=\"55\" class=\"elementor elementor-55\" data-elementor-post-type=\"page\">\n\t\t\t\t\t\t<section class=\"elementor-section elementor-top-section elementor-element elementor-element-c090fad elementor-section-full_width elementor-section-height-default elementor-section-height-default\" data-id=\"c090fad\" data-element_type=\"section\" data-settings=\"{&quot;background_background&quot;:&quot;classic&quot;}\">\n\t\t\t\t\t\t<div class=\"elementor-container elementor-column-gap-default\">\n\t\t\t\t\t<div class=\"elementor-column elementor-col-50 elementor-top-column elementor-element elementor-element-76fc95b\" data-id=\"76fc95b\" data-element_type=\"column\">\n\t\t\t<div class=\"elementor-widget-wrap elementor-element-populated\">\n\t\t\t\t\t\t<div class=\"elementor-element elementor-element-16d7136 elementor-widget elementor-widget-heading\" data-id=\"16d7136\" data-element_type=\"widget\" data-widget_type=\"heading.default\">\n\t\t\t\t\t<h2 class=\"elementor-heading-title elementor-size-default\">WHO WE ARE<\/h2>\t\t\t\t<\/div>\n\t\t\t\t<div class=\"elementor-element elementor-element-5c710c7 elementor-widget elementor-widget-text-editor\" data-id=\"5c710c7\" data-element_type=\"widget\" data-widget_type=\"text-editor.default\">\n\t\t\t\t\t\t\t\t\t<p>We are a strawberry plant nursery with over 35 years of experience in cultivating the best possible strawberry plants.<br \/><br \/>We produce plants that are the source of attractive, tasty, and healthy fruit. <br \/><br \/>From our fields in Segovia, we sell our plants to leading strawberry producers and growers in Spain, Italy, Morocco, Algeria, Greece, among others.<\/p>\t\t\t\t\t\t\t\t<\/div>\n\t\t\t\t<div class=\"elementor-element elementor-element-68d2673 elementor-widget elementor-widget-button\" data-id=\"68d2673\" data-element_type=\"widget\" data-widget_type=\"button.default\">\n\t\t\t\t\t\t\t\t\t\t<a class=\"elementor-button elementor-button-link elementor-size-md\" href=\"#conocenos\">\n\t\t\t\t\t\t<span class=\"elementor-button-content-wrapper\">\n\t\t\t\t\t\t\t\t\t<span class=\"elementor-button-text\">Discover More<\/span>\n\t\t\t\t\t<\/span>\n\t\t\t\t\t<\/a>\n\t\t\t\t\t\t\t\t<\/div>\n\t\t\t\t\t<\/div>\n\t\t<\/div>\n\t\t\t\t<div class=\"elementor-column elementor-col-50 elementor-top-column elementor-element elementor-element-9755b44\" data-id=\"9755b44\" data-element_type=\"column\">\n\t\t\t<div class=\"elementor-widget-wrap elementor-element-populated\">\n\t\t\t\t\t\t<div class=\"elementor-element elementor-element-0731974 elementor-widget elementor-widget-image\" data-id=\"0731974\" data-element_type=\"widget\" data-widget_type=\"image.default\">\n\t\t\t\t\t\t\t\t\t\t\t\t\t\t\t<img decoding=\"async\" src=\"https:\/\/rioeresma.es\/wp-content\/uploads\/elementor\/thumbs\/WhatsApp-Image-2022-03-31-at-6.17.47-PM-3-ppoigkzc50kthdoyebqwj3a8fmq29es82tgds3hd6o.jpeg\" title=\"WhatsApp Image 2022-03-31 at 6.17.47 PM (3)\" alt=\"WhatsApp Image 2022-03-31 at 6.17.47 PM (3)\" loading=\"lazy\" \/>\t\t\t\t\t\t\t\t\t\t\t\t\t\t\t<\/div>\n\t\t\t\t<div class=\"elementor-element elementor-element-63cac5d elementor-widget elementor-widget-image\" data-id=\"63cac5d\" data-element_type=\"widget\" data-widget_type=\"image.default\">\n\t\t\t\t\t\t\t\t\t\t\t\t\t\t\t<img fetchpriority=\"high\" decoding=\"async\" width=\"800\" height=\"199\" src=\"https:\/\/rioeresma.es\/wp-content\/uploads\/2022\/05\/faldon2-1024x255.png\" class=\"attachment-large size-large wp-image-42\" alt=\"\" srcset=\"https:\/\/rioeresma.es\/wp-content\/uploads\/2022\/05\/faldon2-1024x255.png 1024w, https:\/\/rioeresma.es\/wp-content\/uploads\/2022\/05\/faldon2-600x150.png 600w, https:\/\/rioeresma.es\/wp-content\/uploads\/2022\/05\/faldon2-300x75.png 300w, https:\/\/rioeresma.es\/wp-content\/uploads\/2022\/05\/faldon2-768x191.png 768w, https:\/\/rioeresma.es\/wp-content\/uploads\/2022\/05\/faldon2.png 1384w\" sizes=\"(max-width: 800px) 100vw, 800px\" \/>\t\t\t\t\t\t\t\t\t\t\t\t\t\t\t<\/div>\n\t\t\t\t\t<\/div>\n\t\t<\/div>\n\t\t\t\t\t<\/div>\n\t\t<\/section>\n\t\t\t\t<section class=\"elementor-section elementor-top-section elementor-element elementor-element-60ff6ae elementor-section-boxed elementor-section-height-default elementor-section-height-default\" data-id=\"60ff6ae\" data-element_type=\"section\" data-settings=\"{&quot;background_background&quot;:&quot;classic&quot;}\">\n\t\t\t\t\t\t<div class=\"elementor-container elementor-column-gap-default\">\n\t\t\t\t\t<div class=\"elementor-column elementor-col-100 elementor-top-column elementor-element elementor-element-a088771\" data-id=\"a088771\" data-element_type=\"column\">\n\t\t\t<div class=\"elementor-widget-wrap elementor-element-populated\">\n\t\t\t\t\t\t<section class=\"elementor-section elementor-inner-section elementor-element elementor-element-272eb68 elementor-section-boxed elementor-section-height-default elementor-section-height-default\" data-id=\"272eb68\" data-element_type=\"section\" id=\"conocenos\">\n\t\t\t\t\t\t<div class=\"elementor-container elementor-column-gap-default\">\n\t\t\t\t\t<div class=\"elementor-column elementor-col-50 elementor-inner-column elementor-element elementor-element-984a432\" data-id=\"984a432\" data-element_type=\"column\" data-settings=\"{&quot;background_background&quot;:&quot;classic&quot;}\">\n\t\t\t<div class=\"elementor-widget-wrap elementor-element-populated\">\n\t\t\t\t\t\t<div class=\"elementor-element elementor-element-8e282ac elementor-widget elementor-widget-text-editor\" data-id=\"8e282ac\" data-element_type=\"widget\" data-widget_type=\"text-editor.default\">\n\t\t\t\t\t\t\t\t\t<p>TRADITIONAL PRODUCTION<\/p>\t\t\t\t\t\t\t\t<\/div>\n\t\t\t\t<div class=\"elementor-element elementor-element-5e51f02 elementor-widget elementor-widget-text-editor\" data-id=\"5e51f02\" data-element_type=\"widget\" data-widget_type=\"text-editor.default\">\n\t\t\t\t\t\t\t\t\t<p>We cultivate using traditional techniques, and this is reflected in the final quality of the product.<\/p><p>We conduct thorough monitoring of the growth of our plants and possess a deep understanding of each one.<\/p><p>Certainly, at Viveros R\u00edo Eresma, the care and the know how is transmitted to the quality of the plant.<\/p>\t\t\t\t\t\t\t\t<\/div>\n\t\t\t\t\t<\/div>\n\t\t<\/div>\n\t\t\t\t<div class=\"elementor-column elementor-col-50 elementor-inner-column elementor-element elementor-element-86af487\" data-id=\"86af487\" data-element_type=\"column\" data-settings=\"{&quot;background_background&quot;:&quot;classic&quot;}\">\n\t\t\t<div class=\"elementor-widget-wrap elementor-element-populated\">\n\t\t\t\t\t\t<div class=\"elementor-element elementor-element-87baade elementor-widget elementor-widget-text-editor\" data-id=\"87baade\" data-element_type=\"widget\" data-widget_type=\"text-editor.default\">\n\t\t\t\t\t\t\t\t\t<p>EXPERIENCE<\/p>\t\t\t\t\t\t\t\t<\/div>\n\t\t\t\t<div class=\"elementor-element elementor-element-14fa78c elementor-widget elementor-widget-text-editor\" data-id=\"14fa78c\" data-element_type=\"widget\" data-widget_type=\"text-editor.default\">\n\t\t\t\t\t\t\t\t\t<p>We know perfectly what we are planting, and you will notice this in the quality because we know when to harvest, how  to treat, and when to ship.<\/p><p>Of course, we also advise you on the most interesting varieties at any given time.<\/p>\t\t\t\t\t\t\t\t<\/div>\n\t\t\t\t\t<\/div>\n\t\t<\/div>\n\t\t\t\t\t<\/div>\n\t\t<\/section>\n\t\t\t\t<section class=\"elementor-section elementor-inner-section elementor-element elementor-element-0d86c7c elementor-section-boxed elementor-section-height-default elementor-section-height-default\" data-id=\"0d86c7c\" data-element_type=\"section\">\n\t\t\t\t\t\t<div class=\"elementor-container elementor-column-gap-default\">\n\t\t\t\t\t<div class=\"elementor-column elementor-col-50 elementor-inner-column elementor-element elementor-element-9446263\" data-id=\"9446263\" data-element_type=\"column\" data-settings=\"{&quot;background_background&quot;:&quot;classic&quot;}\">\n\t\t\t<div class=\"elementor-widget-wrap elementor-element-populated\">\n\t\t\t\t\t\t<div class=\"elementor-element elementor-element-17ed9f1 elementor-widget elementor-widget-text-editor\" data-id=\"17ed9f1\" data-element_type=\"widget\" data-widget_type=\"text-editor.default\">\n\t\t\t\t\t\t\t\t\t<p>LOCATION<\/p>\t\t\t\t\t\t\t\t<\/div>\n\t\t\t\t<div class=\"elementor-element elementor-element-90bfc82 elementor-widget elementor-widget-text-editor\" data-id=\"90bfc82\" data-element_type=\"widget\" data-widget_type=\"text-editor.default\">\n\t\t\t\t\t\t\t\t\t<p>The unbeatable location of our fields in Navalmanzano (Segovia), within the largest strawberry plant production area in Spain, allows us to cultivate under soil conditions and a climate that benefit the quality of the plant, and this ultimately shows in the fruit production.<\/p>\t\t\t\t\t\t\t\t<\/div>\n\t\t\t\t\t<\/div>\n\t\t<\/div>\n\t\t\t\t<div class=\"elementor-column elementor-col-50 elementor-inner-column elementor-element elementor-element-c9dd429\" data-id=\"c9dd429\" data-element_type=\"column\" data-settings=\"{&quot;background_background&quot;:&quot;classic&quot;}\">\n\t\t\t<div class=\"elementor-widget-wrap elementor-element-populated\">\n\t\t\t\t\t\t<div class=\"elementor-element elementor-element-1181269 elementor-widget elementor-widget-text-editor\" data-id=\"1181269\" data-element_type=\"widget\" data-widget_type=\"text-editor.default\">\n\t\t\t\t\t\t\t\t\t<p>PROXIMITY<\/p>\t\t\t\t\t\t\t\t<\/div>\n\t\t\t\t<div class=\"elementor-element elementor-element-346e33d elementor-widget elementor-widget-text-editor\" data-id=\"346e33d\" data-element_type=\"widget\" data-widget_type=\"text-editor.default\">\n\t\t\t\t\t\t\t\t\t<p>For us, each customer is unique and has specific needs. That's why we treat them as such.<br \/><br \/>Expert, as well as familiar, close, and personal treatment, is part of our identity.<\/p>\t\t\t\t\t\t\t\t<\/div>\n\t\t\t\t\t<\/div>\n\t\t<\/div>\n\t\t\t\t\t<\/div>\n\t\t<\/section>\n\t\t\t\t<section class=\"elementor-section elementor-inner-section elementor-element elementor-element-18e50c4 elementor-section-boxed elementor-section-height-default elementor-section-height-default\" data-id=\"18e50c4\" data-element_type=\"section\">\n\t\t\t\t\t\t<div class=\"elementor-container elementor-column-gap-default\">\n\t\t\t\t\t<div class=\"elementor-column elementor-col-33 elementor-inner-column elementor-element elementor-element-4bcdaeb\" data-id=\"4bcdaeb\" data-element_type=\"column\">\n\t\t\t<div class=\"elementor-widget-wrap\">\n\t\t\t\t\t\t\t<\/div>\n\t\t<\/div>\n\t\t\t\t<div class=\"elementor-column elementor-col-33 elementor-inner-column elementor-element elementor-element-e36b5db\" data-id=\"e36b5db\" data-element_type=\"column\" data-settings=\"{&quot;background_background&quot;:&quot;classic&quot;}\">\n\t\t\t<div class=\"elementor-widget-wrap elementor-element-populated\">\n\t\t\t\t\t\t<div class=\"elementor-element elementor-element-1235900 elementor-widget elementor-widget-text-editor\" data-id=\"1235900\" data-element_type=\"widget\" data-widget_type=\"text-editor.default\">\n\t\t\t\t\t\t\t\t\t<p>SPECIALIZATION<\/p>\t\t\t\t\t\t\t\t<\/div>\n\t\t\t\t<div class=\"elementor-element elementor-element-9fd4c6d elementor-widget elementor-widget-text-editor\" data-id=\"9fd4c6d\" data-element_type=\"widget\" data-widget_type=\"text-editor.default\">\n\t\t\t\t\t\t\t\t\t<p>We are convinced that to become an expert professional in something, it is necessary to constantly deepen knowledge and experience.<br \/><br \/>Of course, in our operation, we also cultivate other plants (such as asparagus).<\/p><p>However, it is a complementary crop, entirely subordinate to the production of certified strawberry plants.<\/p>\t\t\t\t\t\t\t\t<\/div>\n\t\t\t\t\t<\/div>\n\t\t<\/div>\n\t\t\t\t<div class=\"elementor-column elementor-col-33 elementor-inner-column elementor-element elementor-element-2f95fd9\" data-id=\"2f95fd9\" data-element_type=\"column\">\n\t\t\t<div class=\"elementor-widget-wrap\">\n\t\t\t\t\t\t\t<\/div>\n\t\t<\/div>\n\t\t\t\t\t<\/div>\n\t\t<\/section>\n\t\t\t\t\t<\/div>\n\t\t<\/div>\n\t\t\t\t\t<\/div>\n\t\t<\/section>\n\t\t\t\t<section class=\"elementor-section elementor-top-section elementor-element elementor-element-cd065d5 elementor-section-full_width elementor-section-height-default elementor-section-height-default\" data-id=\"cd065d5\" data-element_type=\"section\" data-settings=\"{&quot;background_background&quot;:&quot;classic&quot;}\">\n\t\t\t\t\t\t<div class=\"elementor-container elementor-column-gap-default\">\n\t\t\t\t\t<div class=\"elementor-column elementor-col-50 elementor-top-column elementor-element elementor-element-7abbb71a\" data-id=\"7abbb71a\" data-element_type=\"column\">\n\t\t\t<div class=\"elementor-widget-wrap elementor-element-populated\">\n\t\t\t\t\t\t<div class=\"elementor-element elementor-element-6deb4599 elementor-widget elementor-widget-image\" data-id=\"6deb4599\" data-element_type=\"widget\" data-widget_type=\"image.default\">\n\t\t\t\t\t\t\t\t\t\t\t\t\t\t\t<img decoding=\"async\" width=\"768\" height=\"566\" src=\"https:\/\/rioeresma.es\/wp-content\/uploads\/2022\/05\/WhatsApp-Image-2022-03-31-at-6.17.44-PM-768x566.jpeg\" class=\"attachment-medium_large size-medium_large wp-image-31\" alt=\"\" srcset=\"https:\/\/rioeresma.es\/wp-content\/uploads\/2022\/05\/WhatsApp-Image-2022-03-31-at-6.17.44-PM-768x566.jpeg 768w, https:\/\/rioeresma.es\/wp-content\/uploads\/2022\/05\/WhatsApp-Image-2022-03-31-at-6.17.44-PM-600x443.jpeg 600w, https:\/\/rioeresma.es\/wp-content\/uploads\/2022\/05\/WhatsApp-Image-2022-03-31-at-6.17.44-PM-300x221.jpeg 300w, https:\/\/rioeresma.es\/wp-content\/uploads\/2022\/05\/WhatsApp-Image-2022-03-31-at-6.17.44-PM-1024x755.jpeg 1024w, https:\/\/rioeresma.es\/wp-content\/uploads\/2022\/05\/WhatsApp-Image-2022-03-31-at-6.17.44-PM-1536x1133.jpeg 1536w, https:\/\/rioeresma.es\/wp-content\/uploads\/2022\/05\/WhatsApp-Image-2022-03-31-at-6.17.44-PM.jpeg 1600w\" sizes=\"(max-width: 768px) 100vw, 768px\" \/>\t\t\t\t\t\t\t\t\t\t\t\t\t\t\t<\/div>\n\t\t\t\t\t<\/div>\n\t\t<\/div>\n\t\t\t\t<div class=\"elementor-column elementor-col-50 elementor-top-column elementor-element elementor-element-bb9e127\" data-id=\"bb9e127\" data-element_type=\"column\">\n\t\t\t<div class=\"elementor-widget-wrap elementor-element-populated\">\n\t\t\t\t\t\t<div class=\"elementor-element elementor-element-e3f630c elementor-widget elementor-widget-heading\" data-id=\"e3f630c\" data-element_type=\"widget\" data-widget_type=\"heading.default\">\n\t\t\t\t\t<h2 class=\"elementor-heading-title elementor-size-default\">OUR IDENTITY<\/h2>\t\t\t\t<\/div>\n\t\t\t\t<div class=\"elementor-element elementor-element-9768679 elementor-widget elementor-widget-text-editor\" data-id=\"9768679\" data-element_type=\"widget\" data-widget_type=\"text-editor.default\">\n\t\t\t\t\t\t\t\t\t<p>At Viveros R\u00edo Eresma, we cultivate with heart.<br \/><br \/>We are committed to consistently producing strawberry plants that yield fruit with the quality our customers demand in terms of earliness and productivity.<br \/><br \/>Our purpose is to be leaders in the cultivation and distribution of strawberry plants, while concurrently seeking innovation in sustainable models for the future.<br \/><br \/>We work efficiently and professionally to contribute to the development and sustainability of the environment in which we operate and its various stakeholders.<br \/><br \/>We act with transparency and integrity, sharing the information we have and consistently doing what we say. <br \/><br \/>For us, this boils down to acting in good faith.\u00a0<\/p><p>The team at Viveros R\u00edo Eresma is characterized by the courage that allows us to uphold our purpose beyond obstacles and the commitment to act in accordance with these principles outlined here.<\/p>\t\t\t\t\t\t\t\t<\/div>\n\t\t\t\t\t<\/div>\n\t\t<\/div>\n\t\t\t\t\t<\/div>\n\t\t<\/section>\n\t\t\t\t<\/div>","protected":false},"excerpt":{"rendered":"<p>QUI\u00c9NES SOMOS Somos un vivero de planta de fresa con m\u00e1s de 35 a\u00f1os de experiencia en el cultivo de las mejores plantas de fresa posibles. Producimos plantas que son la fuente de una fruta atractiva, sabrosa y saludable. Desde nuestros campos en Segovia vendemos nuestras plantas a los principales productores y cultivadores de fresas [&hellip;]<\/p>","protected":false},"author":1,"featured_media":0,"parent":0,"menu_order":1,"comment_status":"closed","ping_status":"closed","template":"elementor_header_footer","meta":{"footnotes":""},"class_list":["post-55","page","type-page","status-publish","hentry"],"yoast_head":"<!-- This site is optimized with the Yoast SEO plugin v25.4 - https:\/\/yoast.com\/wordpress\/plugins\/seo\/ -->\n<title>Viveros de fresas | Plantas de fresas - Qui\u00e9nes Somos - Viveros R\u00edo Eresma<\/title>\n<meta name=\"description\" content=\"Viveros Rio Eresmas, somos una empresa de plantas de fresas, llevamos muchos a\u00f1os en este sector y damos lo mejor a nuestros clientes.\" \/>\n<meta name=\"robots\" content=\"index, follow, max-snippet:-1, max-image-preview:large, max-video-preview:-1\" \/>\n<link rel=\"canonical\" href=\"https:\/\/rioeresma.es\/en\/plantas-de-fresas\/\" \/>\n<meta property=\"og:locale\" content=\"en_GB\" \/>\n<meta property=\"og:type\" content=\"article\" \/>\n<meta property=\"og:title\" content=\"Viveros de fresas | Plantas de fresas - Qui\u00e9nes Somos - Viveros R\u00edo Eresma\" \/>\n<meta property=\"og:description\" content=\"Viveros Rio Eresmas, somos una empresa de plantas de fresas, llevamos muchos a\u00f1os en este sector y damos lo mejor a nuestros clientes.\" \/>\n<meta property=\"og:url\" content=\"https:\/\/rioeresma.es\/en\/plantas-de-fresas\/\" \/>\n<meta property=\"og:site_name\" content=\"Viveros R\u00edo Eresma\" \/>\n<meta property=\"article:publisher\" content=\"https:\/\/www.instagram.com\/rio_eresma_viveros\/\" \/>\n<meta property=\"article:modified_time\" content=\"2025-07-08T06:38:08+00:00\" \/>\n<meta property=\"og:image\" content=\"http:\/\/rioeresma.es\/wp-content\/uploads\/elementor\/thumbs\/WhatsApp-Image-2022-03-31-at-6.17.47-PM-3-ppoigkzc50kthdoyebqwj3a8fmq29es82tgds3hd6o.jpeg\" \/>\n<meta name=\"twitter:card\" content=\"summary_large_image\" \/>\n<meta name=\"twitter:label1\" content=\"Estimated reading time\" \/>\n\t<meta name=\"twitter:data1\" content=\"3 minutes\" \/>\n<script type=\"application\/ld+json\" class=\"yoast-schema-graph\">{\"@context\":\"https:\/\/schema.org\",\"@graph\":[{\"@type\":\"WebPage\",\"@id\":\"https:\/\/rioeresma.es\/plantas-de-fresas\/\",\"url\":\"https:\/\/rioeresma.es\/plantas-de-fresas\/\",\"name\":\"Viveros de fresas | Plantas de fresas - Qui\u00e9nes Somos - Viveros R\u00edo Eresma\",\"isPartOf\":{\"@id\":\"https:\/\/rioeresma.es\/#website\"},\"primaryImageOfPage\":{\"@id\":\"https:\/\/rioeresma.es\/plantas-de-fresas\/#primaryimage\"},\"image\":{\"@id\":\"https:\/\/rioeresma.es\/plantas-de-fresas\/#primaryimage\"},\"thumbnailUrl\":\"http:\/\/rioeresma.es\/wp-content\/uploads\/elementor\/thumbs\/WhatsApp-Image-2022-03-31-at-6.17.47-PM-3-ppoigkzc50kthdoyebqwj3a8fmq29es82tgds3hd6o.jpeg\",\"datePublished\":\"2022-05-17T07:44:39+00:00\",\"dateModified\":\"2025-07-08T06:38:08+00:00\",\"description\":\"Viveros Rio Eresmas, somos una empresa de plantas de fresas, llevamos muchos a\u00f1os en este sector y damos lo mejor a nuestros clientes.\",\"breadcrumb\":{\"@id\":\"https:\/\/rioeresma.es\/plantas-de-fresas\/#breadcrumb\"},\"inLanguage\":\"en-GB\",\"potentialAction\":[{\"@type\":\"ReadAction\",\"target\":[\"https:\/\/rioeresma.es\/plantas-de-fresas\/\"]}]},{\"@type\":\"ImageObject\",\"inLanguage\":\"en-GB\",\"@id\":\"https:\/\/rioeresma.es\/plantas-de-fresas\/#primaryimage\",\"url\":\"http:\/\/rioeresma.es\/wp-content\/uploads\/elementor\/thumbs\/WhatsApp-Image-2022-03-31-at-6.17.47-PM-3-ppoigkzc50kthdoyebqwj3a8fmq29es82tgds3hd6o.jpeg\",\"contentUrl\":\"http:\/\/rioeresma.es\/wp-content\/uploads\/elementor\/thumbs\/WhatsApp-Image-2022-03-31-at-6.17.47-PM-3-ppoigkzc50kthdoyebqwj3a8fmq29es82tgds3hd6o.jpeg\"},{\"@type\":\"BreadcrumbList\",\"@id\":\"https:\/\/rioeresma.es\/plantas-de-fresas\/#breadcrumb\",\"itemListElement\":[{\"@type\":\"ListItem\",\"position\":1,\"name\":\"Portada\",\"item\":\"https:\/\/rioeresma.es\/\"},{\"@type\":\"ListItem\",\"position\":2,\"name\":\"Qui\u00e9nes Somos\"}]},{\"@type\":\"WebSite\",\"@id\":\"https:\/\/rioeresma.es\/#website\",\"url\":\"https:\/\/rioeresma.es\/\",\"name\":\"Viveros R\u00edo Eresma\",\"description\":\"Viveros de plantas de fresas\",\"publisher\":{\"@id\":\"https:\/\/rioeresma.es\/#organization\"},\"alternateName\":\"viverosrioeresma.es\",\"potentialAction\":[{\"@type\":\"SearchAction\",\"target\":{\"@type\":\"EntryPoint\",\"urlTemplate\":\"https:\/\/rioeresma.es\/?s={search_term_string}\"},\"query-input\":{\"@type\":\"PropertyValueSpecification\",\"valueRequired\":true,\"valueName\":\"search_term_string\"}}],\"inLanguage\":\"en-GB\"},{\"@type\":\"Organization\",\"@id\":\"https:\/\/rioeresma.es\/#organization\",\"name\":\"Viveros Rio Eresma SL\",\"alternateName\":\"viverosrioeresma.es\",\"url\":\"https:\/\/rioeresma.es\/\",\"logo\":{\"@type\":\"ImageObject\",\"inLanguage\":\"en-GB\",\"@id\":\"https:\/\/rioeresma.es\/#\/schema\/logo\/image\/\",\"url\":\"https:\/\/rioeresma.es\/wp-content\/uploads\/2022\/05\/ri\u0301o-eresma_2.png\",\"contentUrl\":\"https:\/\/rioeresma.es\/wp-content\/uploads\/2022\/05\/ri\u0301o-eresma_2.png\",\"width\":1772,\"height\":1063,\"caption\":\"Viveros Rio Eresma SL\"},\"image\":{\"@id\":\"https:\/\/rioeresma.es\/#\/schema\/logo\/image\/\"},\"sameAs\":[\"https:\/\/www.instagram.com\/rio_eresma_viveros\/\"]}]}<\/script>\n<!-- \/ Yoast SEO plugin. -->","yoast_head_json":{"title":"Viveros de fresas | Plantas de fresas - Qui\u00e9nes Somos - Viveros R\u00edo Eresma","description":"Viveros Rio Eresmas, somos una empresa de plantas de fresas, llevamos muchos a\u00f1os en este sector y damos lo mejor a nuestros clientes.","robots":{"index":"index","follow":"follow","max-snippet":"max-snippet:-1","max-image-preview":"max-image-preview:large","max-video-preview":"max-video-preview:-1"},"canonical":"https:\/\/rioeresma.es\/en\/plantas-de-fresas\/","og_locale":"en_GB","og_type":"article","og_title":"Viveros de fresas | Plantas de fresas - Qui\u00e9nes Somos - Viveros R\u00edo Eresma","og_description":"Viveros Rio Eresmas, somos una empresa de plantas de fresas, llevamos muchos a\u00f1os en este sector y damos lo mejor a nuestros clientes.","og_url":"https:\/\/rioeresma.es\/en\/plantas-de-fresas\/","og_site_name":"Viveros R\u00edo Eresma","article_publisher":"https:\/\/www.instagram.com\/rio_eresma_viveros\/","article_modified_time":"2025-07-08T06:38:08+00:00","og_image":[{"url":"http:\/\/rioeresma.es\/wp-content\/uploads\/elementor\/thumbs\/WhatsApp-Image-2022-03-31-at-6.17.47-PM-3-ppoigkzc50kthdoyebqwj3a8fmq29es82tgds3hd6o.jpeg","type":"","width":"","height":""}],"twitter_card":"summary_large_image","twitter_misc":{"Estimated reading time":"3 minutes"},"schema":{"@context":"https:\/\/schema.org","@graph":[{"@type":"WebPage","@id":"https:\/\/rioeresma.es\/plantas-de-fresas\/","url":"https:\/\/rioeresma.es\/plantas-de-fresas\/","name":"Viveros de fresas | Plantas de fresas - Qui\u00e9nes Somos - Viveros R\u00edo Eresma","isPartOf":{"@id":"https:\/\/rioeresma.es\/#website"},"primaryImageOfPage":{"@id":"https:\/\/rioeresma.es\/plantas-de-fresas\/#primaryimage"},"image":{"@id":"https:\/\/rioeresma.es\/plantas-de-fresas\/#primaryimage"},"thumbnailUrl":"http:\/\/rioeresma.es\/wp-content\/uploads\/elementor\/thumbs\/WhatsApp-Image-2022-03-31-at-6.17.47-PM-3-ppoigkzc50kthdoyebqwj3a8fmq29es82tgds3hd6o.jpeg","datePublished":"2022-05-17T07:44:39+00:00","dateModified":"2025-07-08T06:38:08+00:00","description":"Viveros Rio Eresmas, somos una empresa de plantas de fresas, llevamos muchos a\u00f1os en este sector y damos lo mejor a nuestros clientes.","breadcrumb":{"@id":"https:\/\/rioeresma.es\/plantas-de-fresas\/#breadcrumb"},"inLanguage":"en-GB","potentialAction":[{"@type":"ReadAction","target":["https:\/\/rioeresma.es\/plantas-de-fresas\/"]}]},{"@type":"ImageObject","inLanguage":"en-GB","@id":"https:\/\/rioeresma.es\/plantas-de-fresas\/#primaryimage","url":"http:\/\/rioeresma.es\/wp-content\/uploads\/elementor\/thumbs\/WhatsApp-Image-2022-03-31-at-6.17.47-PM-3-ppoigkzc50kthdoyebqwj3a8fmq29es82tgds3hd6o.jpeg","contentUrl":"http:\/\/rioeresma.es\/wp-content\/uploads\/elementor\/thumbs\/WhatsApp-Image-2022-03-31-at-6.17.47-PM-3-ppoigkzc50kthdoyebqwj3a8fmq29es82tgds3hd6o.jpeg"},{"@type":"BreadcrumbList","@id":"https:\/\/rioeresma.es\/plantas-de-fresas\/#breadcrumb","itemListElement":[{"@type":"ListItem","position":1,"name":"Portada","item":"https:\/\/rioeresma.es\/"},{"@type":"ListItem","position":2,"name":"Qui\u00e9nes Somos"}]},{"@type":"WebSite","@id":"https:\/\/rioeresma.es\/#website","url":"https:\/\/rioeresma.es\/","name":"Viveros R\u00edo Eresma","description":"Viveros de plantas de fresas","publisher":{"@id":"https:\/\/rioeresma.es\/#organization"},"alternateName":"viverosrioeresma.es","potentialAction":[{"@type":"SearchAction","target":{"@type":"EntryPoint","urlTemplate":"https:\/\/rioeresma.es\/?s={search_term_string}"},"query-input":{"@type":"PropertyValueSpecification","valueRequired":true,"valueName":"search_term_string"}}],"inLanguage":"en-GB"},{"@type":"Organization","@id":"https:\/\/rioeresma.es\/#organization","name":"Viveros Rio Eresma SL","alternateName":"viverosrioeresma.es","url":"https:\/\/rioeresma.es\/","logo":{"@type":"ImageObject","inLanguage":"en-GB","@id":"https:\/\/rioeresma.es\/#\/schema\/logo\/image\/","url":"https:\/\/rioeresma.es\/wp-content\/uploads\/2022\/05\/ri\u0301o-eresma_2.png","contentUrl":"https:\/\/rioeresma.es\/wp-content\/uploads\/2022\/05\/ri\u0301o-eresma_2.png","width":1772,"height":1063,"caption":"Viveros Rio Eresma SL"},"image":{"@id":"https:\/\/rioeresma.es\/#\/schema\/logo\/image\/"},"sameAs":["https:\/\/www.instagram.com\/rio_eresma_viveros\/"]}]}},"_links":{"self":[{"href":"https:\/\/rioeresma.es\/en\/wp-json\/wp\/v2\/pages\/55","targetHints":{"allow":["GET"]}}],"collection":[{"href":"https:\/\/rioeresma.es\/en\/wp-json\/wp\/v2\/pages"}],"about":[{"href":"https:\/\/rioeresma.es\/en\/wp-json\/wp\/v2\/types\/page"}],"author":[{"embeddable":true,"href":"https:\/\/rioeresma.es\/en\/wp-json\/wp\/v2\/users\/1"}],"replies":[{"embeddable":true,"href":"https:\/\/rioeresma.es\/en\/wp-json\/wp\/v2\/comments?post=55"}],"version-history":[{"count":19,"href":"https:\/\/rioeresma.es\/en\/wp-json\/wp\/v2\/pages\/55\/revisions"}],"predecessor-version":[{"id":202,"href":"https:\/\/rioeresma.es\/en\/wp-json\/wp\/v2\/pages\/55\/revisions\/202"}],"wp:attachment":[{"href":"https:\/\/rioeresma.es\/en\/wp-json\/wp\/v2\/media?parent=55"}],"curies":[{"name":"wp","href":"https:\/\/api.w.org\/{rel}","templated":true}]}}