{"id":7,"date":"2022-06-01T07:42:23","date_gmt":"2022-06-01T07:42:23","guid":{"rendered":"http:\/\/rioeresma.es\/?page_id=7"},"modified":"2025-07-08T06:49:41","modified_gmt":"2025-07-08T06:49:41","slug":"home","status":"publish","type":"page","link":"https:\/\/rioeresma.es\/en","title":{"rendered":"Home"},"content":{"rendered":"<div data-elementor-type=\"wp-post\" data-elementor-id=\"7\" class=\"elementor elementor-7\" data-elementor-post-type=\"page\">\n\t\t\t\t\t\t<section class=\"elementor-section elementor-top-section elementor-element elementor-element-28ba3c2 elementor-section-height-min-height elementor-section-boxed elementor-section-height-default elementor-section-items-middle\" data-id=\"28ba3c2\" data-element_type=\"section\" data-settings=\"{&quot;background_background&quot;:&quot;classic&quot;}\">\n\t\t\t\t\t\t\t<div class=\"elementor-background-overlay\"><\/div>\n\t\t\t\t\t\t\t<div class=\"elementor-container elementor-column-gap-default\">\n\t\t\t\t\t<div class=\"elementor-column elementor-col-100 elementor-top-column elementor-element elementor-element-394b306\" data-id=\"394b306\" data-element_type=\"column\">\n\t\t\t<div class=\"elementor-widget-wrap elementor-element-populated\">\n\t\t\t\t\t\t<div class=\"elementor-element elementor-element-816d69e elementor-widget elementor-widget-heading\" data-id=\"816d69e\" data-element_type=\"widget\" data-widget_type=\"heading.default\">\n\t\t\t\t\t<h2 class=\"elementor-heading-title elementor-size-default\">STRAWBERRY FIELDS <br>FOREVER<\/h2>\t\t\t\t<\/div>\n\t\t\t\t<div class=\"elementor-element elementor-element-621d13a elementor-align-center elementor-widget elementor-widget-button\" data-id=\"621d13a\" data-element_type=\"widget\" data-widget_type=\"button.default\">\n\t\t\t\t\t\t\t\t\t\t<a class=\"elementor-button elementor-button-link elementor-size-md\" href=\"#especialidad\">\n\t\t\t\t\t\t<span class=\"elementor-button-content-wrapper\">\n\t\t\t\t\t\t\t\t\t<span class=\"elementor-button-text\">Discover More<\/span>\n\t\t\t\t\t<\/span>\n\t\t\t\t\t<\/a>\n\t\t\t\t\t\t\t\t<\/div>\n\t\t\t\t\t<\/div>\n\t\t<\/div>\n\t\t\t\t\t<\/div>\n\t\t<\/section>\n\t\t\t\t<section class=\"elementor-section elementor-top-section elementor-element elementor-element-c6b47ce elementor-section-full_width elementor-reverse-tablet elementor-reverse-mobile elementor-section-height-default elementor-section-height-default\" data-id=\"c6b47ce\" data-element_type=\"section\" data-settings=\"{&quot;background_background&quot;:&quot;classic&quot;}\">\n\t\t\t\t\t\t<div class=\"elementor-container elementor-column-gap-default\">\n\t\t\t\t\t<div class=\"elementor-column elementor-col-50 elementor-top-column elementor-element elementor-element-a7aab40\" data-id=\"a7aab40\" data-element_type=\"column\">\n\t\t\t<div class=\"elementor-widget-wrap elementor-element-populated\">\n\t\t\t\t\t\t<div class=\"elementor-element elementor-element-b8128e4 elementor-widget elementor-widget-image\" data-id=\"b8128e4\" data-element_type=\"widget\" data-widget_type=\"image.default\">\n\t\t\t\t\t\t\t\t\t\t\t\t\t\t\t<img fetchpriority=\"high\" decoding=\"async\" width=\"563\" height=\"750\" src=\"https:\/\/rioeresma.es\/wp-content\/uploads\/2022\/05\/WhatsApp-Image-2022-03-31-at-6.17.47-PM.jpeg\" class=\"attachment-medium_large size-medium_large wp-image-92\" alt=\"\" srcset=\"https:\/\/rioeresma.es\/wp-content\/uploads\/2022\/05\/WhatsApp-Image-2022-03-31-at-6.17.47-PM.jpeg 563w, https:\/\/rioeresma.es\/wp-content\/uploads\/2022\/05\/WhatsApp-Image-2022-03-31-at-6.17.47-PM-225x300.jpeg 225w\" sizes=\"(max-width: 563px) 100vw, 563px\" \/>\t\t\t\t\t\t\t\t\t\t\t\t\t\t\t<\/div>\n\t\t\t\t\t<\/div>\n\t\t<\/div>\n\t\t\t\t<div class=\"elementor-column elementor-col-50 elementor-top-column elementor-element elementor-element-af72c99\" data-id=\"af72c99\" data-element_type=\"column\">\n\t\t\t<div class=\"elementor-widget-wrap elementor-element-populated\">\n\t\t\t\t\t\t<div class=\"elementor-element elementor-element-5d6064b elementor-widget elementor-widget-heading\" data-id=\"5d6064b\" data-element_type=\"widget\" id=\"especialidad\" data-widget_type=\"heading.default\">\n\t\t\t\t\t<h2 class=\"elementor-heading-title elementor-size-default\">OUR SPECIALTY AND<br>\nOUR PASSION<br>\nARE STRAWBERRIES<\/h2>\t\t\t\t<\/div>\n\t\t\t\t<div class=\"elementor-element elementor-element-fa144b8 elementor-widget elementor-widget-text-editor\" data-id=\"fa144b8\" data-element_type=\"widget\" data-widget_type=\"text-editor.default\">\n\t\t\t\t\t\t\t\t\t<p>From Navalmanzano (Segovia), located in the largest strawberry plant production area in Spain, we have been the leading nursery for over 35 years, offering to the rest of the world, the finest selection of plants.<\/p><p><br \/>At R\u00edo Eresma, we are committed to cultivating top-quality strawberry plants, making an extra effort to ensure that our customers receive not only the plants they need but also the best service and advice in the market.<\/p>\t\t\t\t\t\t\t\t<\/div>\n\t\t\t\t\t<\/div>\n\t\t<\/div>\n\t\t\t\t\t<\/div>\n\t\t<\/section>\n\t\t\t\t<section class=\"elementor-section elementor-top-section elementor-element elementor-element-189bf01 elementor-section-boxed elementor-section-height-default elementor-section-height-default\" data-id=\"189bf01\" data-element_type=\"section\" data-settings=\"{&quot;background_background&quot;:&quot;classic&quot;}\">\n\t\t\t\t\t\t<div class=\"elementor-container elementor-column-gap-default\">\n\t\t\t\t\t<div class=\"elementor-column elementor-col-100 elementor-top-column elementor-element elementor-element-cd7c025\" data-id=\"cd7c025\" data-element_type=\"column\">\n\t\t\t<div class=\"elementor-widget-wrap elementor-element-populated\">\n\t\t\t\t\t\t<section class=\"elementor-section elementor-inner-section elementor-element elementor-element-5aba5e4 elementor-section-boxed elementor-section-height-default elementor-section-height-default\" data-id=\"5aba5e4\" data-element_type=\"section\">\n\t\t\t\t\t\t<div class=\"elementor-container elementor-column-gap-default\">\n\t\t\t\t\t<div class=\"make-column-clickable-elementor elementor-column elementor-col-33 elementor-inner-column elementor-element elementor-element-d321715\" style=\"cursor: pointer;\" data-column-clickable=\"http:\/\/rioeresma.es\/nuestras-plantas\/\" data-column-clickable-blank=\"_self\" data-id=\"d321715\" data-element_type=\"column\" data-settings=\"{&quot;background_background&quot;:&quot;classic&quot;}\">\n\t\t\t<div class=\"elementor-widget-wrap elementor-element-populated\">\n\t\t\t\t\t\t<div class=\"elementor-element elementor-element-5c11b8b elementor-widget elementor-widget-image\" data-id=\"5c11b8b\" data-element_type=\"widget\" data-widget_type=\"image.default\">\n\t\t\t\t\t\t\t\t\t\t\t\t\t\t\t<img decoding=\"async\" width=\"150\" height=\"150\" src=\"https:\/\/rioeresma.es\/wp-content\/uploads\/2022\/05\/planta-150x150.png\" class=\"attachment-thumbnail size-thumbnail wp-image-33\" alt=\"\" srcset=\"https:\/\/rioeresma.es\/wp-content\/uploads\/2022\/05\/planta-150x150.png 150w, https:\/\/rioeresma.es\/wp-content\/uploads\/2022\/05\/planta-300x300.png 300w, https:\/\/rioeresma.es\/wp-content\/uploads\/2022\/05\/planta-100x100.png 100w, https:\/\/rioeresma.es\/wp-content\/uploads\/2022\/05\/planta.png 512w\" sizes=\"(max-width: 150px) 100vw, 150px\" \/>\t\t\t\t\t\t\t\t\t\t\t\t\t\t\t<\/div>\n\t\t\t\t<div class=\"elementor-element elementor-element-eefd0d0 elementor-widget elementor-widget-text-editor\" data-id=\"eefd0d0\" data-element_type=\"widget\" data-widget_type=\"text-editor.default\">\n\t\t\t\t\t\t\t\t\t<p>OUR PLANTS<\/p>\t\t\t\t\t\t\t\t<\/div>\n\t\t\t\t\t<\/div>\n\t\t<\/div>\n\t\t\t\t<div class=\"make-column-clickable-elementor elementor-column elementor-col-33 elementor-inner-column elementor-element elementor-element-6326d27\" style=\"cursor: pointer;\" data-column-clickable=\"http:\/\/rioeresma.es\/quienes-somos\/\" data-column-clickable-blank=\"_self\" data-id=\"6326d27\" data-element_type=\"column\" data-settings=\"{&quot;background_background&quot;:&quot;classic&quot;}\">\n\t\t\t<div class=\"elementor-widget-wrap elementor-element-populated\">\n\t\t\t\t\t\t<div class=\"elementor-element elementor-element-41571fa elementor-widget elementor-widget-image\" data-id=\"41571fa\" data-element_type=\"widget\" data-widget_type=\"image.default\">\n\t\t\t\t\t\t\t\t\t\t\t\t\t\t\t<img decoding=\"async\" width=\"150\" height=\"150\" src=\"https:\/\/rioeresma.es\/wp-content\/uploads\/2022\/05\/link-150x150.png\" class=\"attachment-thumbnail size-thumbnail wp-image-35\" alt=\"\" srcset=\"https:\/\/rioeresma.es\/wp-content\/uploads\/2022\/05\/link-150x150.png 150w, https:\/\/rioeresma.es\/wp-content\/uploads\/2022\/05\/link-300x300.png 300w, https:\/\/rioeresma.es\/wp-content\/uploads\/2022\/05\/link-100x100.png 100w, https:\/\/rioeresma.es\/wp-content\/uploads\/2022\/05\/link.png 512w\" sizes=\"(max-width: 150px) 100vw, 150px\" \/>\t\t\t\t\t\t\t\t\t\t\t\t\t\t\t<\/div>\n\t\t\t\t<div class=\"elementor-element elementor-element-60ab368 elementor-widget elementor-widget-text-editor\" data-id=\"60ab368\" data-element_type=\"widget\" data-widget_type=\"text-editor.default\">\n\t\t\t\t\t\t\t\t\t<p>WHO WE ARE<\/p>\t\t\t\t\t\t\t\t<\/div>\n\t\t\t\t\t<\/div>\n\t\t<\/div>\n\t\t\t\t<div class=\"make-column-clickable-elementor elementor-column elementor-col-33 elementor-inner-column elementor-element elementor-element-f220f1e\" style=\"cursor: pointer;\" data-column-clickable=\"http:\/\/rioeresma.es\/contacto\/\" data-column-clickable-blank=\"_self\" data-id=\"f220f1e\" data-element_type=\"column\" data-settings=\"{&quot;background_background&quot;:&quot;classic&quot;}\">\n\t\t\t<div class=\"elementor-widget-wrap elementor-element-populated\">\n\t\t\t\t\t\t<div class=\"elementor-element elementor-element-ac2bf28 elementor-widget elementor-widget-image\" data-id=\"ac2bf28\" data-element_type=\"widget\" data-widget_type=\"image.default\">\n\t\t\t\t\t\t\t\t\t\t\t\t\t\t\t<img loading=\"lazy\" decoding=\"async\" width=\"150\" height=\"150\" src=\"https:\/\/rioeresma.es\/wp-content\/uploads\/2022\/05\/contact-150x150.png\" class=\"attachment-thumbnail size-thumbnail wp-image-34\" alt=\"\" srcset=\"https:\/\/rioeresma.es\/wp-content\/uploads\/2022\/05\/contact-150x150.png 150w, https:\/\/rioeresma.es\/wp-content\/uploads\/2022\/05\/contact-300x300.png 300w, https:\/\/rioeresma.es\/wp-content\/uploads\/2022\/05\/contact-100x100.png 100w, https:\/\/rioeresma.es\/wp-content\/uploads\/2022\/05\/contact.png 512w\" sizes=\"(max-width: 150px) 100vw, 150px\" \/>\t\t\t\t\t\t\t\t\t\t\t\t\t\t\t<\/div>\n\t\t\t\t<div class=\"elementor-element elementor-element-5b3ecc0 elementor-widget elementor-widget-text-editor\" data-id=\"5b3ecc0\" data-element_type=\"widget\" data-widget_type=\"text-editor.default\">\n\t\t\t\t\t\t\t\t\t<p>CONTACT<\/p>\t\t\t\t\t\t\t\t<\/div>\n\t\t\t\t\t<\/div>\n\t\t<\/div>\n\t\t\t\t\t<\/div>\n\t\t<\/section>\n\t\t\t\t\t<\/div>\n\t\t<\/div>\n\t\t\t\t\t<\/div>\n\t\t<\/section>\n\t\t\t\t<section class=\"elementor-section elementor-top-section elementor-element elementor-element-1c34273 elementor-section-full_width elementor-section-height-default elementor-section-height-default\" data-id=\"1c34273\" data-element_type=\"section\" data-settings=\"{&quot;background_background&quot;:&quot;classic&quot;}\">\n\t\t\t\t\t\t<div class=\"elementor-container elementor-column-gap-default\">\n\t\t\t\t\t<div class=\"elementor-column elementor-col-100 elementor-top-column elementor-element elementor-element-4a324ec\" data-id=\"4a324ec\" data-element_type=\"column\">\n\t\t\t<div class=\"elementor-widget-wrap elementor-element-populated\">\n\t\t\t\t\t\t<div class=\"elementor-element elementor-element-d3f66c8 elementor-widget elementor-widget-text-editor\" data-id=\"d3f66c8\" data-element_type=\"widget\" data-widget_type=\"text-editor.default\">\n\t\t\t\t\t\t\t\t\t<p class=\"MsoNormal\"><span style=\"font-size: 11.0pt; mso-bidi-font-size: 12.0pt; line-height: 107%;\"><strong>Viveros R\u00edo Eresma SL ha obtenido una subvenci\u00f3n de la Junta<\/strong><br \/><strong>de Castilla y Le\u00f3n para la sustituci\u00f3n de cubiertas con fibrocemento<\/strong>.<\/span><\/p>\t\t\t\t\t\t\t\t<\/div>\n\t\t\t\t<div class=\"elementor-element elementor-element-db768f7 elementor-widget elementor-widget-image\" data-id=\"db768f7\" data-element_type=\"widget\" data-widget_type=\"image.default\">\n\t\t\t\t\t\t\t\t\t\t\t\t\t\t\t<img loading=\"lazy\" decoding=\"async\" width=\"514\" height=\"157\" src=\"https:\/\/rioeresma.es\/wp-content\/uploads\/2024\/07\/WhatsApp-Image-2024-07-11-at-12.58.08.jpeg\" class=\"attachment-large size-large wp-image-246\" alt=\"\" srcset=\"https:\/\/rioeresma.es\/wp-content\/uploads\/2024\/07\/WhatsApp-Image-2024-07-11-at-12.58.08.jpeg 514w, https:\/\/rioeresma.es\/wp-content\/uploads\/2024\/07\/WhatsApp-Image-2024-07-11-at-12.58.08-300x92.jpeg 300w, https:\/\/rioeresma.es\/wp-content\/uploads\/2024\/07\/WhatsApp-Image-2024-07-11-at-12.58.08-18x5.jpeg 18w\" sizes=\"(max-width: 514px) 100vw, 514px\" \/>\t\t\t\t\t\t\t\t\t\t\t\t\t\t\t<\/div>\n\t\t\t\t\t<\/div>\n\t\t<\/div>\n\t\t\t\t\t<\/div>\n\t\t<\/section>\n\t\t\t\t<\/div>","protected":false},"excerpt":{"rendered":"<p>CAMPOS DE FRESA POR SIEMPRE Descubre M\u00e1s NUESTRA ESPECIALIDAD Y NUESTRA PASI\u00d3N SON LAS FRESAS Desde Navalmanzano (Segovia), situados en la mayor zona de producci\u00f3n de planta de fresa en Espa\u00f1a, llevamos m\u00e1s de 35 a\u00f1os siendo el vivero de altura que ofrece al resto del mundo la mejor selecci\u00f3n de plantas. En R\u00edo Eresma [&hellip;]<\/p>","protected":false},"author":1,"featured_media":0,"parent":0,"menu_order":0,"comment_status":"closed","ping_status":"closed","template":"elementor_header_footer","meta":{"footnotes":""},"class_list":["post-7","page","type-page","status-publish","hentry"],"yoast_head":"<!-- This site is optimized with the Yoast SEO plugin v25.4 - https:\/\/yoast.com\/wordpress\/plugins\/seo\/ -->\n<title>Viveros de Fresas | Plantas de fresas Home - Viveros R\u00edo Eresma<\/title>\n<meta name=\"description\" content=\"Viveros de plantas de fresas | Plantas de fresas en Espa\u00f1a | La mejor calidad | Profesionalidad | Rapidez | Empresa\" \/>\n<meta name=\"robots\" content=\"index, follow, max-snippet:-1, max-image-preview:large, max-video-preview:-1\" \/>\n<link rel=\"canonical\" href=\"https:\/\/rioeresma.es\/en\" \/>\n<meta property=\"og:locale\" content=\"en_GB\" \/>\n<meta property=\"og:type\" content=\"article\" \/>\n<meta property=\"og:title\" content=\"Viveros de Fresas | Plantas de fresas Home - Viveros R\u00edo Eresma\" \/>\n<meta property=\"og:description\" content=\"Viveros de plantas de fresas | Plantas de fresas en Espa\u00f1a | La mejor calidad | Profesionalidad | Rapidez | Empresa\" \/>\n<meta property=\"og:url\" content=\"https:\/\/rioeresma.es\/en\" \/>\n<meta property=\"og:site_name\" content=\"Viveros R\u00edo Eresma\" \/>\n<meta property=\"article:publisher\" content=\"https:\/\/www.instagram.com\/rio_eresma_viveros\/\" \/>\n<meta property=\"article:modified_time\" content=\"2025-07-08T06:49:41+00:00\" \/>\n<meta property=\"og:image\" content=\"https:\/\/rioeresma.es\/wp-content\/uploads\/2022\/05\/WhatsApp-Image-2022-03-31-at-6.17.47-PM.jpeg\" \/>\n\t<meta property=\"og:image:width\" content=\"563\" \/>\n\t<meta property=\"og:image:height\" content=\"750\" \/>\n\t<meta property=\"og:image:type\" content=\"image\/jpeg\" \/>\n<meta name=\"twitter:card\" content=\"summary_large_image\" \/>\n<meta name=\"twitter:label1\" content=\"Estimated reading time\" \/>\n\t<meta name=\"twitter:data1\" content=\"1 minute\" \/>\n<script type=\"application\/ld+json\" class=\"yoast-schema-graph\">{\"@context\":\"https:\/\/schema.org\",\"@graph\":[{\"@type\":\"WebPage\",\"@id\":\"https:\/\/rioeresma.es\/\",\"url\":\"https:\/\/rioeresma.es\/\",\"name\":\"Viveros de Fresas | Plantas de fresas Home - Viveros R\u00edo Eresma\",\"isPartOf\":{\"@id\":\"https:\/\/rioeresma.es\/#website\"},\"primaryImageOfPage\":{\"@id\":\"https:\/\/rioeresma.es\/#primaryimage\"},\"image\":{\"@id\":\"https:\/\/rioeresma.es\/#primaryimage\"},\"thumbnailUrl\":\"https:\/\/rioeresma.es\/wp-content\/uploads\/2022\/05\/WhatsApp-Image-2022-03-31-at-6.17.47-PM.jpeg\",\"datePublished\":\"2022-06-01T07:42:23+00:00\",\"dateModified\":\"2025-07-08T06:49:41+00:00\",\"description\":\"Viveros de plantas de fresas | Plantas de fresas en Espa\u00f1a | La mejor calidad | Profesionalidad | Rapidez | Empresa\",\"breadcrumb\":{\"@id\":\"https:\/\/rioeresma.es\/#breadcrumb\"},\"inLanguage\":\"en-GB\",\"potentialAction\":[{\"@type\":\"ReadAction\",\"target\":[\"https:\/\/rioeresma.es\/\"]}]},{\"@type\":\"ImageObject\",\"inLanguage\":\"en-GB\",\"@id\":\"https:\/\/rioeresma.es\/#primaryimage\",\"url\":\"https:\/\/rioeresma.es\/wp-content\/uploads\/2022\/05\/WhatsApp-Image-2022-03-31-at-6.17.47-PM.jpeg\",\"contentUrl\":\"https:\/\/rioeresma.es\/wp-content\/uploads\/2022\/05\/WhatsApp-Image-2022-03-31-at-6.17.47-PM.jpeg\"},{\"@type\":\"BreadcrumbList\",\"@id\":\"https:\/\/rioeresma.es\/#breadcrumb\",\"itemListElement\":[{\"@type\":\"ListItem\",\"position\":1,\"name\":\"Portada\",\"item\":\"https:\/\/rioeresma.es\/\"},{\"@type\":\"ListItem\",\"position\":2,\"name\":\"Home\"}]},{\"@type\":\"WebSite\",\"@id\":\"https:\/\/rioeresma.es\/#website\",\"url\":\"https:\/\/rioeresma.es\/\",\"name\":\"Viveros R\u00edo Eresma\",\"description\":\"Viveros de plantas de fresas\",\"publisher\":{\"@id\":\"https:\/\/rioeresma.es\/#organization\"},\"alternateName\":\"viverosrioeresma.es\",\"potentialAction\":[{\"@type\":\"SearchAction\",\"target\":{\"@type\":\"EntryPoint\",\"urlTemplate\":\"https:\/\/rioeresma.es\/?s={search_term_string}\"},\"query-input\":{\"@type\":\"PropertyValueSpecification\",\"valueRequired\":true,\"valueName\":\"search_term_string\"}}],\"inLanguage\":\"en-GB\"},{\"@type\":\"Organization\",\"@id\":\"https:\/\/rioeresma.es\/#organization\",\"name\":\"Viveros Rio Eresma SL\",\"alternateName\":\"viverosrioeresma.es\",\"url\":\"https:\/\/rioeresma.es\/\",\"logo\":{\"@type\":\"ImageObject\",\"inLanguage\":\"en-GB\",\"@id\":\"https:\/\/rioeresma.es\/#\/schema\/logo\/image\/\",\"url\":\"https:\/\/rioeresma.es\/wp-content\/uploads\/2022\/05\/ri\u0301o-eresma_2.png\",\"contentUrl\":\"https:\/\/rioeresma.es\/wp-content\/uploads\/2022\/05\/ri\u0301o-eresma_2.png\",\"width\":1772,\"height\":1063,\"caption\":\"Viveros Rio Eresma SL\"},\"image\":{\"@id\":\"https:\/\/rioeresma.es\/#\/schema\/logo\/image\/\"},\"sameAs\":[\"https:\/\/www.instagram.com\/rio_eresma_viveros\/\"]}]}<\/script>\n<!-- \/ Yoast SEO plugin. -->","yoast_head_json":{"title":"Viveros de Fresas | Plantas de fresas Home - Viveros R\u00edo Eresma","description":"Viveros de plantas de fresas | Plantas de fresas en Espa\u00f1a | La mejor calidad | Profesionalidad | Rapidez | Empresa","robots":{"index":"index","follow":"follow","max-snippet":"max-snippet:-1","max-image-preview":"max-image-preview:large","max-video-preview":"max-video-preview:-1"},"canonical":"https:\/\/rioeresma.es\/en","og_locale":"en_GB","og_type":"article","og_title":"Viveros de Fresas | Plantas de fresas Home - Viveros R\u00edo Eresma","og_description":"Viveros de plantas de fresas | Plantas de fresas en Espa\u00f1a | La mejor calidad | Profesionalidad | Rapidez | Empresa","og_url":"https:\/\/rioeresma.es\/en","og_site_name":"Viveros R\u00edo Eresma","article_publisher":"https:\/\/www.instagram.com\/rio_eresma_viveros\/","article_modified_time":"2025-07-08T06:49:41+00:00","og_image":[{"width":563,"height":750,"url":"https:\/\/rioeresma.es\/wp-content\/uploads\/2022\/05\/WhatsApp-Image-2022-03-31-at-6.17.47-PM.jpeg","type":"image\/jpeg"}],"twitter_card":"summary_large_image","twitter_misc":{"Estimated reading time":"1 minute"},"schema":{"@context":"https:\/\/schema.org","@graph":[{"@type":"WebPage","@id":"https:\/\/rioeresma.es\/","url":"https:\/\/rioeresma.es\/","name":"Viveros de Fresas | Plantas de fresas Home - Viveros R\u00edo Eresma","isPartOf":{"@id":"https:\/\/rioeresma.es\/#website"},"primaryImageOfPage":{"@id":"https:\/\/rioeresma.es\/#primaryimage"},"image":{"@id":"https:\/\/rioeresma.es\/#primaryimage"},"thumbnailUrl":"https:\/\/rioeresma.es\/wp-content\/uploads\/2022\/05\/WhatsApp-Image-2022-03-31-at-6.17.47-PM.jpeg","datePublished":"2022-06-01T07:42:23+00:00","dateModified":"2025-07-08T06:49:41+00:00","description":"Viveros de plantas de fresas | Plantas de fresas en Espa\u00f1a | La mejor calidad | Profesionalidad | Rapidez | Empresa","breadcrumb":{"@id":"https:\/\/rioeresma.es\/#breadcrumb"},"inLanguage":"en-GB","potentialAction":[{"@type":"ReadAction","target":["https:\/\/rioeresma.es\/"]}]},{"@type":"ImageObject","inLanguage":"en-GB","@id":"https:\/\/rioeresma.es\/#primaryimage","url":"https:\/\/rioeresma.es\/wp-content\/uploads\/2022\/05\/WhatsApp-Image-2022-03-31-at-6.17.47-PM.jpeg","contentUrl":"https:\/\/rioeresma.es\/wp-content\/uploads\/2022\/05\/WhatsApp-Image-2022-03-31-at-6.17.47-PM.jpeg"},{"@type":"BreadcrumbList","@id":"https:\/\/rioeresma.es\/#breadcrumb","itemListElement":[{"@type":"ListItem","position":1,"name":"Portada","item":"https:\/\/rioeresma.es\/"},{"@type":"ListItem","position":2,"name":"Home"}]},{"@type":"WebSite","@id":"https:\/\/rioeresma.es\/#website","url":"https:\/\/rioeresma.es\/","name":"Viveros R\u00edo Eresma","description":"Viveros de plantas de fresas","publisher":{"@id":"https:\/\/rioeresma.es\/#organization"},"alternateName":"viverosrioeresma.es","potentialAction":[{"@type":"SearchAction","target":{"@type":"EntryPoint","urlTemplate":"https:\/\/rioeresma.es\/?s={search_term_string}"},"query-input":{"@type":"PropertyValueSpecification","valueRequired":true,"valueName":"search_term_string"}}],"inLanguage":"en-GB"},{"@type":"Organization","@id":"https:\/\/rioeresma.es\/#organization","name":"Viveros Rio Eresma SL","alternateName":"viverosrioeresma.es","url":"https:\/\/rioeresma.es\/","logo":{"@type":"ImageObject","inLanguage":"en-GB","@id":"https:\/\/rioeresma.es\/#\/schema\/logo\/image\/","url":"https:\/\/rioeresma.es\/wp-content\/uploads\/2022\/05\/ri\u0301o-eresma_2.png","contentUrl":"https:\/\/rioeresma.es\/wp-content\/uploads\/2022\/05\/ri\u0301o-eresma_2.png","width":1772,"height":1063,"caption":"Viveros Rio Eresma SL"},"image":{"@id":"https:\/\/rioeresma.es\/#\/schema\/logo\/image\/"},"sameAs":["https:\/\/www.instagram.com\/rio_eresma_viveros\/"]}]}},"_links":{"self":[{"href":"https:\/\/rioeresma.es\/en\/wp-json\/wp\/v2\/pages\/7","targetHints":{"allow":["GET"]}}],"collection":[{"href":"https:\/\/rioeresma.es\/en\/wp-json\/wp\/v2\/pages"}],"about":[{"href":"https:\/\/rioeresma.es\/en\/wp-json\/wp\/v2\/types\/page"}],"author":[{"embeddable":true,"href":"https:\/\/rioeresma.es\/en\/wp-json\/wp\/v2\/users\/1"}],"replies":[{"embeddable":true,"href":"https:\/\/rioeresma.es\/en\/wp-json\/wp\/v2\/comments?post=7"}],"version-history":[{"count":53,"href":"https:\/\/rioeresma.es\/en\/wp-json\/wp\/v2\/pages\/7\/revisions"}],"predecessor-version":[{"id":272,"href":"https:\/\/rioeresma.es\/en\/wp-json\/wp\/v2\/pages\/7\/revisions\/272"}],"wp:attachment":[{"href":"https:\/\/rioeresma.es\/en\/wp-json\/wp\/v2\/media?parent=7"}],"curies":[{"name":"wp","href":"https:\/\/api.w.org\/{rel}","templated":true}]}}