{"id":115,"date":"2022-06-01T11:48:53","date_gmt":"2022-06-01T11:48:53","guid":{"rendered":"http:\/\/rioeresma.es\/?page_id=115"},"modified":"2025-07-08T06:34:56","modified_gmt":"2025-07-08T06:34:56","slug":"politica-de-privacidad","status":"publish","type":"page","link":"https:\/\/rioeresma.es\/fr\/politica-de-privacidad\/","title":{"rendered":"Politique de confidentialit\u00e9"},"content":{"rendered":"<div data-elementor-type=\"wp-page\" data-elementor-id=\"115\" class=\"elementor elementor-115\" data-elementor-post-type=\"page\">\n\t\t\t\t\t\t<section class=\"elementor-section elementor-top-section elementor-element elementor-element-be8b116 elementor-section-boxed elementor-section-height-default elementor-section-height-default\" data-id=\"be8b116\" data-element_type=\"section\" data-settings=\"{&quot;background_background&quot;:&quot;classic&quot;}\">\n\t\t\t\t\t\t<div class=\"elementor-container elementor-column-gap-default\">\n\t\t\t\t\t<div class=\"elementor-column elementor-col-100 elementor-top-column elementor-element elementor-element-b95df2d\" data-id=\"b95df2d\" data-element_type=\"column\">\n\t\t\t<div class=\"elementor-widget-wrap elementor-element-populated\">\n\t\t\t\t\t\t<div class=\"elementor-element elementor-element-008b8b9 elementor-widget elementor-widget-heading\" data-id=\"008b8b9\" data-element_type=\"widget\" data-widget_type=\"heading.default\">\n\t\t\t\t\t<h2 class=\"elementor-heading-title elementor-size-default\">Politique de confidentialit\u00e9<\/h2>\t\t\t\t<\/div>\n\t\t\t\t<div class=\"elementor-element elementor-element-f92b3a2 elementor-widget-divider--view-line elementor-widget elementor-widget-divider\" data-id=\"f92b3a2\" data-element_type=\"widget\" data-widget_type=\"divider.default\">\n\t\t\t\t\t\t\t<div class=\"elementor-divider\">\n\t\t\t<span class=\"elementor-divider-separator\">\n\t\t\t\t\t\t<\/span>\n\t\t<\/div>\n\t\t\t\t\t\t<\/div>\n\t\t\t\t<div class=\"elementor-element elementor-element-bb0f259 elementor-widget elementor-widget-text-editor\" data-id=\"bb0f259\" data-element_type=\"widget\" data-widget_type=\"text-editor.default\">\n\t\t\t\t\t\t\t\t\t<p>L'objectif de cette politique est d'informer les personnes concern\u00e9es des diff\u00e9rents traitements effectu\u00e9s par cette organisation \u00e0 travers le site web et qui affectent leurs donn\u00e9es personnelles conform\u00e9ment aux dispositions de la loi organique 3\/2018, du 5 d\u00e9cembre, sur la protection des donn\u00e9es personnelles et la garantie des droits num\u00e9riques et du r\u00e8glement (UE) 2016\/679 du Parlement europ\u00e9en et du Conseil du 27 avril 2016.<\/p>\t\t\t\t\t\t\t\t<\/div>\n\t\t\t\t<div class=\"elementor-element elementor-element-e917405 elementor-widget elementor-widget-heading\" data-id=\"e917405\" data-element_type=\"widget\" data-widget_type=\"heading.default\">\n\t\t\t\t\t<h2 class=\"elementor-heading-title elementor-size-default\">1. L'IDENTIFICATION ET LES COORDONN\u00c9ES DE LA PERSONNE RESPONSABLE<\/h2>\t\t\t\t<\/div>\n\t\t\t\t<div class=\"elementor-element elementor-element-1b6812d elementor-widget elementor-widget-text-editor\" data-id=\"1b6812d\" data-element_type=\"widget\" data-widget_type=\"text-editor.default\">\n\t\t\t\t\t\t\t\t\t<p>L'organisation VIVEROS RIO ERESMA SLU, \u00e9tablie \u00e0 PARAJE QUINTANA S\/N (40280 NAVALMANZANO) SEGOVIA, dont le si\u00e8ge social est situ\u00e9 \u00e0\u00a0 <strong>N.I.F.<\/strong> B40014680, t\u00e9l\u00e9phone de contact : 921575195 et e-mail angeles@rioeresma.com.<\/p>\t\t\t\t\t\t\t\t<\/div>\n\t\t\t\t<div class=\"elementor-element elementor-element-7b97315 elementor-widget elementor-widget-heading\" data-id=\"7b97315\" data-element_type=\"widget\" data-widget_type=\"heading.default\">\n\t\t\t\t\t<h2 class=\"elementor-heading-title elementor-size-default\">2. LES FINALIT\u00c9S DU TRAITEMENT DE VOS DONN\u00c9ES \u00c0 CARACT\u00c8RE PERSONNEL<\/h2>\t\t\t\t<\/div>\n\t\t\t\t<div class=\"elementor-element elementor-element-86808ce elementor-widget elementor-widget-text-editor\" data-id=\"86808ce\" data-element_type=\"widget\" data-widget_type=\"text-editor.default\">\n\t\t\t\t\t\t\t\t\t<p><strong>LES UTILISATEURS\/NAVIGATEURS DU SITE WEB DE LA PARTIE RESPONSABLE. <\/strong><\/p><p>Nous traiterons les donn\u00e9es personnelles que vous nous fournissez par le biais de nos formulaires en ligne afin de :<\/p><ul><li>Pour traiter les demandes, les plaintes et les incidents transmis par l'interm\u00e9diaire de nos canaux de contact incorpor\u00e9s dans le site web.<\/li><li>Comprendre le comportement de l'internaute sur le site web afin de d\u00e9tecter d'\u00e9ventuelles attaques informatiques sur notre site web.<\/li><li>Respecter les obligations l\u00e9gales qui nous sont directement applicables et qui r\u00e9gissent notre activit\u00e9.<\/li><li>Prot\u00e9ger et exercer nos droits ou r\u00e9pondre \u00e0 des r\u00e9clamations de toute nature.<\/li><li>Le cas \u00e9ch\u00e9ant, envoi de communications commerciales relatives aux biens ou services qui composent notre activit\u00e9, et\/ou de nouvelles ou bulletins li\u00e9s \u00e0 notre secteur.<\/li><\/ul>\t\t\t\t\t\t\t\t<\/div>\n\t\t\t\t<div class=\"elementor-element elementor-element-5746781 elementor-widget elementor-widget-heading\" data-id=\"5746781\" data-element_type=\"widget\" data-widget_type=\"heading.default\">\n\t\t\t\t\t<h2 class=\"elementor-heading-title elementor-size-default\">3.\tBASE JURIDIQUE DU TRAITEMENT<\/h2>\t\t\t\t<\/div>\n\t\t\t\t<div class=\"elementor-element elementor-element-70fc79d elementor-widget elementor-widget-text-editor\" data-id=\"70fc79d\" data-element_type=\"widget\" data-widget_type=\"text-editor.default\">\n\t\t\t\t\t\t\t\t\t<p><strong>LES UTILISATEURS\/NAVIGATEURS SUR LE SITE WEB DE LA PARTIE RESPONSABLE.<\/strong><\/p><ul><li>Dans le consentement que vous nous avez donn\u00e9 pour traiter vos donn\u00e9es aux fins indiqu\u00e9es.<em> Le refus de fournir vos donn\u00e9es personnelles rendra impossible le traitement de vos donn\u00e9es aux fins susmentionn\u00e9es.<\/em><\/li><li>Respecter les obligations l\u00e9gales qui s'appliquent \u00e0 nous. <em>Dans ce cas, la personne concern\u00e9e ne peut pas refuser le traitement des donn\u00e9es \u00e0 caract\u00e8re personnel<\/em><strong>.<\/strong><\/li><li>Dans notre int\u00e9r\u00eat l\u00e9gitime \u00e0 prot\u00e9ger notre image, nos activit\u00e9s et notre r\u00e9putation en pr\u00e9venant les attaques sur notre site web. <em>Dans ce cas, la personne concern\u00e9e ne peut pas refuser le traitement des donn\u00e9es \u00e0 caract\u00e8re personnel<\/em><strong>, <\/strong><em>mais peuvent exercer, le cas \u00e9ch\u00e9ant, les droits reconnus dans la section huit de la pr\u00e9sente politique<\/em><\/li><\/ul>\t\t\t\t\t\t\t\t<\/div>\n\t\t\t\t<div class=\"elementor-element elementor-element-bcfd2f6 elementor-widget elementor-widget-heading\" data-id=\"bcfd2f6\" data-element_type=\"widget\" data-widget_type=\"heading.default\">\n\t\t\t\t\t<h2 class=\"elementor-heading-title elementor-size-default\">4.\tP\u00c9RIODES OU CRIT\u00c8RES DE CONSERVATION DES DONN\u00c9ES<\/h2>\t\t\t\t<\/div>\n\t\t\t\t<div class=\"elementor-element elementor-element-752a9f4 elementor-widget elementor-widget-text-editor\" data-id=\"752a9f4\" data-element_type=\"widget\" data-widget_type=\"text-editor.default\">\n\t\t\t\t\t\t\t\t\t<p>Les donn\u00e9es personnelles fournies seront conserv\u00e9es pendant la dur\u00e9e n\u00e9cessaire \u00e0 la r\u00e9alisation des objectifs pour lesquels elles ont \u00e9t\u00e9 collect\u00e9es \u00e0 l'origine.<\/p><p>Une fois que les donn\u00e9es ne sont plus n\u00e9cessaires au traitement en question, elles seront d\u00fbment bloqu\u00e9es afin de les mettre, le cas \u00e9ch\u00e9ant, \u00e0 la disposition des administrations et organismes publics comp\u00e9tents, des juges et des tribunaux ou du minist\u00e8re public, pendant la p\u00e9riode de prescription des actions pouvant d\u00e9river du rapport entretenu avec le client et\/ou les p\u00e9riodes de conservation pr\u00e9vues par la loi.<\/p>\t\t\t\t\t\t\t\t<\/div>\n\t\t\t\t<div class=\"elementor-element elementor-element-9925e96 elementor-widget elementor-widget-heading\" data-id=\"9925e96\" data-element_type=\"widget\" data-widget_type=\"heading.default\">\n\t\t\t\t\t<h2 class=\"elementor-heading-title elementor-size-default\">5.\tD\u00c9CISIONS AUTOMATIS\u00c9ES ET PROFILAGE<\/h2>\t\t\t\t<\/div>\n\t\t\t\t<div class=\"elementor-element elementor-element-4d6e71e elementor-widget elementor-widget-text-editor\" data-id=\"4d6e71e\" data-element_type=\"widget\" data-widget_type=\"text-editor.default\">\n\t\t\t\t\t\t\t\t\t<p>Le site web ne prend pas de d\u00e9cisions automatis\u00e9es et ne cr\u00e9e pas de profils.<\/p>\t\t\t\t\t\t\t\t<\/div>\n\t\t\t\t<div class=\"elementor-element elementor-element-a859dcb elementor-widget elementor-widget-heading\" data-id=\"a859dcb\" data-element_type=\"widget\" data-widget_type=\"heading.default\">\n\t\t\t\t\t<h2 class=\"elementor-heading-title elementor-size-default\">6.\tCIBLE<\/h2>\t\t\t\t<\/div>\n\t\t\t\t<div class=\"elementor-element elementor-element-f1c33c0 elementor-widget elementor-widget-text-editor\" data-id=\"f1c33c0\" data-element_type=\"widget\" data-widget_type=\"text-editor.default\">\n\t\t\t\t\t\t\t\t\t<p>Pendant la dur\u00e9e du traitement de vos donn\u00e9es personnelles, l'organisation peut transf\u00e9rer vos donn\u00e9es aux destinataires suivants :<\/p><ul><li>Juges et tribunaux.<\/li><li>Forces et corps de s\u00e9curit\u00e9 de l'\u00c9tat.<\/li><li>d'autres autorit\u00e9s ou organismes publics comp\u00e9tents, lorsque le responsable du traitement est l\u00e9galement tenu de fournir les donn\u00e9es \u00e0 caract\u00e8re personnel.<\/li><\/ul>\t\t\t\t\t\t\t\t<\/div>\n\t\t\t\t<div class=\"elementor-element elementor-element-c7775e2 elementor-widget elementor-widget-heading\" data-id=\"c7775e2\" data-element_type=\"widget\" data-widget_type=\"heading.default\">\n\t\t\t\t\t<h2 class=\"elementor-heading-title elementor-size-default\">7.\tTRANSFERTS INTERNATIONAUX DE DONN\u00c9ES<\/h2>\t\t\t\t<\/div>\n\t\t\t\t<div class=\"elementor-element elementor-element-dab4705 elementor-widget elementor-widget-text-editor\" data-id=\"dab4705\" data-element_type=\"widget\" data-widget_type=\"text-editor.default\">\n\t\t\t\t\t\t\t\t\t<p>L'organisation n'effectue aucun transfert international de donn\u00e9es.<\/p>\t\t\t\t\t\t\t\t<\/div>\n\t\t\t\t<div class=\"elementor-element elementor-element-c9379d9 elementor-widget elementor-widget-heading\" data-id=\"c9379d9\" data-element_type=\"widget\" data-widget_type=\"heading.default\">\n\t\t\t\t\t<h2 class=\"elementor-heading-title elementor-size-default\">8.\tDROITS<\/h2>\t\t\t\t<\/div>\n\t\t\t\t<div class=\"elementor-element elementor-element-a05f0e4 elementor-widget elementor-widget-text-editor\" data-id=\"a05f0e4\" data-element_type=\"widget\" data-widget_type=\"text-editor.default\">\n\t\t\t\t\t\t\t\t\t<p>Les parties int\u00e9ress\u00e9es peuvent exercer \u00e0 tout moment et gratuitement les droits de <strong>d'acc\u00e8s, de rectification et d'effacement, ainsi que de demander la limitation du traitement de leurs donn\u00e9es \u00e0 caract\u00e8re personnel, de s'opposer au traitement, de demander la portabilit\u00e9 de leurs donn\u00e9es \u00e0 caract\u00e8re personnel (lorsque cela est techniquement possible) ou de retirer le consentement qu'ils ont donn\u00e9.<\/strong>et, le cas \u00e9ch\u00e9ant, le cas \u00e9ch\u00e9ant<strong>ne pas faire l'objet d'une d\u00e9cision fond\u00e9e exclusivement sur un traitement automatis\u00e9, y compris le profilage.<\/strong>\u00a0<\/p><p>Pour ce faire, vous pouvez utiliser les formulaires fournis par l'organisation ou envoyer une lettre \u00e0 l'adresse postale ou \u00e9lectronique indiqu\u00e9e ci-dessus. Dans tous les cas, votre demande doit \u00eatre accompagn\u00e9e d'une photocopie de votre carte d'identit\u00e9 ou d'un document \u00e9quivalent, afin de prouver votre identit\u00e9.\u00a0<\/p><p>Si vous estimez que vos droits concernant la protection de vos donn\u00e9es personnelles ont \u00e9t\u00e9 viol\u00e9s, en particulier si vous n'avez pas obtenu satisfaction dans l'exercice de vos droits, vous pouvez introduire une plainte aupr\u00e8s de l'autorit\u00e9 de contr\u00f4le de la protection des donn\u00e9es comp\u00e9tente. <strong>(Agence espagnole de protection des donn\u00e9es),<\/strong> par l'interm\u00e9diaire de son site web : <a href=\"http:\/\/www.agpd.es\">www.agpd.es<\/a>.<\/p><p>Conform\u00e9ment aux dispositions de l'article 21 de la loi 34\/2002 sur les services de la soci\u00e9t\u00e9 de l'information et le commerce \u00e9lectronique, si vous ne souhaitez plus recevoir d'informations sur nos services, vous pouvez vous d\u00e9sabonner en envoyant un courrier \u00e9lectronique \u00e0 angeles@rioeresma.com, avec pour objet\u00a0 <strong>\u201c<em>BAJAS\".<\/em><\/strong><\/p>\t\t\t\t\t\t\t\t<\/div>\n\t\t\t\t<div class=\"elementor-element elementor-element-30d2102 elementor-widget elementor-widget-heading\" data-id=\"30d2102\" data-element_type=\"widget\" data-widget_type=\"heading.default\">\n\t\t\t\t\t<h2 class=\"elementor-heading-title elementor-size-default\">9.\tV\u00c9RACIT\u00c9 DES DONN\u00c9ES<\/h2>\t\t\t\t<\/div>\n\t\t\t\t<div class=\"elementor-element elementor-element-0eb222b elementor-widget elementor-widget-text-editor\" data-id=\"0eb222b\" data-element_type=\"widget\" data-widget_type=\"text-editor.default\">\n\t\t\t\t\t\t\t\t\t<p>L'int\u00e9ress\u00e9 garantit que les donn\u00e9es fournies sont vraies, exactes, compl\u00e8tes et \u00e0 jour ; il s'engage \u00e0 informer de tout changement concernant les donn\u00e9es fournies, par le biais des canaux pr\u00e9vus \u00e0 cet effet et indiqu\u00e9s au point 1 de la pr\u00e9sente politique. Il est responsable de tout dommage ou pr\u00e9judice, direct ou indirect, qui pourrait r\u00e9sulter du non-respect de cette obligation.<\/p><p>Dans le cas o\u00f9 l'utilisateur fournit des donn\u00e9es de tiers, il d\u00e9clare avoir le consentement des int\u00e9ress\u00e9s et s'engage \u00e0 leur fournir les informations contenues dans la pr\u00e9sente clause, en exon\u00e9rant l'organisation de toute responsabilit\u00e9 d\u00e9coulant du non-respect de cette obligation.<\/p>\t\t\t\t\t\t\t\t<\/div>\n\t\t\t\t<div class=\"elementor-element elementor-element-8ca1248 elementor-widget elementor-widget-heading\" data-id=\"8ca1248\" data-element_type=\"widget\" data-widget_type=\"heading.default\">\n\t\t\t\t\t<h2 class=\"elementor-heading-title elementor-size-default\">10.\tLES R\u00c9SEAUX SOCIAUX<\/h2>\t\t\t\t<\/div>\n\t\t\t\t<div class=\"elementor-element elementor-element-97651e8 elementor-widget elementor-widget-text-editor\" data-id=\"97651e8\" data-element_type=\"widget\" data-widget_type=\"text-editor.default\">\n\t\t\t\t\t\t\t\t\t<p><em>Les r\u00e9seaux sociaux font partie de la vie quotidienne de nombreux utilisateurs d'Internet et, pour eux, l'entit\u00e9 a cr\u00e9\u00e9 diff\u00e9rents profils dans certains d'entre eux.<\/em><\/p><p><em>Tous les utilisateurs qui visitent notre site web ont la possibilit\u00e9 de rejoindre nos r\u00e9seaux sociaux ou nos groupes.<\/em><\/p><p><em>Cependant, vous devez garder \u00e0 l'esprit que, \u00e0 moins que nous ne demandions directement vos donn\u00e9es (par exemple, par le biais d'actions de marketing, de concours, de promotions ou de toute autre forme valide), vos donn\u00e9es appartiendront au r\u00e9seau social correspondant, et nous vous recommandons donc de lire attentivement ses conditions d'utilisation et ses politiques de confidentialit\u00e9, ainsi que de vous assurer de configurer vos pr\u00e9f\u00e9rences en mati\u00e8re de traitement des donn\u00e9es.<\/em><\/p>\t\t\t\t\t\t\t\t<\/div>\n\t\t\t\t<div class=\"elementor-element elementor-element-a8435af elementor-widget elementor-widget-heading\" data-id=\"a8435af\" data-element_type=\"widget\" data-widget_type=\"heading.default\">\n\t\t\t\t\t<h2 class=\"elementor-heading-title elementor-size-default\">11.\tMODIFICATIONS\/MISE \u00c0 JOUR<\/h2>\t\t\t\t<\/div>\n\t\t\t\t<div class=\"elementor-element elementor-element-abec940 elementor-widget elementor-widget-text-editor\" data-id=\"abec940\" data-element_type=\"widget\" data-widget_type=\"text-editor.default\">\n\t\t\t\t\t\t\t\t\t<p><em>Cette politique de confidentialit\u00e9 peut \u00eatre modifi\u00e9e\/actualis\u00e9e en fonction des exigences l\u00e9gales \u00e9tablies ou dans le but d'adapter ladite politique aux instructions \u00e9mises par l'Agence espagnole de protection des donn\u00e9es ou aux changements apport\u00e9s \u00e0 notre site web.<\/em><\/p><p><em>C'est pourquoi nous encourageons les utilisateurs \u00e0 consulter r\u00e9guli\u00e8rement notre politique de confidentialit\u00e9.<\/em><\/p><p><em>Si vous avez des doutes concernant cette politique, vous pouvez contacter VIVEROS RIO ERESMA SLU \u00e0 l'adresse \u00e9lectronique suivante : angeles@rioeresma.com<\/em><\/p>\t\t\t\t\t\t\t\t<\/div>\n\t\t\t\t\t<\/div>\n\t\t<\/div>\n\t\t\t\t\t<\/div>\n\t\t<\/section>\n\t\t\t\t<\/div>","protected":false},"excerpt":{"rendered":"<p>Pol\u00edtica de Privacidad El objetivo de esta\u00a0pol\u00edtica es informar a los interesados acerca de los distintos tratamientos realizados por esta organizaci\u00f3n mediante la p\u00e1gina web y que afecten a sus datos personales de conformidad con lo establecido en la Ley Org\u00e1nica 3\/2018, de 5 de diciembre, de Protecci\u00f3n de Datos Personales y garant\u00eda de los [&hellip;]<\/p>","protected":false},"author":1,"featured_media":0,"parent":0,"menu_order":4,"comment_status":"closed","ping_status":"closed","template":"elementor_canvas","meta":{"footnotes":""},"class_list":["post-115","page","type-page","status-publish","hentry"],"yoast_head":"<!-- This site is optimized with the Yoast SEO plugin v25.4 - https:\/\/yoast.com\/wordpress\/plugins\/seo\/ -->\n<title>Pol\u00edtica de Privacidad - Viveros R\u00edo Eresma<\/title>\n<meta name=\"robots\" content=\"index, follow, max-snippet:-1, max-image-preview:large, max-video-preview:-1\" \/>\n<link rel=\"canonical\" href=\"https:\/\/rioeresma.es\/fr\/politica-de-privacidad\/\" \/>\n<meta property=\"og:locale\" content=\"fr_FR\" \/>\n<meta property=\"og:type\" content=\"article\" \/>\n<meta property=\"og:title\" content=\"Pol\u00edtica de Privacidad - Viveros R\u00edo Eresma\" \/>\n<meta property=\"og:description\" content=\"Pol\u00edtica de Privacidad El objetivo de esta\u00a0pol\u00edtica es informar a los interesados acerca de los distintos tratamientos realizados por esta organizaci\u00f3n mediante la p\u00e1gina web y que afecten a sus datos personales de conformidad con lo establecido en la Ley Org\u00e1nica 3\/2018, de 5 de diciembre, de Protecci\u00f3n de Datos Personales y garant\u00eda de los [&hellip;]\" \/>\n<meta property=\"og:url\" content=\"https:\/\/rioeresma.es\/fr\/politica-de-privacidad\/\" \/>\n<meta property=\"og:site_name\" content=\"Viveros R\u00edo Eresma\" \/>\n<meta property=\"article:publisher\" content=\"https:\/\/www.instagram.com\/rio_eresma_viveros\/\" \/>\n<meta property=\"article:modified_time\" content=\"2025-07-08T06:34:56+00:00\" \/>\n<meta name=\"twitter:card\" content=\"summary_large_image\" \/>\n<meta name=\"twitter:label1\" content=\"Dur\u00e9e de lecture estim\u00e9e\" \/>\n\t<meta name=\"twitter:data1\" content=\"6 minutes\" \/>\n<script type=\"application\/ld+json\" class=\"yoast-schema-graph\">{\"@context\":\"https:\/\/schema.org\",\"@graph\":[{\"@type\":\"WebPage\",\"@id\":\"https:\/\/rioeresma.es\/politica-de-privacidad\/\",\"url\":\"https:\/\/rioeresma.es\/politica-de-privacidad\/\",\"name\":\"Pol\u00edtica de Privacidad - Viveros R\u00edo Eresma\",\"isPartOf\":{\"@id\":\"https:\/\/rioeresma.es\/#website\"},\"datePublished\":\"2022-06-01T11:48:53+00:00\",\"dateModified\":\"2025-07-08T06:34:56+00:00\",\"breadcrumb\":{\"@id\":\"https:\/\/rioeresma.es\/politica-de-privacidad\/#breadcrumb\"},\"inLanguage\":\"fr-FR\",\"potentialAction\":[{\"@type\":\"ReadAction\",\"target\":[\"https:\/\/rioeresma.es\/politica-de-privacidad\/\"]}]},{\"@type\":\"BreadcrumbList\",\"@id\":\"https:\/\/rioeresma.es\/politica-de-privacidad\/#breadcrumb\",\"itemListElement\":[{\"@type\":\"ListItem\",\"position\":1,\"name\":\"Portada\",\"item\":\"https:\/\/rioeresma.es\/\"},{\"@type\":\"ListItem\",\"position\":2,\"name\":\"Pol\u00edtica de Privacidad\"}]},{\"@type\":\"WebSite\",\"@id\":\"https:\/\/rioeresma.es\/#website\",\"url\":\"https:\/\/rioeresma.es\/\",\"name\":\"Viveros R\u00edo Eresma\",\"description\":\"Viveros de plantas de fresas\",\"publisher\":{\"@id\":\"https:\/\/rioeresma.es\/#organization\"},\"alternateName\":\"viverosrioeresma.es\",\"potentialAction\":[{\"@type\":\"SearchAction\",\"target\":{\"@type\":\"EntryPoint\",\"urlTemplate\":\"https:\/\/rioeresma.es\/?s={search_term_string}\"},\"query-input\":{\"@type\":\"PropertyValueSpecification\",\"valueRequired\":true,\"valueName\":\"search_term_string\"}}],\"inLanguage\":\"fr-FR\"},{\"@type\":\"Organization\",\"@id\":\"https:\/\/rioeresma.es\/#organization\",\"name\":\"Viveros Rio Eresma SL\",\"alternateName\":\"viverosrioeresma.es\",\"url\":\"https:\/\/rioeresma.es\/\",\"logo\":{\"@type\":\"ImageObject\",\"inLanguage\":\"fr-FR\",\"@id\":\"https:\/\/rioeresma.es\/#\/schema\/logo\/image\/\",\"url\":\"https:\/\/rioeresma.es\/wp-content\/uploads\/2022\/05\/ri\u0301o-eresma_2.png\",\"contentUrl\":\"https:\/\/rioeresma.es\/wp-content\/uploads\/2022\/05\/ri\u0301o-eresma_2.png\",\"width\":1772,\"height\":1063,\"caption\":\"Viveros Rio Eresma SL\"},\"image\":{\"@id\":\"https:\/\/rioeresma.es\/#\/schema\/logo\/image\/\"},\"sameAs\":[\"https:\/\/www.instagram.com\/rio_eresma_viveros\/\"]}]}<\/script>\n<!-- \/ Yoast SEO plugin. -->","yoast_head_json":{"title":"Pol\u00edtica de Privacidad - Viveros R\u00edo Eresma","robots":{"index":"index","follow":"follow","max-snippet":"max-snippet:-1","max-image-preview":"max-image-preview:large","max-video-preview":"max-video-preview:-1"},"canonical":"https:\/\/rioeresma.es\/fr\/politica-de-privacidad\/","og_locale":"fr_FR","og_type":"article","og_title":"Pol\u00edtica de Privacidad - Viveros R\u00edo Eresma","og_description":"Pol\u00edtica de Privacidad El objetivo de esta\u00a0pol\u00edtica es informar a los interesados acerca de los distintos tratamientos realizados por esta organizaci\u00f3n mediante la p\u00e1gina web y que afecten a sus datos personales de conformidad con lo establecido en la Ley Org\u00e1nica 3\/2018, de 5 de diciembre, de Protecci\u00f3n de Datos Personales y garant\u00eda de los [&hellip;]","og_url":"https:\/\/rioeresma.es\/fr\/politica-de-privacidad\/","og_site_name":"Viveros R\u00edo Eresma","article_publisher":"https:\/\/www.instagram.com\/rio_eresma_viveros\/","article_modified_time":"2025-07-08T06:34:56+00:00","twitter_card":"summary_large_image","twitter_misc":{"Dur\u00e9e de lecture estim\u00e9e":"6 minutes"},"schema":{"@context":"https:\/\/schema.org","@graph":[{"@type":"WebPage","@id":"https:\/\/rioeresma.es\/politica-de-privacidad\/","url":"https:\/\/rioeresma.es\/politica-de-privacidad\/","name":"Pol\u00edtica de Privacidad - Viveros R\u00edo Eresma","isPartOf":{"@id":"https:\/\/rioeresma.es\/#website"},"datePublished":"2022-06-01T11:48:53+00:00","dateModified":"2025-07-08T06:34:56+00:00","breadcrumb":{"@id":"https:\/\/rioeresma.es\/politica-de-privacidad\/#breadcrumb"},"inLanguage":"fr-FR","potentialAction":[{"@type":"ReadAction","target":["https:\/\/rioeresma.es\/politica-de-privacidad\/"]}]},{"@type":"BreadcrumbList","@id":"https:\/\/rioeresma.es\/politica-de-privacidad\/#breadcrumb","itemListElement":[{"@type":"ListItem","position":1,"name":"Portada","item":"https:\/\/rioeresma.es\/"},{"@type":"ListItem","position":2,"name":"Pol\u00edtica de Privacidad"}]},{"@type":"WebSite","@id":"https:\/\/rioeresma.es\/#website","url":"https:\/\/rioeresma.es\/","name":"Viveros R\u00edo Eresma","description":"Viveros de plantas de fresas","publisher":{"@id":"https:\/\/rioeresma.es\/#organization"},"alternateName":"viverosrioeresma.es","potentialAction":[{"@type":"SearchAction","target":{"@type":"EntryPoint","urlTemplate":"https:\/\/rioeresma.es\/?s={search_term_string}"},"query-input":{"@type":"PropertyValueSpecification","valueRequired":true,"valueName":"search_term_string"}}],"inLanguage":"fr-FR"},{"@type":"Organization","@id":"https:\/\/rioeresma.es\/#organization","name":"Viveros Rio Eresma SL","alternateName":"viverosrioeresma.es","url":"https:\/\/rioeresma.es\/","logo":{"@type":"ImageObject","inLanguage":"fr-FR","@id":"https:\/\/rioeresma.es\/#\/schema\/logo\/image\/","url":"https:\/\/rioeresma.es\/wp-content\/uploads\/2022\/05\/ri\u0301o-eresma_2.png","contentUrl":"https:\/\/rioeresma.es\/wp-content\/uploads\/2022\/05\/ri\u0301o-eresma_2.png","width":1772,"height":1063,"caption":"Viveros Rio Eresma SL"},"image":{"@id":"https:\/\/rioeresma.es\/#\/schema\/logo\/image\/"},"sameAs":["https:\/\/www.instagram.com\/rio_eresma_viveros\/"]}]}},"_links":{"self":[{"href":"https:\/\/rioeresma.es\/fr\/wp-json\/wp\/v2\/pages\/115","targetHints":{"allow":["GET"]}}],"collection":[{"href":"https:\/\/rioeresma.es\/fr\/wp-json\/wp\/v2\/pages"}],"about":[{"href":"https:\/\/rioeresma.es\/fr\/wp-json\/wp\/v2\/types\/page"}],"author":[{"embeddable":true,"href":"https:\/\/rioeresma.es\/fr\/wp-json\/wp\/v2\/users\/1"}],"replies":[{"embeddable":true,"href":"https:\/\/rioeresma.es\/fr\/wp-json\/wp\/v2\/comments?post=115"}],"version-history":[{"count":7,"href":"https:\/\/rioeresma.es\/fr\/wp-json\/wp\/v2\/pages\/115\/revisions"}],"predecessor-version":[{"id":190,"href":"https:\/\/rioeresma.es\/fr\/wp-json\/wp\/v2\/pages\/115\/revisions\/190"}],"wp:attachment":[{"href":"https:\/\/rioeresma.es\/fr\/wp-json\/wp\/v2\/media?parent=115"}],"curies":[{"name":"wp","href":"https:\/\/api.w.org\/{rel}","templated":true}]}}