{"id":126,"date":"2022-06-01T11:59:26","date_gmt":"2022-06-01T11:59:26","guid":{"rendered":"http:\/\/rioeresma.es\/?page_id=126"},"modified":"2025-07-08T06:34:45","modified_gmt":"2025-07-08T06:34:45","slug":"politica-de-cookies","status":"publish","type":"page","link":"https:\/\/rioeresma.es\/fr\/politica-de-cookies\/","title":{"rendered":"Politique en mati\u00e8re de cookies"},"content":{"rendered":"<div data-elementor-type=\"wp-page\" data-elementor-id=\"126\" class=\"elementor elementor-126\" data-elementor-post-type=\"page\">\n\t\t\t\t\t\t<section class=\"elementor-section elementor-top-section elementor-element elementor-element-be8b116 elementor-section-boxed elementor-section-height-default elementor-section-height-default\" data-id=\"be8b116\" data-element_type=\"section\" data-settings=\"{&quot;background_background&quot;:&quot;classic&quot;}\">\n\t\t\t\t\t\t<div class=\"elementor-container elementor-column-gap-default\">\n\t\t\t\t\t<div class=\"elementor-column elementor-col-100 elementor-top-column elementor-element elementor-element-b95df2d\" data-id=\"b95df2d\" data-element_type=\"column\">\n\t\t\t<div class=\"elementor-widget-wrap elementor-element-populated\">\n\t\t\t\t\t\t<div class=\"elementor-element elementor-element-008b8b9 elementor-widget elementor-widget-heading\" data-id=\"008b8b9\" data-element_type=\"widget\" data-widget_type=\"heading.default\">\n\t\t\t\t\t<h2 class=\"elementor-heading-title elementor-size-default\">Politique en mati\u00e8re de cookies<\/h2>\t\t\t\t<\/div>\n\t\t\t\t<div class=\"elementor-element elementor-element-f92b3a2 elementor-widget-divider--view-line elementor-widget elementor-widget-divider\" data-id=\"f92b3a2\" data-element_type=\"widget\" data-widget_type=\"divider.default\">\n\t\t\t\t\t\t\t<div class=\"elementor-divider\">\n\t\t\t<span class=\"elementor-divider-separator\">\n\t\t\t\t\t\t<\/span>\n\t\t<\/div>\n\t\t\t\t\t\t<\/div>\n\t\t\t\t<div class=\"elementor-element elementor-element-bb0f259 elementor-widget elementor-widget-text-editor\" data-id=\"bb0f259\" data-element_type=\"widget\" data-widget_type=\"text-editor.default\">\n\t\t\t\t\t\t\t\t\t<p>L'objectif de cette politique est d'informer les parties int\u00e9ress\u00e9es sur les cookies utilis\u00e9s par ce site Web, conform\u00e9ment aux dispositions de la loi 34\/2002, du 11 juillet, sur les services de la soci\u00e9t\u00e9 de l'information et le commerce \u00e9lectronique, et du r\u00e8glement (UE) 2016\/679 du Parlement europ\u00e9en et du Conseil du 27 avril 2016.<\/p>\t\t\t\t\t\t\t\t<\/div>\n\t\t\t\t<div class=\"elementor-element elementor-element-e917405 elementor-widget elementor-widget-heading\" data-id=\"e917405\" data-element_type=\"widget\" data-widget_type=\"heading.default\">\n\t\t\t\t\t<h2 class=\"elementor-heading-title elementor-size-default\">1. UTILISATION DES COOKIES. QU'EST-CE QU'UN COOKIE ?<\/h2>\t\t\t\t<\/div>\n\t\t\t\t<div class=\"elementor-element elementor-element-1b6812d elementor-widget elementor-widget-text-editor\" data-id=\"1b6812d\" data-element_type=\"widget\" data-widget_type=\"text-editor.default\">\n\t\t\t\t\t\t\t\t\t<p>Les cookies sont des fichiers qui sont t\u00e9l\u00e9charg\u00e9s sur votre ordinateur, votre smartphone ou votre tablette lorsque vous acc\u00e9dez \u00e0 certains sites web. L'utilisation de cookies offre de nombreux avantages dans la fourniture de services de la soci\u00e9t\u00e9 de l'information, car, entre autres : (a) facilite la navigation de l'utilisateur sur le Site Web ; (b) facilite l'acc\u00e8s de l'utilisateur aux diff\u00e9rents services offerts par le Site Web ; (c) \u00e9vite \u00e0 l'utilisateur de reconfigurer des caract\u00e9ristiques g\u00e9n\u00e9rales pr\u00e9d\u00e9finies \u00e0 chaque fois qu'il acc\u00e8de au Site Web ; (d) favorise l'am\u00e9lioration du fonctionnement et des services fournis \u00e0 travers le Site Web, suite \u00e0 l'analyse correspondante des informations obtenues \u00e0 travers les cookies install\u00e9s ; (e) permettent \u00e0 un site Web, entre autres, de stocker et de r\u00e9cup\u00e9rer des informations sur les habitudes de navigation d'un utilisateur ou de son \u00e9quipement et, en fonction des informations qu'ils contiennent et de la fa\u00e7on dont il utilise son \u00e9quipement, ils peuvent \u00eatre utilis\u00e9s pour reconna\u00eetre l'utilisateur.<\/p><p>La plupart des navigateurs acceptent les cookies en standard et, ind\u00e9pendamment d'eux, autorisent ou emp\u00eachent les cookies temporaires ou stock\u00e9s dans les param\u00e8tres de s\u00e9curit\u00e9.<\/p><p>Veuillez noter qu'afin de pouvoir utiliser et avoir une meilleure exp\u00e9rience de navigation,\u00a0<strong>\u00a0<\/strong>il est n\u00e9cessaire d'activer les cookies, en particulier ceux de nature technique qui sont n\u00e9cessaires pour vous identifier en tant qu'utilisateur enregistr\u00e9 chaque fois que vous acc\u00e9dez \u00e0 ce site web.<\/p><p>Si vous ne souhaitez pas recevoir de cookies, veuillez configurer votre navigateur Internet de mani\u00e8re \u00e0 ce qu'il les efface du disque dur de votre ordinateur, qu'il les bloque ou qu'il vous avertisse s'ils sont install\u00e9s.<\/p>\t\t\t\t\t\t\t\t<\/div>\n\t\t\t\t<div class=\"elementor-element elementor-element-7b97315 elementor-widget elementor-widget-heading\" data-id=\"7b97315\" data-element_type=\"widget\" data-widget_type=\"heading.default\">\n\t\t\t\t\t<h2 class=\"elementor-heading-title elementor-size-default\">2. QUELS SONT LES TYPES DE COOKIES UTILIS\u00c9S PAR CE SITE WEB ?<\/h2>\t\t\t\t<\/div>\n\t\t\t\t<div class=\"elementor-element elementor-element-86808ce elementor-widget elementor-widget-text-editor\" data-id=\"86808ce\" data-element_type=\"widget\" data-widget_type=\"text-editor.default\">\n\t\t\t\t\t\t\t\t\t<p><strong><em>Cookies utilis\u00e9s sur ce site.<\/em><\/strong><\/p>\n<p>Conform\u00e9ment aux directives de l'Agence espagnole de protection des donn\u00e9es, nous d\u00e9taillons l'utilisation de la base de donn\u00e9es. <em>cookies<\/em> que ce site utilise, afin de vous fournir le plus d'informations possible. &nbsp;<\/p>\n<p><strong><em>Cookies propri\u00e9taires :<\/em><\/strong><\/p>\n<p>Ce sont celles qui sont envoy\u00e9es \u00e0 l'\u00e9quipement terminal de l'utilisateur \u00e0 partir d'un ordinateur ou d'un domaine g\u00e9r\u00e9 par l'\u00e9diteur lui-m\u00eame et \u00e0 partir duquel le service demand\u00e9 par l'utilisateur est fourni.<\/p>\n<p><strong><em>Cookies de tiers :<\/em><\/strong><\/p>\n<p>Les cookies sont ceux qui sont envoy\u00e9s \u00e0 l'\u00e9quipement terminal de l'utilisateur \u00e0 partir d'un ordinateur ou d'un domaine qui n'est pas g\u00e9r\u00e9 par l'\u00e9diteur, mais par une autre entit\u00e9 qui traite les donn\u00e9es obtenues par le biais des cookies.<\/p>\n<p>Vous trouverez une liste de ceux que nous utilisons ici : http:\/\/rioeresma.es\/politica-de-cookies-ue\/<\/p>\n<p><\/p>\n<p>VIVEROS RIO ERESMA SLU n'est en aucun cas responsable du contenu ou de la v\u00e9racit\u00e9 des politiques et\/ou des conditions d'utilisation et de confidentialit\u00e9 des tiers inclus, par le biais de liens, dans cette politique.<\/p>\t\t\t\t\t\t\t\t<\/div>\n\t\t\t\t<div class=\"elementor-element elementor-element-5746781 elementor-widget elementor-widget-heading\" data-id=\"5746781\" data-element_type=\"widget\" data-widget_type=\"heading.default\">\n\t\t\t\t\t<h2 class=\"elementor-heading-title elementor-size-default\">3. CONSENTEMENT <\/h2>\t\t\t\t<\/div>\n\t\t\t\t<div class=\"elementor-element elementor-element-70fc79d elementor-widget elementor-widget-text-editor\" data-id=\"70fc79d\" data-element_type=\"widget\" data-widget_type=\"text-editor.default\">\n\t\t\t\t\t\t\t\t\t<p>En ce qui concerne l'utilisation de cookies sur ce site web, l'utilisateur autorise et consent \u00e0 leur utilisation comme suit :<\/p><p><em>Lorsque l'utilisateur acc\u00e8de \u00e0 n'importe quelle page du site web, il voit appara\u00eetre un avis indiquant que le site web de VIVEROS RIO ERESMA SLU. <strong>\u00a0<\/strong>utilise des cookies, et l'utilisateur peut accepter ou refuser l'utilisation de cookies par le biais des param\u00e8tres de son navigateur. En cliquant sur accepter, vous acceptez l'utilisation de nos cookies et, le cas \u00e9ch\u00e9ant, de ceux de tiers. Le panneau de configuration\/confidentialit\u00e9 vous offre la possibilit\u00e9 de les accepter par type.<\/em><\/p>\t\t\t\t\t\t\t\t<\/div>\n\t\t\t\t<div class=\"elementor-element elementor-element-bcfd2f6 elementor-widget elementor-widget-heading\" data-id=\"bcfd2f6\" data-element_type=\"widget\" data-widget_type=\"heading.default\">\n\t\t\t\t\t<h2 class=\"elementor-heading-title elementor-size-default\">4. LES P\u00c9RIODES OU CRIT\u00c8RES DE CONSERVATION DES DONN\u00c9ES.<\/h2>\t\t\t\t<\/div>\n\t\t\t\t<div class=\"elementor-element elementor-element-752a9f4 elementor-widget elementor-widget-text-editor\" data-id=\"752a9f4\" data-element_type=\"widget\" data-widget_type=\"text-editor.default\">\n\t\t\t\t\t\t\t\t\t<p>Les donn\u00e9es personnelles fournies seront conserv\u00e9es pendant la dur\u00e9e n\u00e9cessaire \u00e0 la r\u00e9alisation des objectifs pour lesquels elles ont \u00e9t\u00e9 collect\u00e9es \u00e0 l'origine.<\/p><p>Une fois que les donn\u00e9es ne sont plus n\u00e9cessaires au traitement en question, elles seront d\u00fbment bloqu\u00e9es afin de les mettre, le cas \u00e9ch\u00e9ant, \u00e0 la disposition des administrations et organismes publics comp\u00e9tents, des juges et des tribunaux ou du minist\u00e8re public, pendant la p\u00e9riode de prescription des actions pouvant d\u00e9river du rapport entretenu avec le client et\/ou les p\u00e9riodes de conservation pr\u00e9vues par la loi.<\/p>\t\t\t\t\t\t\t\t<\/div>\n\t\t\t\t<div class=\"elementor-element elementor-element-9925e96 elementor-widget elementor-widget-heading\" data-id=\"9925e96\" data-element_type=\"widget\" data-widget_type=\"heading.default\">\n\t\t\t\t\t<h2 class=\"elementor-heading-title elementor-size-default\">5. COMMENT BLOQUER, R\u00c9VOQUER OU SUPPRIMER LES COOKIES INSTALL\u00c9S<\/h2>\t\t\t\t<\/div>\n\t\t\t\t<div class=\"elementor-element elementor-element-4d6e71e elementor-widget elementor-widget-text-editor\" data-id=\"4d6e71e\" data-element_type=\"widget\" data-widget_type=\"text-editor.default\">\n\t\t\t\t\t\t\t\t\t<p>Vous pouvez autoriser, bloquer, r\u00e9voquer ou supprimer les cookies install\u00e9s sur votre ordinateur en configurant les options de votre navigateur. Vous trouverez des informations sur la mani\u00e8re de proc\u00e9der, en fonction des navigateurs les plus courants, dans les liens ci-dessous :<\/p><p>Explorer: <a href=\"https:\/\/support.microsoft.com\/es-es\/kb\/278835\">https:\/\/support.microsoft.com\/es-es\/kb\/278835<\/a><\/p><p>Microsoft Edge<strong>: <\/strong><a href=\"https:\/\/privacy.microsoft.com\/es-es\/windows-10-microsoft-edge-and-privacy\">https:\/\/privacy.microsoft.com\/es-es\/windows-10-microsoft-edge-and-privacy<\/a><\/p><p>Chrome:<a href=\"http:\/\/support.google.com\/chrome\/bin\/answer.py?hl=es&amp;answer=95647\">https:\/\/support.google.com\/chrome\/answer\/95647?co=GENIE.Platform%3DDesktop&amp;hl=esttp:\/\/support.google.com\/chrome\/bin\/answer.py?hl=es&amp;answer=95647<\/a><\/p><p>Firefox: <a href=\"http:\/\/support.mozilla.org\/es\/kb\/Borrar%20cookies\">http:\/\/support.mozilla.org\/es\/kb\/Borrar%20cookies<\/a><\/p><p>Safari: <a href=\"http:\/\/support.apple.com\/kb\/ph5042\">http:\/\/support.apple.com\/kb\/ph5042<\/a>.<\/p><p>Opera: <a href=\"https:\/\/help.opera.com\/en\/latest\/web-preferences\/#cookies\">https:\/\/help.opera.com\/en\/latest\/web-preferences\/#cookies<\/a><\/p><p>Nous vous informons toutefois de la possibilit\u00e9 que la d\u00e9sactivation d'un cookie puisse emp\u00eacher ou g\u00eaner la navigation ou la fourniture des services offerts sur le site.<\/p><p>Pour r\u00e9voquer les cookies initialement accept\u00e9s, vous devez cliquer sur le bouton : \"r\u00e9voquer les cookies\". \u00a0<\/p>\t\t\t\t\t\t\t\t<\/div>\n\t\t\t\t<div class=\"elementor-element elementor-element-a859dcb elementor-widget elementor-widget-heading\" data-id=\"a859dcb\" data-element_type=\"widget\" data-widget_type=\"heading.default\">\n\t\t\t\t\t<h2 class=\"elementor-heading-title elementor-size-default\">6. LES DESTINATAIRES DE L'INFORMATION<\/h2>\t\t\t\t<\/div>\n\t\t\t\t<div class=\"elementor-element elementor-element-f1c33c0 elementor-widget elementor-widget-text-editor\" data-id=\"f1c33c0\" data-element_type=\"widget\" data-widget_type=\"text-editor.default\">\n\t\t\t\t\t\t\t\t\t<p><em>Les informations obtenues par le biais des cookies du site web seront accessibles aux entreprises collaboratrices \u00e9num\u00e9r\u00e9es dans le panneau de configuration, o\u00f9 vous pourrez \u00e9galement consulter les objectifs pour lesquels elles les utilisent et leurs politiques de confidentialit\u00e9 respectives.<\/em><\/p>\t\t\t\t\t\t\t\t<\/div>\n\t\t\t\t<div class=\"elementor-element elementor-element-c7775e2 elementor-widget elementor-widget-heading\" data-id=\"c7775e2\" data-element_type=\"widget\" data-widget_type=\"heading.default\">\n\t\t\t\t\t<h2 class=\"elementor-heading-title elementor-size-default\">7. MODIFICATIONS\/ACTUALISATION <\/h2>\t\t\t\t<\/div>\n\t\t\t\t<div class=\"elementor-element elementor-element-dab4705 elementor-widget elementor-widget-text-editor\" data-id=\"dab4705\" data-element_type=\"widget\" data-widget_type=\"text-editor.default\">\n\t\t\t\t\t\t\t\t\t<p>Cette politique en mati\u00e8re de cookies peut \u00eatre modifi\u00e9e\/actualis\u00e9e en fonction des exigences l\u00e9gales \u00e9tablies ou afin d'adapter ladite politique aux instructions \u00e9mises par l'Agence espagnole de protection des donn\u00e9es ou aux changements apport\u00e9s \u00e0 notre site Web.<\/p><p>C'est pourquoi nous conseillons aux utilisateurs de consulter r\u00e9guli\u00e8rement notre politique en mati\u00e8re de cookies.<\/p><p>Si vous avez des doutes concernant cette politique en mati\u00e8re de cookies, vous pouvez contacter VIVEROS RIO ERESMA SLU \u00e0 l'adresse \u00e9lectronique suivante : <u>viveros@rioeresma.com<\/u><\/p><p>Vous pouvez vous rendre sur le site <u>Politique de confidentialit\u00e9<\/u>\u00a0pour plus d'informations sur le traitement de vos donn\u00e9es personnelles par l'utilisation de cookies.<\/p>\t\t\t\t\t\t\t\t<\/div>\n\t\t\t\t\t<\/div>\n\t\t<\/div>\n\t\t\t\t\t<\/div>\n\t\t<\/section>\n\t\t\t\t<\/div>","protected":false},"excerpt":{"rendered":"<p>Pol\u00edtica de Cookies El objetivo de esta\u00a0pol\u00edtica es informar a los interesados acerca de las cookies que emplea esta p\u00e1gina web\u00a0 de conformidad con lo establecido en la Ley 34\/2002, de 11 de julio, de Servicios de la Sociedad de la Informaci\u00f3n y de Comercio Electr\u00f3nico, \u00a0y el Reglamento (UE) 2016\/679 del Parlamento Europeo y [&hellip;]<\/p>","protected":false},"author":1,"featured_media":0,"parent":0,"menu_order":4,"comment_status":"closed","ping_status":"closed","template":"elementor_canvas","meta":{"footnotes":""},"class_list":["post-126","page","type-page","status-publish","hentry"],"yoast_head":"<!-- This site is optimized with the Yoast SEO plugin v25.4 - https:\/\/yoast.com\/wordpress\/plugins\/seo\/ -->\n<title>Pol\u00edtica de Cookies - Viveros R\u00edo Eresma<\/title>\n<meta name=\"robots\" content=\"index, follow, max-snippet:-1, max-image-preview:large, max-video-preview:-1\" \/>\n<link rel=\"canonical\" href=\"https:\/\/rioeresma.es\/fr\/politica-de-cookies\/\" \/>\n<meta property=\"og:locale\" content=\"fr_FR\" \/>\n<meta property=\"og:type\" content=\"article\" \/>\n<meta property=\"og:title\" content=\"Pol\u00edtica de Cookies - Viveros R\u00edo Eresma\" \/>\n<meta property=\"og:description\" content=\"Pol\u00edtica de Cookies El objetivo de esta\u00a0pol\u00edtica es informar a los interesados acerca de las cookies que emplea esta p\u00e1gina web\u00a0 de conformidad con lo establecido en la Ley 34\/2002, de 11 de julio, de Servicios de la Sociedad de la Informaci\u00f3n y de Comercio Electr\u00f3nico, \u00a0y el Reglamento (UE) 2016\/679 del Parlamento Europeo y [&hellip;]\" \/>\n<meta property=\"og:url\" content=\"https:\/\/rioeresma.es\/fr\/politica-de-cookies\/\" \/>\n<meta property=\"og:site_name\" content=\"Viveros R\u00edo Eresma\" \/>\n<meta property=\"article:publisher\" content=\"https:\/\/www.instagram.com\/rio_eresma_viveros\/\" \/>\n<meta property=\"article:modified_time\" content=\"2025-07-08T06:34:45+00:00\" \/>\n<meta name=\"twitter:card\" content=\"summary_large_image\" \/>\n<meta name=\"twitter:label1\" content=\"Dur\u00e9e de lecture estim\u00e9e\" \/>\n\t<meta name=\"twitter:data1\" content=\"6 minutes\" \/>\n<script type=\"application\/ld+json\" class=\"yoast-schema-graph\">{\"@context\":\"https:\/\/schema.org\",\"@graph\":[{\"@type\":\"WebPage\",\"@id\":\"https:\/\/rioeresma.es\/politica-de-cookies\/\",\"url\":\"https:\/\/rioeresma.es\/politica-de-cookies\/\",\"name\":\"Pol\u00edtica de Cookies - Viveros R\u00edo Eresma\",\"isPartOf\":{\"@id\":\"https:\/\/rioeresma.es\/#website\"},\"datePublished\":\"2022-06-01T11:59:26+00:00\",\"dateModified\":\"2025-07-08T06:34:45+00:00\",\"breadcrumb\":{\"@id\":\"https:\/\/rioeresma.es\/politica-de-cookies\/#breadcrumb\"},\"inLanguage\":\"fr-FR\",\"potentialAction\":[{\"@type\":\"ReadAction\",\"target\":[\"https:\/\/rioeresma.es\/politica-de-cookies\/\"]}]},{\"@type\":\"BreadcrumbList\",\"@id\":\"https:\/\/rioeresma.es\/politica-de-cookies\/#breadcrumb\",\"itemListElement\":[{\"@type\":\"ListItem\",\"position\":1,\"name\":\"Portada\",\"item\":\"https:\/\/rioeresma.es\/\"},{\"@type\":\"ListItem\",\"position\":2,\"name\":\"Pol\u00edtica de Cookies\"}]},{\"@type\":\"WebSite\",\"@id\":\"https:\/\/rioeresma.es\/#website\",\"url\":\"https:\/\/rioeresma.es\/\",\"name\":\"Viveros R\u00edo Eresma\",\"description\":\"Viveros de plantas de fresas\",\"publisher\":{\"@id\":\"https:\/\/rioeresma.es\/#organization\"},\"alternateName\":\"viverosrioeresma.es\",\"potentialAction\":[{\"@type\":\"SearchAction\",\"target\":{\"@type\":\"EntryPoint\",\"urlTemplate\":\"https:\/\/rioeresma.es\/?s={search_term_string}\"},\"query-input\":{\"@type\":\"PropertyValueSpecification\",\"valueRequired\":true,\"valueName\":\"search_term_string\"}}],\"inLanguage\":\"fr-FR\"},{\"@type\":\"Organization\",\"@id\":\"https:\/\/rioeresma.es\/#organization\",\"name\":\"Viveros Rio Eresma SL\",\"alternateName\":\"viverosrioeresma.es\",\"url\":\"https:\/\/rioeresma.es\/\",\"logo\":{\"@type\":\"ImageObject\",\"inLanguage\":\"fr-FR\",\"@id\":\"https:\/\/rioeresma.es\/#\/schema\/logo\/image\/\",\"url\":\"https:\/\/rioeresma.es\/wp-content\/uploads\/2022\/05\/ri\u0301o-eresma_2.png\",\"contentUrl\":\"https:\/\/rioeresma.es\/wp-content\/uploads\/2022\/05\/ri\u0301o-eresma_2.png\",\"width\":1772,\"height\":1063,\"caption\":\"Viveros Rio Eresma SL\"},\"image\":{\"@id\":\"https:\/\/rioeresma.es\/#\/schema\/logo\/image\/\"},\"sameAs\":[\"https:\/\/www.instagram.com\/rio_eresma_viveros\/\"]}]}<\/script>\n<!-- \/ Yoast SEO plugin. -->","yoast_head_json":{"title":"Pol\u00edtica de Cookies - Viveros R\u00edo Eresma","robots":{"index":"index","follow":"follow","max-snippet":"max-snippet:-1","max-image-preview":"max-image-preview:large","max-video-preview":"max-video-preview:-1"},"canonical":"https:\/\/rioeresma.es\/fr\/politica-de-cookies\/","og_locale":"fr_FR","og_type":"article","og_title":"Pol\u00edtica de Cookies - Viveros R\u00edo Eresma","og_description":"Pol\u00edtica de Cookies El objetivo de esta\u00a0pol\u00edtica es informar a los interesados acerca de las cookies que emplea esta p\u00e1gina web\u00a0 de conformidad con lo establecido en la Ley 34\/2002, de 11 de julio, de Servicios de la Sociedad de la Informaci\u00f3n y de Comercio Electr\u00f3nico, \u00a0y el Reglamento (UE) 2016\/679 del Parlamento Europeo y [&hellip;]","og_url":"https:\/\/rioeresma.es\/fr\/politica-de-cookies\/","og_site_name":"Viveros R\u00edo Eresma","article_publisher":"https:\/\/www.instagram.com\/rio_eresma_viveros\/","article_modified_time":"2025-07-08T06:34:45+00:00","twitter_card":"summary_large_image","twitter_misc":{"Dur\u00e9e de lecture estim\u00e9e":"6 minutes"},"schema":{"@context":"https:\/\/schema.org","@graph":[{"@type":"WebPage","@id":"https:\/\/rioeresma.es\/politica-de-cookies\/","url":"https:\/\/rioeresma.es\/politica-de-cookies\/","name":"Pol\u00edtica de Cookies - Viveros R\u00edo Eresma","isPartOf":{"@id":"https:\/\/rioeresma.es\/#website"},"datePublished":"2022-06-01T11:59:26+00:00","dateModified":"2025-07-08T06:34:45+00:00","breadcrumb":{"@id":"https:\/\/rioeresma.es\/politica-de-cookies\/#breadcrumb"},"inLanguage":"fr-FR","potentialAction":[{"@type":"ReadAction","target":["https:\/\/rioeresma.es\/politica-de-cookies\/"]}]},{"@type":"BreadcrumbList","@id":"https:\/\/rioeresma.es\/politica-de-cookies\/#breadcrumb","itemListElement":[{"@type":"ListItem","position":1,"name":"Portada","item":"https:\/\/rioeresma.es\/"},{"@type":"ListItem","position":2,"name":"Pol\u00edtica de Cookies"}]},{"@type":"WebSite","@id":"https:\/\/rioeresma.es\/#website","url":"https:\/\/rioeresma.es\/","name":"Viveros R\u00edo Eresma","description":"Viveros de plantas de fresas","publisher":{"@id":"https:\/\/rioeresma.es\/#organization"},"alternateName":"viverosrioeresma.es","potentialAction":[{"@type":"SearchAction","target":{"@type":"EntryPoint","urlTemplate":"https:\/\/rioeresma.es\/?s={search_term_string}"},"query-input":{"@type":"PropertyValueSpecification","valueRequired":true,"valueName":"search_term_string"}}],"inLanguage":"fr-FR"},{"@type":"Organization","@id":"https:\/\/rioeresma.es\/#organization","name":"Viveros Rio Eresma SL","alternateName":"viverosrioeresma.es","url":"https:\/\/rioeresma.es\/","logo":{"@type":"ImageObject","inLanguage":"fr-FR","@id":"https:\/\/rioeresma.es\/#\/schema\/logo\/image\/","url":"https:\/\/rioeresma.es\/wp-content\/uploads\/2022\/05\/ri\u0301o-eresma_2.png","contentUrl":"https:\/\/rioeresma.es\/wp-content\/uploads\/2022\/05\/ri\u0301o-eresma_2.png","width":1772,"height":1063,"caption":"Viveros Rio Eresma SL"},"image":{"@id":"https:\/\/rioeresma.es\/#\/schema\/logo\/image\/"},"sameAs":["https:\/\/www.instagram.com\/rio_eresma_viveros\/"]}]}},"_links":{"self":[{"href":"https:\/\/rioeresma.es\/fr\/wp-json\/wp\/v2\/pages\/126","targetHints":{"allow":["GET"]}}],"collection":[{"href":"https:\/\/rioeresma.es\/fr\/wp-json\/wp\/v2\/pages"}],"about":[{"href":"https:\/\/rioeresma.es\/fr\/wp-json\/wp\/v2\/types\/page"}],"author":[{"embeddable":true,"href":"https:\/\/rioeresma.es\/fr\/wp-json\/wp\/v2\/users\/1"}],"replies":[{"embeddable":true,"href":"https:\/\/rioeresma.es\/fr\/wp-json\/wp\/v2\/comments?post=126"}],"version-history":[{"count":10,"href":"https:\/\/rioeresma.es\/fr\/wp-json\/wp\/v2\/pages\/126\/revisions"}],"predecessor-version":[{"id":187,"href":"https:\/\/rioeresma.es\/fr\/wp-json\/wp\/v2\/pages\/126\/revisions\/187"}],"wp:attachment":[{"href":"https:\/\/rioeresma.es\/fr\/wp-json\/wp\/v2\/media?parent=126"}],"curies":[{"name":"wp","href":"https:\/\/api.w.org\/{rel}","templated":true}]}}