{"id":39,"date":"2022-05-17T08:08:13","date_gmt":"2022-05-17T08:08:13","guid":{"rendered":"http:\/\/rioeresma.es\/?page_id=39"},"modified":"2025-07-08T06:38:04","modified_gmt":"2025-07-08T06:38:04","slug":"viveros-de-plantas-de-fresa","status":"publish","type":"page","link":"https:\/\/rioeresma.es\/fr\/viveros-de-plantas-de-fresa\/","title":{"rendered":"Nos plantes"},"content":{"rendered":"<div data-elementor-type=\"wp-page\" data-elementor-id=\"39\" class=\"elementor elementor-39\" data-elementor-post-type=\"page\">\n\t\t\t\t\t\t<section class=\"elementor-section elementor-top-section elementor-element elementor-element-c090fad elementor-section-full_width elementor-section-height-full elementor-section-height-default elementor-section-items-middle\" data-id=\"c090fad\" data-element_type=\"section\" data-settings=\"{&quot;background_background&quot;:&quot;classic&quot;}\">\n\t\t\t\t\t\t<div class=\"elementor-container elementor-column-gap-default\">\n\t\t\t\t\t<div class=\"elementor-column elementor-col-50 elementor-top-column elementor-element elementor-element-76fc95b\" data-id=\"76fc95b\" data-element_type=\"column\">\n\t\t\t<div class=\"elementor-widget-wrap elementor-element-populated\">\n\t\t\t\t\t\t<div class=\"elementor-element elementor-element-16d7136 elementor-widget elementor-widget-heading\" data-id=\"16d7136\" data-element_type=\"widget\" data-widget_type=\"heading.default\">\n\t\t\t\t\t<h2 class=\"elementor-heading-title elementor-size-default\">NOTRES PLANTES<\/h2>\t\t\t\t<\/div>\n\t\t\t\t<div class=\"elementor-element elementor-element-5c710c7 elementor-widget elementor-widget-text-editor\" data-id=\"5c710c7\" data-element_type=\"widget\" data-widget_type=\"text-editor.default\">\n\t\t\t\t\t\t\t\t\t<p>L'engagement de Viveros R\u00edo Eresma envers la qualit\u00e9 des plantes que nous produisons et la transparence que nous appliquons \u00e0 toutes nos actions, nous am\u00e8ne \u00e0 maintenir les r\u00e8gles les plus strictes et les plus hautes contr\u00f4les de qualit\u00e9.<br \/><br \/>Pour ce faire, nous g\u00e9n\u00e9rons des codes QR qui accompagnent tous les processus de production et qui nous permettent Ils affirment conna\u00eetre la tra\u00e7abilit\u00e9 de chaque plante depuis la culture jusqu'\u00e0 la livraison. En outre, Nous auditons r\u00e9guli\u00e8rement la qualit\u00e9 des installations et pr\u00e9parons des rapports techniques qui incluent tous  informations sur le processus de production en termes de plantation, de d\u00e9veloppement, de processus de r\u00e9colte et stockage nos plantes.<\/p><p>De cette fa\u00e7on, nos clients ont la tranquillit\u00e9 d'esprit que les plantes qu'ils re\u00e7oivent sont  dans des conditions optimales pour produire des fruits de qualit\u00e9.<\/p>\t\t\t\t\t\t\t\t<\/div>\n\t\t\t\t<div class=\"elementor-element elementor-element-68d2673 elementor-widget elementor-widget-button\" data-id=\"68d2673\" data-element_type=\"widget\" data-widget_type=\"button.default\">\n\t\t\t\t\t\t\t\t\t\t<a class=\"elementor-button elementor-button-link elementor-size-md\" href=\"#plantas\">\n\t\t\t\t\t\t<span class=\"elementor-button-content-wrapper\">\n\t\t\t\t\t\t\t\t\t<span class=\"elementor-button-text\">En savoir plus<\/span>\n\t\t\t\t\t<\/span>\n\t\t\t\t\t<\/a>\n\t\t\t\t\t\t\t\t<\/div>\n\t\t\t\t\t<\/div>\n\t\t<\/div>\n\t\t\t\t<div class=\"elementor-column elementor-col-50 elementor-top-column elementor-element elementor-element-9755b44\" data-id=\"9755b44\" data-element_type=\"column\">\n\t\t\t<div class=\"elementor-widget-wrap elementor-element-populated\">\n\t\t\t\t\t\t<div class=\"elementor-element elementor-element-0731974 elementor-widget elementor-widget-image\" data-id=\"0731974\" data-element_type=\"widget\" data-widget_type=\"image.default\">\n\t\t\t\t\t\t\t\t\t\t\t\t\t\t\t<img fetchpriority=\"high\" decoding=\"async\" width=\"800\" height=\"600\" src=\"https:\/\/rioeresma.es\/wp-content\/uploads\/2022\/05\/WhatsApp-Image-2022-03-31-at-6.17.45-PM-1024x768.jpeg\" class=\"attachment-large size-large wp-image-41\" alt=\"\" srcset=\"https:\/\/rioeresma.es\/wp-content\/uploads\/2022\/05\/WhatsApp-Image-2022-03-31-at-6.17.45-PM-1024x768.jpeg 1024w, https:\/\/rioeresma.es\/wp-content\/uploads\/2022\/05\/WhatsApp-Image-2022-03-31-at-6.17.45-PM-600x450.jpeg 600w, https:\/\/rioeresma.es\/wp-content\/uploads\/2022\/05\/WhatsApp-Image-2022-03-31-at-6.17.45-PM-300x225.jpeg 300w, https:\/\/rioeresma.es\/wp-content\/uploads\/2022\/05\/WhatsApp-Image-2022-03-31-at-6.17.45-PM-768x576.jpeg 768w, https:\/\/rioeresma.es\/wp-content\/uploads\/2022\/05\/WhatsApp-Image-2022-03-31-at-6.17.45-PM-1536x1152.jpeg 1536w, https:\/\/rioeresma.es\/wp-content\/uploads\/2022\/05\/WhatsApp-Image-2022-03-31-at-6.17.45-PM.jpeg 1600w\" sizes=\"(max-width: 800px) 100vw, 800px\" \/>\t\t\t\t\t\t\t\t\t\t\t\t\t\t\t<\/div>\n\t\t\t\t<div class=\"elementor-element elementor-element-63cac5d elementor-widget elementor-widget-image\" data-id=\"63cac5d\" data-element_type=\"widget\" data-widget_type=\"image.default\">\n\t\t\t\t\t\t\t\t\t\t\t\t\t\t\t<img decoding=\"async\" width=\"800\" height=\"199\" src=\"https:\/\/rioeresma.es\/wp-content\/uploads\/2022\/05\/faldon2-1024x255.png\" class=\"attachment-large size-large wp-image-42\" alt=\"\" srcset=\"https:\/\/rioeresma.es\/wp-content\/uploads\/2022\/05\/faldon2-1024x255.png 1024w, https:\/\/rioeresma.es\/wp-content\/uploads\/2022\/05\/faldon2-600x150.png 600w, https:\/\/rioeresma.es\/wp-content\/uploads\/2022\/05\/faldon2-300x75.png 300w, https:\/\/rioeresma.es\/wp-content\/uploads\/2022\/05\/faldon2-768x191.png 768w, https:\/\/rioeresma.es\/wp-content\/uploads\/2022\/05\/faldon2.png 1384w\" sizes=\"(max-width: 800px) 100vw, 800px\" \/>\t\t\t\t\t\t\t\t\t\t\t\t\t\t\t<\/div>\n\t\t\t\t\t<\/div>\n\t\t<\/div>\n\t\t\t\t\t<\/div>\n\t\t<\/section>\n\t\t\t\t<section class=\"elementor-section elementor-top-section elementor-element elementor-element-60ff6ae elementor-section-boxed elementor-section-height-default elementor-section-height-default\" data-id=\"60ff6ae\" data-element_type=\"section\" id=\"plantas\" data-settings=\"{&quot;background_background&quot;:&quot;classic&quot;}\">\n\t\t\t\t\t\t<div class=\"elementor-container elementor-column-gap-default\">\n\t\t\t\t\t<div class=\"elementor-column elementor-col-100 elementor-top-column elementor-element elementor-element-a088771\" data-id=\"a088771\" data-element_type=\"column\">\n\t\t\t<div class=\"elementor-widget-wrap elementor-element-populated\">\n\t\t\t\t\t\t<section class=\"elementor-section elementor-inner-section elementor-element elementor-element-272eb68 elementor-section-boxed elementor-section-height-default elementor-section-height-default\" data-id=\"272eb68\" data-element_type=\"section\">\n\t\t\t\t\t\t<div class=\"elementor-container elementor-column-gap-default\">\n\t\t\t\t\t<div class=\"elementor-column elementor-col-50 elementor-inner-column elementor-element elementor-element-984a432\" data-id=\"984a432\" data-element_type=\"column\" data-settings=\"{&quot;background_background&quot;:&quot;classic&quot;}\">\n\t\t\t<div class=\"elementor-widget-wrap elementor-element-populated\">\n\t\t\t\t\t\t<div class=\"elementor-element elementor-element-d1aeb37 elementor-widget elementor-widget-image\" data-id=\"d1aeb37\" data-element_type=\"widget\" data-widget_type=\"image.default\">\n\t\t\t\t\t\t\t\t\t\t\t\t\t\t\t<img decoding=\"async\" width=\"300\" height=\"225\" src=\"https:\/\/rioeresma.es\/wp-content\/uploads\/2022\/05\/WhatsApp-Image-2022-03-31-at-6.17.48-PM-300x225.jpeg\" class=\"attachment-medium size-medium wp-image-43\" alt=\"\" srcset=\"https:\/\/rioeresma.es\/wp-content\/uploads\/2022\/05\/WhatsApp-Image-2022-03-31-at-6.17.48-PM-300x225.jpeg 300w, https:\/\/rioeresma.es\/wp-content\/uploads\/2022\/05\/WhatsApp-Image-2022-03-31-at-6.17.48-PM-600x450.jpeg 600w, https:\/\/rioeresma.es\/wp-content\/uploads\/2022\/05\/WhatsApp-Image-2022-03-31-at-6.17.48-PM-1024x768.jpeg 1024w, https:\/\/rioeresma.es\/wp-content\/uploads\/2022\/05\/WhatsApp-Image-2022-03-31-at-6.17.48-PM-768x576.jpeg 768w, https:\/\/rioeresma.es\/wp-content\/uploads\/2022\/05\/WhatsApp-Image-2022-03-31-at-6.17.48-PM-1536x1152.jpeg 1536w, https:\/\/rioeresma.es\/wp-content\/uploads\/2022\/05\/WhatsApp-Image-2022-03-31-at-6.17.48-PM.jpeg 2000w\" sizes=\"(max-width: 300px) 100vw, 300px\" \/>\t\t\t\t\t\t\t\t\t\t\t\t\t\t\t<\/div>\n\t\t\t\t<div class=\"elementor-element elementor-element-8e282ac elementor-widget elementor-widget-text-editor\" data-id=\"8e282ac\" data-element_type=\"widget\" data-widget_type=\"text-editor.default\">\n\t\t\t\t\t\t\t\t\t<p>P\u00c9PINI\u00c8RE S\u00c9LECTEUR<\/p>\t\t\t\t\t\t\t\t<\/div>\n\t\t\t\t<div class=\"elementor-element elementor-element-5e51f02 elementor-widget elementor-widget-text-editor\" data-id=\"5e51f02\" data-element_type=\"widget\" data-widget_type=\"text-editor.default\">\n\t\t\t\t\t\t\t\t\t<p>Si vous nous connaissez d\u00e9j\u00e0, ou si vous parcourez cette page depuis un moment, vous aurez remarqu\u00e9 que le la productivit\u00e9 et la qualit\u00e9 des fraises produites par nos plantes sont aussi importantes pour vous que  pour nous.<\/p>\n<p>Pour atteindre cette excellence, notre objectif est de contr\u00f4ler la qualit\u00e9 du mat\u00e9riel v\u00e9g\u00e9tal depuis le    materiel initial \u00e0 la plante m\u00e8re. <\/p>\n<p>Chez Viveros R\u00edo Eresma, nous sommes une p\u00e9pini\u00e8re de selection, c'est pourquoi nous disposons \u00e0 la fois d'un champ de Fondation comme InsectProof pour le d\u00e9veloppement et le contr\u00f4le du mat\u00e9riel initial, garantissant ainsi le   origin de nos plantes m\u00e8res.<\/p>\t\t\t\t\t\t\t\t<\/div>\n\t\t\t\t\t<\/div>\n\t\t<\/div>\n\t\t\t\t<div class=\"elementor-column elementor-col-50 elementor-inner-column elementor-element elementor-element-86af487\" data-id=\"86af487\" data-element_type=\"column\" data-settings=\"{&quot;background_background&quot;:&quot;classic&quot;}\">\n\t\t\t<div class=\"elementor-widget-wrap elementor-element-populated\">\n\t\t\t\t\t\t<div class=\"elementor-element elementor-element-f52d772 elementor-widget elementor-widget-image\" data-id=\"f52d772\" data-element_type=\"widget\" data-widget_type=\"image.default\">\n\t\t\t\t\t\t\t\t\t\t\t\t\t\t\t<img loading=\"lazy\" decoding=\"async\" width=\"300\" height=\"225\" src=\"https:\/\/rioeresma.es\/wp-content\/uploads\/2022\/05\/20210906_095634-1-1-300x225.jpg\" class=\"attachment-medium size-medium wp-image-46\" alt=\"\" srcset=\"https:\/\/rioeresma.es\/wp-content\/uploads\/2022\/05\/20210906_095634-1-1-300x225.jpg 300w, https:\/\/rioeresma.es\/wp-content\/uploads\/2022\/05\/20210906_095634-1-1-scaled-600x450.jpg 600w, https:\/\/rioeresma.es\/wp-content\/uploads\/2022\/05\/20210906_095634-1-1-1024x768.jpg 1024w, https:\/\/rioeresma.es\/wp-content\/uploads\/2022\/05\/20210906_095634-1-1-768x576.jpg 768w, https:\/\/rioeresma.es\/wp-content\/uploads\/2022\/05\/20210906_095634-1-1-1536x1152.jpg 1536w\" sizes=\"(max-width: 300px) 100vw, 300px\" \/>\t\t\t\t\t\t\t\t\t\t\t\t\t\t\t<\/div>\n\t\t\t\t<div class=\"elementor-element elementor-element-87baade elementor-widget elementor-widget-text-editor\" data-id=\"87baade\" data-element_type=\"widget\" data-widget_type=\"text-editor.default\">\n\t\t\t\t\t\t\t\t\t<p>Motte<\/p>\t\t\t\t\t\t\t\t<\/div>\n\t\t\t\t<div class=\"elementor-element elementor-element-14fa78c elementor-widget elementor-widget-text-editor\" data-id=\"14fa78c\" data-element_type=\"widget\" data-widget_type=\"text-editor.default\">\n\t\t\t\t\t\t\t\t\t<p>Nous cultivons des alv\u00e9oles de nos meilleurs champs gr\u00e2ce \u00e0 un processus artisanal de coupe stolons.<br \/><br \/>En utilisant diff\u00e9rent formats, substrats et techniques, accords \u00e0 chaque vari\u00e9t\u00e9, nous avons r\u00e9alis\u00e9 des alv\u00e9oles  de qualit\u00e9 sup\u00e9rieure.<br \/>Nous sommes leaders et pionniers dans la culture de ce produit.<br \/><br \/>Notre exp\u00e9rience et nos installations nous permettent d'exp\u00e9dier ces plantes directement vers ton  champs, pour la obtention de grand pr\u00e9cocit\u00e9 de  production sans perdre de qualit\u00e9.<\/p>\t\t\t\t\t\t\t\t<\/div>\n\t\t\t\t\t<\/div>\n\t\t<\/div>\n\t\t\t\t\t<\/div>\n\t\t<\/section>\n\t\t\t\t<section class=\"elementor-section elementor-inner-section elementor-element elementor-element-41b8293 elementor-section-boxed elementor-section-height-default elementor-section-height-default\" data-id=\"41b8293\" data-element_type=\"section\">\n\t\t\t\t\t\t<div class=\"elementor-container elementor-column-gap-default\">\n\t\t\t\t\t<div class=\"elementor-column elementor-col-50 elementor-inner-column elementor-element elementor-element-ece97a7\" data-id=\"ece97a7\" data-element_type=\"column\" data-settings=\"{&quot;background_background&quot;:&quot;classic&quot;}\">\n\t\t\t<div class=\"elementor-widget-wrap elementor-element-populated\">\n\t\t\t\t\t\t<div class=\"elementor-element elementor-element-b3aad23 elementor-widget elementor-widget-image\" data-id=\"b3aad23\" data-element_type=\"widget\" data-widget_type=\"image.default\">\n\t\t\t\t\t\t\t\t\t\t\t\t\t\t\t<img loading=\"lazy\" decoding=\"async\" width=\"300\" height=\"225\" src=\"https:\/\/rioeresma.es\/wp-content\/uploads\/2022\/05\/WhatsApp-Image-2022-03-31-at-6.17.46-PM-3-300x225.jpeg\" class=\"attachment-medium size-medium wp-image-47\" alt=\"\" srcset=\"https:\/\/rioeresma.es\/wp-content\/uploads\/2022\/05\/WhatsApp-Image-2022-03-31-at-6.17.46-PM-3-300x225.jpeg 300w, https:\/\/rioeresma.es\/wp-content\/uploads\/2022\/05\/WhatsApp-Image-2022-03-31-at-6.17.46-PM-3-600x450.jpeg 600w, https:\/\/rioeresma.es\/wp-content\/uploads\/2022\/05\/WhatsApp-Image-2022-03-31-at-6.17.46-PM-3-1024x768.jpeg 1024w, https:\/\/rioeresma.es\/wp-content\/uploads\/2022\/05\/WhatsApp-Image-2022-03-31-at-6.17.46-PM-3-768x576.jpeg 768w, https:\/\/rioeresma.es\/wp-content\/uploads\/2022\/05\/WhatsApp-Image-2022-03-31-at-6.17.46-PM-3-1536x1152.jpeg 1536w, https:\/\/rioeresma.es\/wp-content\/uploads\/2022\/05\/WhatsApp-Image-2022-03-31-at-6.17.46-PM-3.jpeg 1600w\" sizes=\"(max-width: 300px) 100vw, 300px\" \/>\t\t\t\t\t\t\t\t\t\t\t\t\t\t\t<\/div>\n\t\t\t\t<div class=\"elementor-element elementor-element-1439469 elementor-widget elementor-widget-text-editor\" data-id=\"1439469\" data-element_type=\"widget\" data-widget_type=\"text-editor.default\">\n\t\t\t\t\t\t\t\t\t<p>RACINE NUE PLANTES<\/p>\t\t\t\t\t\t\t\t<\/div>\n\t\t\t\t<div class=\"elementor-element elementor-element-dd20e0f elementor-widget elementor-widget-text-editor\" data-id=\"dd20e0f\" data-element_type=\"widget\" data-widget_type=\"text-editor.default\">\n\t\t\t\t\t\t\t\t\t<p>Nous plantes le meilleur m\u00e8re plantes dans notre des champs dans S\u00e9govie, o\u00f9 elles se d\u00e9veloppe sous dessol, altitude, et conditions de temp\u00e9rature tr\u00e8s adapt\u00e9es au bon d\u00e9veloppement de la plante.<br \/><br \/>Au moment optimal, ces plantes sont r\u00e9colt\u00e9es, s\u00e9lectionn\u00e9es et transport\u00e9es racines nues jusqu'\u00e0 notre usine de transformation et vers  les champs des clients o\u00f9, gr\u00e2ce \u00e0 des climats g\u00e9n\u00e9ralement plus chauds, les plantes produisent une bonne quantit\u00e9  de      fruits de haute qualit\u00e9.<br \/><br \/>Nous offrons \u00e0 large portfolio  des vari\u00e9t\u00e9s et fournir des conseils pour votre domaine en fonction de vos besoins.<\/p>\t\t\t\t\t\t\t\t<\/div>\n\t\t\t\t\t<\/div>\n\t\t<\/div>\n\t\t\t\t<div class=\"elementor-column elementor-col-50 elementor-inner-column elementor-element elementor-element-c91cce0\" data-id=\"c91cce0\" data-element_type=\"column\" data-settings=\"{&quot;background_background&quot;:&quot;classic&quot;}\">\n\t\t\t<div class=\"elementor-widget-wrap elementor-element-populated\">\n\t\t\t\t\t\t<div class=\"elementor-element elementor-element-1adda01 elementor-widget elementor-widget-image\" data-id=\"1adda01\" data-element_type=\"widget\" data-widget_type=\"image.default\">\n\t\t\t\t\t\t\t\t\t\t\t\t\t\t\t<img decoding=\"async\" src=\"https:\/\/rioeresma.es\/wp-content\/uploads\/elementor\/thumbs\/WhatsApp-Image-2022-03-30-at-7.32.34-PM-poxtf1abwhf9gm6yayl6pw3n6r3mdfaj7dcyw7ueik.jpeg\" title=\"WhatsApp Image 2022-03-30 at 7.32.34 PM\" alt=\"WhatsApp Image 2022-03-30 at 7.32.34 PM\" loading=\"lazy\" \/>\t\t\t\t\t\t\t\t\t\t\t\t\t\t\t<\/div>\n\t\t\t\t<div class=\"elementor-element elementor-element-5e36051 elementor-widget elementor-widget-text-editor\" data-id=\"5e36051\" data-element_type=\"widget\" data-widget_type=\"text-editor.default\">\n\t\t\t\t\t\t\t\t\t<p>RACINE NUE PLANTES FRIGO<\/p>\t\t\t\t\t\t\t\t<\/div>\n\t\t\t\t<div class=\"elementor-element elementor-element-3977d8f elementor-widget elementor-widget-text-editor\" data-id=\"3977d8f\" data-element_type=\"widget\" data-widget_type=\"text-editor.default\">\n\t\t\t\t\t\t\t\t\t<p>Nous r\u00e9colte le plantes dans D\u00e9cembre nous stockons dans des conditions optimales dans nos chambres froides.<br \/><br \/>Ce type de conservation, qui rend la plante tr\u00e8s r\u00e9sistante, nous permet de livrer notre plante dans le monde, vous en aurez besoin, dans des conditions de qualit\u00e9 optimales. <br \/><br \/>Une fois que la plante arrive entre vos mains, il vous suffit de la \u00ab r\u00e9veiller \u00bb pour la pr\u00e9parer \u00e0 la plantation dans  votre       champ.<\/p>\t\t\t\t\t\t\t\t<\/div>\n\t\t\t\t\t<\/div>\n\t\t<\/div>\n\t\t\t\t\t<\/div>\n\t\t<\/section>\n\t\t\t\t\t<\/div>\n\t\t<\/div>\n\t\t\t\t\t<\/div>\n\t\t<\/section>\n\t\t\t\t<\/div>","protected":false},"excerpt":{"rendered":"<p>NUESTRAS PLANTAS El compromiso de Viveros R\u00edo Eresma con la calidad de las plantas que producimos y la transparencia que aplicamos a todas nuestras actuaciones nos lleva a mantener los m\u00e1s estrictos controles de calidad. Para ello, generamos c\u00f3digos QR que acompa\u00f1an a todos los procesos de la planta y que nos aseguran conocer la [&hellip;]<\/p>","protected":false},"author":1,"featured_media":0,"parent":0,"menu_order":1,"comment_status":"closed","ping_status":"closed","template":"elementor_header_footer","meta":{"footnotes":""},"class_list":["post-39","page","type-page","status-publish","hentry"],"yoast_head":"<!-- This site is optimized with the Yoast SEO plugin v25.4 - https:\/\/yoast.com\/wordpress\/plugins\/seo\/ -->\n<title>Nuestras Plantas - Viveros R\u00edo Eresma<\/title>\n<meta name=\"description\" content=\"Nuestra especialidad y nuestra pasi\u00f3n son las plantas de fresa de altura. Nuestra experiencia nos avala.\" \/>\n<meta name=\"robots\" content=\"index, follow, max-snippet:-1, max-image-preview:large, max-video-preview:-1\" \/>\n<link rel=\"canonical\" href=\"https:\/\/rioeresma.es\/fr\/viveros-de-plantas-de-fresa\/\" \/>\n<meta property=\"og:locale\" content=\"fr_FR\" \/>\n<meta property=\"og:type\" content=\"article\" \/>\n<meta property=\"og:title\" content=\"Nuestras Plantas - Viveros R\u00edo Eresma\" \/>\n<meta property=\"og:description\" content=\"Nuestra especialidad y nuestra pasi\u00f3n son las plantas de fresa de altura. Nuestra experiencia nos avala.\" \/>\n<meta property=\"og:url\" content=\"https:\/\/rioeresma.es\/fr\/viveros-de-plantas-de-fresa\/\" \/>\n<meta property=\"og:site_name\" content=\"Viveros R\u00edo Eresma\" \/>\n<meta property=\"article:publisher\" content=\"https:\/\/www.instagram.com\/rio_eresma_viveros\/\" \/>\n<meta property=\"article:modified_time\" content=\"2025-07-08T06:38:04+00:00\" \/>\n<meta property=\"og:image\" content=\"http:\/\/rioeresma.es\/wp-content\/uploads\/2022\/05\/WhatsApp-Image-2022-03-31-at-6.17.45-PM-1024x768.jpeg\" \/>\n<meta name=\"twitter:card\" content=\"summary_large_image\" \/>\n<meta name=\"twitter:label1\" content=\"Dur\u00e9e de lecture estim\u00e9e\" \/>\n\t<meta name=\"twitter:data1\" content=\"4 minutes\" \/>\n<script type=\"application\/ld+json\" class=\"yoast-schema-graph\">{\"@context\":\"https:\/\/schema.org\",\"@graph\":[{\"@type\":\"WebPage\",\"@id\":\"https:\/\/rioeresma.es\/viveros-de-plantas-de-fresa\/\",\"url\":\"https:\/\/rioeresma.es\/viveros-de-plantas-de-fresa\/\",\"name\":\"Nuestras Plantas - Viveros R\u00edo Eresma\",\"isPartOf\":{\"@id\":\"https:\/\/rioeresma.es\/#website\"},\"primaryImageOfPage\":{\"@id\":\"https:\/\/rioeresma.es\/viveros-de-plantas-de-fresa\/#primaryimage\"},\"image\":{\"@id\":\"https:\/\/rioeresma.es\/viveros-de-plantas-de-fresa\/#primaryimage\"},\"thumbnailUrl\":\"http:\/\/rioeresma.es\/wp-content\/uploads\/2022\/05\/WhatsApp-Image-2022-03-31-at-6.17.45-PM-1024x768.jpeg\",\"datePublished\":\"2022-05-17T08:08:13+00:00\",\"dateModified\":\"2025-07-08T06:38:04+00:00\",\"description\":\"Nuestra especialidad y nuestra pasi\u00f3n son las plantas de fresa de altura. Nuestra experiencia nos avala.\",\"breadcrumb\":{\"@id\":\"https:\/\/rioeresma.es\/viveros-de-plantas-de-fresa\/#breadcrumb\"},\"inLanguage\":\"fr-FR\",\"potentialAction\":[{\"@type\":\"ReadAction\",\"target\":[\"https:\/\/rioeresma.es\/viveros-de-plantas-de-fresa\/\"]}]},{\"@type\":\"ImageObject\",\"inLanguage\":\"fr-FR\",\"@id\":\"https:\/\/rioeresma.es\/viveros-de-plantas-de-fresa\/#primaryimage\",\"url\":\"http:\/\/rioeresma.es\/wp-content\/uploads\/2022\/05\/WhatsApp-Image-2022-03-31-at-6.17.45-PM-1024x768.jpeg\",\"contentUrl\":\"http:\/\/rioeresma.es\/wp-content\/uploads\/2022\/05\/WhatsApp-Image-2022-03-31-at-6.17.45-PM-1024x768.jpeg\"},{\"@type\":\"BreadcrumbList\",\"@id\":\"https:\/\/rioeresma.es\/viveros-de-plantas-de-fresa\/#breadcrumb\",\"itemListElement\":[{\"@type\":\"ListItem\",\"position\":1,\"name\":\"Portada\",\"item\":\"https:\/\/rioeresma.es\/\"},{\"@type\":\"ListItem\",\"position\":2,\"name\":\"Nuestras Plantas\"}]},{\"@type\":\"WebSite\",\"@id\":\"https:\/\/rioeresma.es\/#website\",\"url\":\"https:\/\/rioeresma.es\/\",\"name\":\"Viveros R\u00edo Eresma\",\"description\":\"Viveros de plantas de fresas\",\"publisher\":{\"@id\":\"https:\/\/rioeresma.es\/#organization\"},\"alternateName\":\"viverosrioeresma.es\",\"potentialAction\":[{\"@type\":\"SearchAction\",\"target\":{\"@type\":\"EntryPoint\",\"urlTemplate\":\"https:\/\/rioeresma.es\/?s={search_term_string}\"},\"query-input\":{\"@type\":\"PropertyValueSpecification\",\"valueRequired\":true,\"valueName\":\"search_term_string\"}}],\"inLanguage\":\"fr-FR\"},{\"@type\":\"Organization\",\"@id\":\"https:\/\/rioeresma.es\/#organization\",\"name\":\"Viveros Rio Eresma SL\",\"alternateName\":\"viverosrioeresma.es\",\"url\":\"https:\/\/rioeresma.es\/\",\"logo\":{\"@type\":\"ImageObject\",\"inLanguage\":\"fr-FR\",\"@id\":\"https:\/\/rioeresma.es\/#\/schema\/logo\/image\/\",\"url\":\"https:\/\/rioeresma.es\/wp-content\/uploads\/2022\/05\/ri\u0301o-eresma_2.png\",\"contentUrl\":\"https:\/\/rioeresma.es\/wp-content\/uploads\/2022\/05\/ri\u0301o-eresma_2.png\",\"width\":1772,\"height\":1063,\"caption\":\"Viveros Rio Eresma SL\"},\"image\":{\"@id\":\"https:\/\/rioeresma.es\/#\/schema\/logo\/image\/\"},\"sameAs\":[\"https:\/\/www.instagram.com\/rio_eresma_viveros\/\"]}]}<\/script>\n<!-- \/ Yoast SEO plugin. -->","yoast_head_json":{"title":"Nuestras Plantas - Viveros R\u00edo Eresma","description":"Nuestra especialidad y nuestra pasi\u00f3n son las plantas de fresa de altura. Nuestra experiencia nos avala.","robots":{"index":"index","follow":"follow","max-snippet":"max-snippet:-1","max-image-preview":"max-image-preview:large","max-video-preview":"max-video-preview:-1"},"canonical":"https:\/\/rioeresma.es\/fr\/viveros-de-plantas-de-fresa\/","og_locale":"fr_FR","og_type":"article","og_title":"Nuestras Plantas - Viveros R\u00edo Eresma","og_description":"Nuestra especialidad y nuestra pasi\u00f3n son las plantas de fresa de altura. Nuestra experiencia nos avala.","og_url":"https:\/\/rioeresma.es\/fr\/viveros-de-plantas-de-fresa\/","og_site_name":"Viveros R\u00edo Eresma","article_publisher":"https:\/\/www.instagram.com\/rio_eresma_viveros\/","article_modified_time":"2025-07-08T06:38:04+00:00","og_image":[{"url":"http:\/\/rioeresma.es\/wp-content\/uploads\/2022\/05\/WhatsApp-Image-2022-03-31-at-6.17.45-PM-1024x768.jpeg","type":"","width":"","height":""}],"twitter_card":"summary_large_image","twitter_misc":{"Dur\u00e9e de lecture estim\u00e9e":"4 minutes"},"schema":{"@context":"https:\/\/schema.org","@graph":[{"@type":"WebPage","@id":"https:\/\/rioeresma.es\/viveros-de-plantas-de-fresa\/","url":"https:\/\/rioeresma.es\/viveros-de-plantas-de-fresa\/","name":"Nuestras Plantas - Viveros R\u00edo Eresma","isPartOf":{"@id":"https:\/\/rioeresma.es\/#website"},"primaryImageOfPage":{"@id":"https:\/\/rioeresma.es\/viveros-de-plantas-de-fresa\/#primaryimage"},"image":{"@id":"https:\/\/rioeresma.es\/viveros-de-plantas-de-fresa\/#primaryimage"},"thumbnailUrl":"http:\/\/rioeresma.es\/wp-content\/uploads\/2022\/05\/WhatsApp-Image-2022-03-31-at-6.17.45-PM-1024x768.jpeg","datePublished":"2022-05-17T08:08:13+00:00","dateModified":"2025-07-08T06:38:04+00:00","description":"Nuestra especialidad y nuestra pasi\u00f3n son las plantas de fresa de altura. Nuestra experiencia nos avala.","breadcrumb":{"@id":"https:\/\/rioeresma.es\/viveros-de-plantas-de-fresa\/#breadcrumb"},"inLanguage":"fr-FR","potentialAction":[{"@type":"ReadAction","target":["https:\/\/rioeresma.es\/viveros-de-plantas-de-fresa\/"]}]},{"@type":"ImageObject","inLanguage":"fr-FR","@id":"https:\/\/rioeresma.es\/viveros-de-plantas-de-fresa\/#primaryimage","url":"http:\/\/rioeresma.es\/wp-content\/uploads\/2022\/05\/WhatsApp-Image-2022-03-31-at-6.17.45-PM-1024x768.jpeg","contentUrl":"http:\/\/rioeresma.es\/wp-content\/uploads\/2022\/05\/WhatsApp-Image-2022-03-31-at-6.17.45-PM-1024x768.jpeg"},{"@type":"BreadcrumbList","@id":"https:\/\/rioeresma.es\/viveros-de-plantas-de-fresa\/#breadcrumb","itemListElement":[{"@type":"ListItem","position":1,"name":"Portada","item":"https:\/\/rioeresma.es\/"},{"@type":"ListItem","position":2,"name":"Nuestras Plantas"}]},{"@type":"WebSite","@id":"https:\/\/rioeresma.es\/#website","url":"https:\/\/rioeresma.es\/","name":"Viveros R\u00edo Eresma","description":"Viveros de plantas de fresas","publisher":{"@id":"https:\/\/rioeresma.es\/#organization"},"alternateName":"viverosrioeresma.es","potentialAction":[{"@type":"SearchAction","target":{"@type":"EntryPoint","urlTemplate":"https:\/\/rioeresma.es\/?s={search_term_string}"},"query-input":{"@type":"PropertyValueSpecification","valueRequired":true,"valueName":"search_term_string"}}],"inLanguage":"fr-FR"},{"@type":"Organization","@id":"https:\/\/rioeresma.es\/#organization","name":"Viveros Rio Eresma SL","alternateName":"viverosrioeresma.es","url":"https:\/\/rioeresma.es\/","logo":{"@type":"ImageObject","inLanguage":"fr-FR","@id":"https:\/\/rioeresma.es\/#\/schema\/logo\/image\/","url":"https:\/\/rioeresma.es\/wp-content\/uploads\/2022\/05\/ri\u0301o-eresma_2.png","contentUrl":"https:\/\/rioeresma.es\/wp-content\/uploads\/2022\/05\/ri\u0301o-eresma_2.png","width":1772,"height":1063,"caption":"Viveros Rio Eresma SL"},"image":{"@id":"https:\/\/rioeresma.es\/#\/schema\/logo\/image\/"},"sameAs":["https:\/\/www.instagram.com\/rio_eresma_viveros\/"]}]}},"_links":{"self":[{"href":"https:\/\/rioeresma.es\/fr\/wp-json\/wp\/v2\/pages\/39","targetHints":{"allow":["GET"]}}],"collection":[{"href":"https:\/\/rioeresma.es\/fr\/wp-json\/wp\/v2\/pages"}],"about":[{"href":"https:\/\/rioeresma.es\/fr\/wp-json\/wp\/v2\/types\/page"}],"author":[{"embeddable":true,"href":"https:\/\/rioeresma.es\/fr\/wp-json\/wp\/v2\/users\/1"}],"replies":[{"embeddable":true,"href":"https:\/\/rioeresma.es\/fr\/wp-json\/wp\/v2\/comments?post=39"}],"version-history":[{"count":16,"href":"https:\/\/rioeresma.es\/fr\/wp-json\/wp\/v2\/pages\/39\/revisions"}],"predecessor-version":[{"id":205,"href":"https:\/\/rioeresma.es\/fr\/wp-json\/wp\/v2\/pages\/39\/revisions\/205"}],"wp:attachment":[{"href":"https:\/\/rioeresma.es\/fr\/wp-json\/wp\/v2\/media?parent=39"}],"curies":[{"name":"wp","href":"https:\/\/api.w.org\/{rel}","templated":true}]}}