{"id":67,"date":"2022-05-17T07:56:53","date_gmt":"2022-05-17T07:56:53","guid":{"rendered":"http:\/\/rioeresma.es\/?page_id=67"},"modified":"2025-07-08T06:38:01","modified_gmt":"2025-07-08T06:38:01","slug":"contacto","status":"publish","type":"page","link":"https:\/\/rioeresma.es\/fr\/contacto\/","title":{"rendered":"Contact"},"content":{"rendered":"<div data-elementor-type=\"wp-page\" data-elementor-id=\"67\" class=\"elementor elementor-67\" data-elementor-post-type=\"page\">\n\t\t\t\t\t\t<section class=\"elementor-section elementor-top-section elementor-element elementor-element-c090fad elementor-section-full_width elementor-section-height-full elementor-section-height-default elementor-section-items-middle\" data-id=\"c090fad\" data-element_type=\"section\" data-settings=\"{&quot;background_background&quot;:&quot;classic&quot;}\">\n\t\t\t\t\t\t<div class=\"elementor-container elementor-column-gap-default\">\n\t\t\t\t\t<div class=\"elementor-column elementor-col-50 elementor-top-column elementor-element elementor-element-76fc95b\" data-id=\"76fc95b\" data-element_type=\"column\">\n\t\t\t<div class=\"elementor-widget-wrap elementor-element-populated\">\n\t\t\t\t\t\t<div class=\"elementor-element elementor-element-16d7136 elementor-widget elementor-widget-heading\" data-id=\"16d7136\" data-element_type=\"widget\" data-widget_type=\"heading.default\">\n\t\t\t\t\t<h2 class=\"elementor-heading-title elementor-size-default\">POUVONS T AIDER?<\/h2>\t\t\t\t<\/div>\n\t\t\t\t<div class=\"elementor-element elementor-element-5c710c7 elementor-widget elementor-widget-text-editor\" data-id=\"5c710c7\" data-element_type=\"widget\" data-widget_type=\"text-editor.default\">\n\t\t\t\t\t\t\t\t\t<p>Si vous avez besoin de nous contacter, vous pouvez le faire des mani\u00e8res suivantes :<\/p>\t\t\t\t\t\t\t\t<\/div>\n\t\t\t\t<section class=\"elementor-section elementor-inner-section elementor-element elementor-element-f24f772 elementor-section-boxed elementor-section-height-default elementor-section-height-default\" data-id=\"f24f772\" data-element_type=\"section\">\n\t\t\t\t\t\t<div class=\"elementor-container elementor-column-gap-default\">\n\t\t\t\t\t<div class=\"elementor-column elementor-col-50 elementor-inner-column elementor-element elementor-element-7a179f7d\" data-id=\"7a179f7d\" data-element_type=\"column\" data-settings=\"{&quot;background_background&quot;:&quot;classic&quot;}\">\n\t\t\t<div class=\"elementor-widget-wrap elementor-element-populated\">\n\t\t\t\t\t\t<div class=\"elementor-element elementor-element-3ce66da9 elementor-widget elementor-widget-image\" data-id=\"3ce66da9\" data-element_type=\"widget\" data-widget_type=\"image.default\">\n\t\t\t\t\t\t\t\t\t\t\t\t\t\t\t<img decoding=\"async\" src=\"https:\/\/rioeresma.es\/wp-content\/uploads\/elementor\/thumbs\/contact-poxs4pskoog4fzalzd5elea7k7w5mzd3jypqnm4ueg.png\" title=\"contact\" alt=\"contact\" loading=\"lazy\" \/>\t\t\t\t\t\t\t\t\t\t\t\t\t\t\t<\/div>\n\t\t\t\t<div class=\"elementor-element elementor-element-d415c7e elementor-widget elementor-widget-text-editor\" data-id=\"d415c7e\" data-element_type=\"widget\" data-widget_type=\"text-editor.default\">\n\t\t\t\t\t\t\t\t\t<p>E-MAIL<\/p>\t\t\t\t\t\t\t\t<\/div>\n\t\t\t\t<div class=\"elementor-element elementor-element-5769b3a elementor-widget elementor-widget-text-editor\" data-id=\"5769b3a\" data-element_type=\"widget\" data-widget_type=\"text-editor.default\">\n\t\t\t\t\t\t\t\t\t<p>viveros@rioeresma.com<\/p>\t\t\t\t\t\t\t\t<\/div>\n\t\t\t\t\t<\/div>\n\t\t<\/div>\n\t\t\t\t<div class=\"elementor-column elementor-col-50 elementor-inner-column elementor-element elementor-element-da195da\" data-id=\"da195da\" data-element_type=\"column\" data-settings=\"{&quot;background_background&quot;:&quot;classic&quot;}\">\n\t\t\t<div class=\"elementor-widget-wrap elementor-element-populated\">\n\t\t\t\t\t\t<div class=\"elementor-element elementor-element-ea0eeca elementor-widget elementor-widget-image\" data-id=\"ea0eeca\" data-element_type=\"widget\" data-widget_type=\"image.default\">\n\t\t\t\t\t\t\t\t\t\t\t\t\t\t\t<img decoding=\"async\" src=\"https:\/\/rioeresma.es\/wp-content\/uploads\/elementor\/thumbs\/contact-poxs4pskoog4fzalzd5elea7k7w5mzd3jypqnm4ueg.png\" title=\"contact\" alt=\"contact\" loading=\"lazy\" \/>\t\t\t\t\t\t\t\t\t\t\t\t\t\t\t<\/div>\n\t\t\t\t<div class=\"elementor-element elementor-element-9091a54 elementor-widget elementor-widget-text-editor\" data-id=\"9091a54\" data-element_type=\"widget\" data-widget_type=\"text-editor.default\">\n\t\t\t\t\t\t\t\t\t<p>T\u00c9L\u00c9PHONE<\/p>\t\t\t\t\t\t\t\t<\/div>\n\t\t\t\t<div class=\"elementor-element elementor-element-45e5fa7 elementor-widget elementor-widget-text-editor\" data-id=\"45e5fa7\" data-element_type=\"widget\" data-widget_type=\"text-editor.default\">\n\t\t\t\t\t\t\t\t\t<p>921575195<\/p>\t\t\t\t\t\t\t\t<\/div>\n\t\t\t\t\t<\/div>\n\t\t<\/div>\n\t\t\t\t\t<\/div>\n\t\t<\/section>\n\t\t\t\t\t<\/div>\n\t\t<\/div>\n\t\t\t\t<div class=\"elementor-column elementor-col-50 elementor-top-column elementor-element elementor-element-9755b44\" data-id=\"9755b44\" data-element_type=\"column\">\n\t\t\t<div class=\"elementor-widget-wrap elementor-element-populated\">\n\t\t\t\t\t\t<div class=\"elementor-element elementor-element-0731974 elementor-widget elementor-widget-image\" data-id=\"0731974\" data-element_type=\"widget\" data-widget_type=\"image.default\">\n\t\t\t\t\t\t\t\t\t\t\t\t\t\t\t<img fetchpriority=\"high\" decoding=\"async\" width=\"800\" height=\"600\" src=\"https:\/\/rioeresma.es\/wp-content\/uploads\/2022\/05\/WhatsApp-Image-2022-03-30-at-7.26.00-PM-1024x768.jpeg\" class=\"attachment-large size-large wp-image-69\" alt=\"\" srcset=\"https:\/\/rioeresma.es\/wp-content\/uploads\/2022\/05\/WhatsApp-Image-2022-03-30-at-7.26.00-PM-1024x768.jpeg 1024w, https:\/\/rioeresma.es\/wp-content\/uploads\/2022\/05\/WhatsApp-Image-2022-03-30-at-7.26.00-PM-600x450.jpeg 600w, https:\/\/rioeresma.es\/wp-content\/uploads\/2022\/05\/WhatsApp-Image-2022-03-30-at-7.26.00-PM-300x225.jpeg 300w, https:\/\/rioeresma.es\/wp-content\/uploads\/2022\/05\/WhatsApp-Image-2022-03-30-at-7.26.00-PM-768x576.jpeg 768w, https:\/\/rioeresma.es\/wp-content\/uploads\/2022\/05\/WhatsApp-Image-2022-03-30-at-7.26.00-PM-1536x1152.jpeg 1536w, https:\/\/rioeresma.es\/wp-content\/uploads\/2022\/05\/WhatsApp-Image-2022-03-30-at-7.26.00-PM.jpeg 1600w\" sizes=\"(max-width: 800px) 100vw, 800px\" \/>\t\t\t\t\t\t\t\t\t\t\t\t\t\t\t<\/div>\n\t\t\t\t<div class=\"elementor-element elementor-element-63cac5d elementor-widget elementor-widget-image\" data-id=\"63cac5d\" data-element_type=\"widget\" data-widget_type=\"image.default\">\n\t\t\t\t\t\t\t\t\t\t\t\t\t\t\t<img decoding=\"async\" width=\"800\" height=\"199\" src=\"https:\/\/rioeresma.es\/wp-content\/uploads\/2022\/05\/faldon2-1024x255.png\" class=\"attachment-large size-large wp-image-42\" alt=\"\" srcset=\"https:\/\/rioeresma.es\/wp-content\/uploads\/2022\/05\/faldon2-1024x255.png 1024w, https:\/\/rioeresma.es\/wp-content\/uploads\/2022\/05\/faldon2-600x150.png 600w, https:\/\/rioeresma.es\/wp-content\/uploads\/2022\/05\/faldon2-300x75.png 300w, https:\/\/rioeresma.es\/wp-content\/uploads\/2022\/05\/faldon2-768x191.png 768w, https:\/\/rioeresma.es\/wp-content\/uploads\/2022\/05\/faldon2.png 1384w\" sizes=\"(max-width: 800px) 100vw, 800px\" \/>\t\t\t\t\t\t\t\t\t\t\t\t\t\t\t<\/div>\n\t\t\t\t\t<\/div>\n\t\t<\/div>\n\t\t\t\t\t<\/div>\n\t\t<\/section>\n\t\t\t\t<section class=\"elementor-section elementor-top-section elementor-element elementor-element-cd065d5 elementor-section-full_width elementor-reverse-tablet elementor-reverse-mobile elementor-section-height-default elementor-section-height-default\" data-id=\"cd065d5\" data-element_type=\"section\" data-settings=\"{&quot;background_background&quot;:&quot;classic&quot;}\">\n\t\t\t\t\t\t<div class=\"elementor-container elementor-column-gap-default\">\n\t\t\t\t\t<div class=\"elementor-column elementor-col-50 elementor-top-column elementor-element elementor-element-7abbb71a\" data-id=\"7abbb71a\" data-element_type=\"column\">\n\t\t\t<div class=\"elementor-widget-wrap elementor-element-populated\">\n\t\t\t\t\t\t<div class=\"elementor-element elementor-element-6deb4599 elementor-widget elementor-widget-image\" data-id=\"6deb4599\" data-element_type=\"widget\" data-widget_type=\"image.default\">\n\t\t\t\t\t\t\t\t\t\t\t\t\t\t\t<img decoding=\"async\" width=\"768\" height=\"566\" src=\"https:\/\/rioeresma.es\/wp-content\/uploads\/2022\/05\/WhatsApp-Image-2022-03-31-at-6.17.44-PM-768x566.jpeg\" class=\"attachment-medium_large size-medium_large wp-image-31\" alt=\"\" srcset=\"https:\/\/rioeresma.es\/wp-content\/uploads\/2022\/05\/WhatsApp-Image-2022-03-31-at-6.17.44-PM-768x566.jpeg 768w, https:\/\/rioeresma.es\/wp-content\/uploads\/2022\/05\/WhatsApp-Image-2022-03-31-at-6.17.44-PM-600x443.jpeg 600w, https:\/\/rioeresma.es\/wp-content\/uploads\/2022\/05\/WhatsApp-Image-2022-03-31-at-6.17.44-PM-300x221.jpeg 300w, https:\/\/rioeresma.es\/wp-content\/uploads\/2022\/05\/WhatsApp-Image-2022-03-31-at-6.17.44-PM-1024x755.jpeg 1024w, https:\/\/rioeresma.es\/wp-content\/uploads\/2022\/05\/WhatsApp-Image-2022-03-31-at-6.17.44-PM-1536x1133.jpeg 1536w, https:\/\/rioeresma.es\/wp-content\/uploads\/2022\/05\/WhatsApp-Image-2022-03-31-at-6.17.44-PM.jpeg 1600w\" sizes=\"(max-width: 768px) 100vw, 768px\" \/>\t\t\t\t\t\t\t\t\t\t\t\t\t\t\t<\/div>\n\t\t\t\t\t<\/div>\n\t\t<\/div>\n\t\t\t\t<div class=\"elementor-column elementor-col-50 elementor-top-column elementor-element elementor-element-bb9e127\" data-id=\"bb9e127\" data-element_type=\"column\">\n\t\t\t<div class=\"elementor-widget-wrap elementor-element-populated\">\n\t\t\t\t\t\t<div class=\"elementor-element elementor-element-e3f630c elementor-widget elementor-widget-heading\" data-id=\"e3f630c\" data-element_type=\"widget\" data-widget_type=\"heading.default\">\n\t\t\t\t\t<h2 class=\"elementor-heading-title elementor-size-default\">VOULEZ-VOUS<br>NOUS VISITER ??<\/h2>\t\t\t\t<\/div>\n\t\t\t\t<div class=\"elementor-element elementor-element-9768679 elementor-widget elementor-widget-text-editor\" data-id=\"9768679\" data-element_type=\"widget\" data-widget_type=\"text-editor.default\">\n\t\t\t\t\t\t\t\t\t<p>Si vous \u00eates curieux de conna\u00eetre les champs dans lesquels les plantes qui se d\u00e9velopperont et plus tard  vous planterez dans vos champs, n'h\u00e9sitez pas \u00e0 organiser une visite.<br \/><br \/>Nous serons heureux de vous montrer nos installations et de discuter avec vous de notre processus  productif. <br \/><br \/>Il vous suffit de remplir le formulaire de contact et nous fixerons la date. <br \/><br \/>Paraje Quintanas s\/n 40280 <br \/>Navalmanzano <br \/>Segovia (Espa\u00f1a)<\/p>\t\t\t\t\t\t\t\t<\/div>\n\t\t\t\t\t<\/div>\n\t\t<\/div>\n\t\t\t\t\t<\/div>\n\t\t<\/section>\n\t\t\t\t<\/div>","protected":false},"excerpt":{"rendered":"<p>\u00bfPODEMOS AYUDARTE? Si necesitas contactar con nosotros puedes hacerlo de las siguientes formas: EMAIL viveros@rioeresma.com TEL\u00c9FONO 921575195 \u00bfQUIERES VENIRA VERNOS? Si sientes curiosidad por conocer los campos en los que se desarrollan las plantas que luego plantar\u00e1s en tus campos, no dudes en concertar una visita. Estaremos encantados de mostrarte nuestras instalaciones y charlar contigo [&hellip;]<\/p>","protected":false},"author":1,"featured_media":0,"parent":0,"menu_order":1,"comment_status":"closed","ping_status":"closed","template":"elementor_header_footer","meta":{"footnotes":""},"class_list":["post-67","page","type-page","status-publish","hentry"],"yoast_head":"<!-- This site is optimized with the Yoast SEO plugin v25.4 - https:\/\/yoast.com\/wordpress\/plugins\/seo\/ -->\n<title>Contacto - Viveros R\u00edo Eresma<\/title>\n<meta name=\"robots\" content=\"index, follow, max-snippet:-1, max-image-preview:large, max-video-preview:-1\" \/>\n<link rel=\"canonical\" href=\"https:\/\/rioeresma.es\/fr\/contacto\/\" \/>\n<meta property=\"og:locale\" content=\"fr_FR\" \/>\n<meta property=\"og:type\" content=\"article\" \/>\n<meta property=\"og:title\" content=\"Contacto - Viveros R\u00edo Eresma\" \/>\n<meta property=\"og:description\" content=\"\u00bfPODEMOS AYUDARTE? Si necesitas contactar con nosotros puedes hacerlo de las siguientes formas: EMAIL viveros@rioeresma.com TEL\u00c9FONO 921575195 \u00bfQUIERES VENIRA VERNOS? Si sientes curiosidad por conocer los campos en los que se desarrollan las plantas que luego plantar\u00e1s en tus campos, no dudes en concertar una visita. Estaremos encantados de mostrarte nuestras instalaciones y charlar contigo [&hellip;]\" \/>\n<meta property=\"og:url\" content=\"https:\/\/rioeresma.es\/fr\/contacto\/\" \/>\n<meta property=\"og:site_name\" content=\"Viveros R\u00edo Eresma\" \/>\n<meta property=\"article:publisher\" content=\"https:\/\/www.instagram.com\/rio_eresma_viveros\/\" \/>\n<meta property=\"article:modified_time\" content=\"2025-07-08T06:38:01+00:00\" \/>\n<meta property=\"og:image\" content=\"http:\/\/rioeresma.es\/wp-content\/uploads\/elementor\/thumbs\/contact-poxs4pskoog4fzalzd5elea7k7w5mzd3jypqnm4ueg.png\" \/>\n<meta name=\"twitter:card\" content=\"summary_large_image\" \/>\n<script type=\"application\/ld+json\" class=\"yoast-schema-graph\">{\"@context\":\"https:\/\/schema.org\",\"@graph\":[{\"@type\":\"WebPage\",\"@id\":\"https:\/\/rioeresma.es\/contacto\/\",\"url\":\"https:\/\/rioeresma.es\/contacto\/\",\"name\":\"Contacto - Viveros R\u00edo Eresma\",\"isPartOf\":{\"@id\":\"https:\/\/rioeresma.es\/#website\"},\"primaryImageOfPage\":{\"@id\":\"https:\/\/rioeresma.es\/contacto\/#primaryimage\"},\"image\":{\"@id\":\"https:\/\/rioeresma.es\/contacto\/#primaryimage\"},\"thumbnailUrl\":\"http:\/\/rioeresma.es\/wp-content\/uploads\/elementor\/thumbs\/contact-poxs4pskoog4fzalzd5elea7k7w5mzd3jypqnm4ueg.png\",\"datePublished\":\"2022-05-17T07:56:53+00:00\",\"dateModified\":\"2025-07-08T06:38:01+00:00\",\"breadcrumb\":{\"@id\":\"https:\/\/rioeresma.es\/contacto\/#breadcrumb\"},\"inLanguage\":\"fr-FR\",\"potentialAction\":[{\"@type\":\"ReadAction\",\"target\":[\"https:\/\/rioeresma.es\/contacto\/\"]}]},{\"@type\":\"ImageObject\",\"inLanguage\":\"fr-FR\",\"@id\":\"https:\/\/rioeresma.es\/contacto\/#primaryimage\",\"url\":\"http:\/\/rioeresma.es\/wp-content\/uploads\/elementor\/thumbs\/contact-poxs4pskoog4fzalzd5elea7k7w5mzd3jypqnm4ueg.png\",\"contentUrl\":\"http:\/\/rioeresma.es\/wp-content\/uploads\/elementor\/thumbs\/contact-poxs4pskoog4fzalzd5elea7k7w5mzd3jypqnm4ueg.png\"},{\"@type\":\"BreadcrumbList\",\"@id\":\"https:\/\/rioeresma.es\/contacto\/#breadcrumb\",\"itemListElement\":[{\"@type\":\"ListItem\",\"position\":1,\"name\":\"Portada\",\"item\":\"https:\/\/rioeresma.es\/\"},{\"@type\":\"ListItem\",\"position\":2,\"name\":\"Contacto\"}]},{\"@type\":\"WebSite\",\"@id\":\"https:\/\/rioeresma.es\/#website\",\"url\":\"https:\/\/rioeresma.es\/\",\"name\":\"Viveros R\u00edo Eresma\",\"description\":\"Viveros de plantas de fresas\",\"publisher\":{\"@id\":\"https:\/\/rioeresma.es\/#organization\"},\"alternateName\":\"viverosrioeresma.es\",\"potentialAction\":[{\"@type\":\"SearchAction\",\"target\":{\"@type\":\"EntryPoint\",\"urlTemplate\":\"https:\/\/rioeresma.es\/?s={search_term_string}\"},\"query-input\":{\"@type\":\"PropertyValueSpecification\",\"valueRequired\":true,\"valueName\":\"search_term_string\"}}],\"inLanguage\":\"fr-FR\"},{\"@type\":\"Organization\",\"@id\":\"https:\/\/rioeresma.es\/#organization\",\"name\":\"Viveros Rio Eresma SL\",\"alternateName\":\"viverosrioeresma.es\",\"url\":\"https:\/\/rioeresma.es\/\",\"logo\":{\"@type\":\"ImageObject\",\"inLanguage\":\"fr-FR\",\"@id\":\"https:\/\/rioeresma.es\/#\/schema\/logo\/image\/\",\"url\":\"https:\/\/rioeresma.es\/wp-content\/uploads\/2022\/05\/ri\u0301o-eresma_2.png\",\"contentUrl\":\"https:\/\/rioeresma.es\/wp-content\/uploads\/2022\/05\/ri\u0301o-eresma_2.png\",\"width\":1772,\"height\":1063,\"caption\":\"Viveros Rio Eresma SL\"},\"image\":{\"@id\":\"https:\/\/rioeresma.es\/#\/schema\/logo\/image\/\"},\"sameAs\":[\"https:\/\/www.instagram.com\/rio_eresma_viveros\/\"]}]}<\/script>\n<!-- \/ Yoast SEO plugin. -->","yoast_head_json":{"title":"Contacto - Viveros R\u00edo Eresma","robots":{"index":"index","follow":"follow","max-snippet":"max-snippet:-1","max-image-preview":"max-image-preview:large","max-video-preview":"max-video-preview:-1"},"canonical":"https:\/\/rioeresma.es\/fr\/contacto\/","og_locale":"fr_FR","og_type":"article","og_title":"Contacto - Viveros R\u00edo Eresma","og_description":"\u00bfPODEMOS AYUDARTE? Si necesitas contactar con nosotros puedes hacerlo de las siguientes formas: EMAIL viveros@rioeresma.com TEL\u00c9FONO 921575195 \u00bfQUIERES VENIRA VERNOS? Si sientes curiosidad por conocer los campos en los que se desarrollan las plantas que luego plantar\u00e1s en tus campos, no dudes en concertar una visita. Estaremos encantados de mostrarte nuestras instalaciones y charlar contigo [&hellip;]","og_url":"https:\/\/rioeresma.es\/fr\/contacto\/","og_site_name":"Viveros R\u00edo Eresma","article_publisher":"https:\/\/www.instagram.com\/rio_eresma_viveros\/","article_modified_time":"2025-07-08T06:38:01+00:00","og_image":[{"url":"http:\/\/rioeresma.es\/wp-content\/uploads\/elementor\/thumbs\/contact-poxs4pskoog4fzalzd5elea7k7w5mzd3jypqnm4ueg.png","type":"","width":"","height":""}],"twitter_card":"summary_large_image","schema":{"@context":"https:\/\/schema.org","@graph":[{"@type":"WebPage","@id":"https:\/\/rioeresma.es\/contacto\/","url":"https:\/\/rioeresma.es\/contacto\/","name":"Contacto - Viveros R\u00edo Eresma","isPartOf":{"@id":"https:\/\/rioeresma.es\/#website"},"primaryImageOfPage":{"@id":"https:\/\/rioeresma.es\/contacto\/#primaryimage"},"image":{"@id":"https:\/\/rioeresma.es\/contacto\/#primaryimage"},"thumbnailUrl":"http:\/\/rioeresma.es\/wp-content\/uploads\/elementor\/thumbs\/contact-poxs4pskoog4fzalzd5elea7k7w5mzd3jypqnm4ueg.png","datePublished":"2022-05-17T07:56:53+00:00","dateModified":"2025-07-08T06:38:01+00:00","breadcrumb":{"@id":"https:\/\/rioeresma.es\/contacto\/#breadcrumb"},"inLanguage":"fr-FR","potentialAction":[{"@type":"ReadAction","target":["https:\/\/rioeresma.es\/contacto\/"]}]},{"@type":"ImageObject","inLanguage":"fr-FR","@id":"https:\/\/rioeresma.es\/contacto\/#primaryimage","url":"http:\/\/rioeresma.es\/wp-content\/uploads\/elementor\/thumbs\/contact-poxs4pskoog4fzalzd5elea7k7w5mzd3jypqnm4ueg.png","contentUrl":"http:\/\/rioeresma.es\/wp-content\/uploads\/elementor\/thumbs\/contact-poxs4pskoog4fzalzd5elea7k7w5mzd3jypqnm4ueg.png"},{"@type":"BreadcrumbList","@id":"https:\/\/rioeresma.es\/contacto\/#breadcrumb","itemListElement":[{"@type":"ListItem","position":1,"name":"Portada","item":"https:\/\/rioeresma.es\/"},{"@type":"ListItem","position":2,"name":"Contacto"}]},{"@type":"WebSite","@id":"https:\/\/rioeresma.es\/#website","url":"https:\/\/rioeresma.es\/","name":"Viveros R\u00edo Eresma","description":"Viveros de plantas de fresas","publisher":{"@id":"https:\/\/rioeresma.es\/#organization"},"alternateName":"viverosrioeresma.es","potentialAction":[{"@type":"SearchAction","target":{"@type":"EntryPoint","urlTemplate":"https:\/\/rioeresma.es\/?s={search_term_string}"},"query-input":{"@type":"PropertyValueSpecification","valueRequired":true,"valueName":"search_term_string"}}],"inLanguage":"fr-FR"},{"@type":"Organization","@id":"https:\/\/rioeresma.es\/#organization","name":"Viveros Rio Eresma SL","alternateName":"viverosrioeresma.es","url":"https:\/\/rioeresma.es\/","logo":{"@type":"ImageObject","inLanguage":"fr-FR","@id":"https:\/\/rioeresma.es\/#\/schema\/logo\/image\/","url":"https:\/\/rioeresma.es\/wp-content\/uploads\/2022\/05\/ri\u0301o-eresma_2.png","contentUrl":"https:\/\/rioeresma.es\/wp-content\/uploads\/2022\/05\/ri\u0301o-eresma_2.png","width":1772,"height":1063,"caption":"Viveros Rio Eresma SL"},"image":{"@id":"https:\/\/rioeresma.es\/#\/schema\/logo\/image\/"},"sameAs":["https:\/\/www.instagram.com\/rio_eresma_viveros\/"]}]}},"_links":{"self":[{"href":"https:\/\/rioeresma.es\/fr\/wp-json\/wp\/v2\/pages\/67","targetHints":{"allow":["GET"]}}],"collection":[{"href":"https:\/\/rioeresma.es\/fr\/wp-json\/wp\/v2\/pages"}],"about":[{"href":"https:\/\/rioeresma.es\/fr\/wp-json\/wp\/v2\/types\/page"}],"author":[{"embeddable":true,"href":"https:\/\/rioeresma.es\/fr\/wp-json\/wp\/v2\/users\/1"}],"replies":[{"embeddable":true,"href":"https:\/\/rioeresma.es\/fr\/wp-json\/wp\/v2\/comments?post=67"}],"version-history":[{"count":13,"href":"https:\/\/rioeresma.es\/fr\/wp-json\/wp\/v2\/pages\/67\/revisions"}],"predecessor-version":[{"id":175,"href":"https:\/\/rioeresma.es\/fr\/wp-json\/wp\/v2\/pages\/67\/revisions\/175"}],"wp:attachment":[{"href":"https:\/\/rioeresma.es\/fr\/wp-json\/wp\/v2\/media?parent=67"}],"curies":[{"name":"wp","href":"https:\/\/api.w.org\/{rel}","templated":true}]}}